{"id":1959,"date":"2022-10-18T14:09:59","date_gmt":"2022-10-18T12:09:59","guid":{"rendered":"https:\/\/hotel-olympia.ch\/activites-dete\/e-bike\/"},"modified":"2022-10-28T11:32:58","modified_gmt":"2022-10-28T09:32:58","slug":"e-bike","status":"publish","type":"page","link":"https:\/\/hotel-olympia.ch\/fr\/activites-dete\/e-bike\/","title":{"rendered":"E-Bike"},"content":{"rendered":"\n<style type=\"text\/css\" data-created_by=\"avia_inline_auto\" id=\"style-css-av-iqgzs-c3bac416078416a4f2ee12152c0bd802\">\n.avia-section.av-iqgzs-c3bac416078416a4f2ee12152c0bd802 .av-parallax .av-parallax-inner{\nbackground-repeat:no-repeat;\nbackground-image:url(https:\/\/hotel-olympia.ch\/wp-content\/uploads\/2022\/05\/E-Bike-mieten-Saas-Almagell.jpeg);\nbackground-position:0% 100%;\nbackground-attachment:scroll;\n}\n.avia-section.av-iqgzs-c3bac416078416a4f2ee12152c0bd802 .av-section-color-overlay{\nopacity:0.6;\nbackground-color:#000000;\n}\n<\/style>\n<div id='av_section_1'  class='avia-section av-iqgzs-c3bac416078416a4f2ee12152c0bd802 main_color avia-section-default avia-shadow  avia-builder-el-0  el_before_av_section  avia-builder-el-first  banner avia-full-stretch av-parallax-section avia-bg-style-parallax av-section-color-overlay-active av-minimum-height av-minimum-height-25 av-height-25  container_wrap fullsize'  data-section-bg-repeat='stretch' data-av_minimum_height_pc='25' data-av_min_height_opt='25'><div class='av-parallax' data-avia-parallax-ratio='0.3' ><div class='av-parallax-inner main_color avia-full-stretch'><\/div><\/div><div class=\"av-section-color-overlay-wrap\"><div class=\"av-section-color-overlay\"><\/div><div class='container av-section-cont-open' ><main  role=\"main\" itemprop=\"mainContentOfPage\"  class='template-page content  av-content-full alpha units'><div class='post-entry post-entry-type-page post-entry-1959'><div class='entry-content-wrapper clearfix'>\n<\/div><\/div><\/main><!-- close content main element --><\/div><\/div><\/div><div id='av_section_2'  class='avia-section av-gaoi0-ca84cc48cb1029f2e67731146d7dce32 main_color avia-section-no-padding avia-no-border-styling  avia-builder-el-1  el_after_av_section  el_before_av_section  breadcrumbs-wrapper av-small-hide av-mini-hide avia-bg-style-scroll container_wrap fullsize'  ><div class='container av-section-cont-open' ><div class='template-page content  av-content-full alpha units'><div class='post-entry post-entry-type-page post-entry-1959'><div class='entry-content-wrapper clearfix'>\n<br \/>\n<section  class='av_textblock_section av-97vns-3a8f6444f66afe15b1d60e6a1386e811 '   itemscope=\"itemscope\" itemtype=\"https:\/\/schema.org\/CreativeWork\" ><div class='avia_textblock'  itemprop=\"text\" ><p style=\"text-align: center;\"><div class=\"breadcrumb breadcrumbs avia-breadcrumbs\"><div class=\"breadcrumb-trail\" ><span class=\"trail-before\"><span class=\"breadcrumb-title\">Vous \u00eates ici :<\/span><\/span> <span  itemscope=\"itemscope\" itemtype=\"https:\/\/schema.org\/BreadcrumbList\" ><span  itemscope=\"itemscope\" itemtype=\"https:\/\/schema.org\/ListItem\" itemprop=\"itemListElement\" ><a itemprop=\"url\" href=\"https:\/\/hotel-olympia.ch\/fr\/\" title=\"Hotel Olympia Saas-Almagell, Switzerland\" rel=\"home\" class=\"trail-begin\"><span itemprop=\"name\">Accueil<\/span><\/a><span itemprop=\"position\" class=\"hidden\">1<\/span><\/span><\/span><\/div><\/div><\/p>\n<\/div><\/section>\n\n<\/div><\/div><\/div><!-- close content main div --><\/div><\/div><div id='av_section_3'  class='avia-section av-kbufzd3s-98ae0d8c2b47888ed7f5db2e8f466e1a main_color avia-section-huge avia-shadow  avia-builder-el-3  el_after_av_section  avia-builder-el-last  avia-bg-style-scroll container_wrap fullsize'  ><div class='container av-section-cont-open' ><div class='template-page content  av-content-full alpha units'><div class='post-entry post-entry-type-page post-entry-1959'><div class='entry-content-wrapper clearfix'>\n<div  class='flex_column av-gydyg-806d76003497502366380405c5b00889 av_one_full  avia-builder-el-4  el_before_av_image  avia-builder-el-first  lead first flex_column_div  '     ><section  class='av_textblock_section av-bn0ao-509aebf3434fb065ad50bd0dc0ea6c1f '   itemscope=\"itemscope\" itemtype=\"https:\/\/schema.org\/CreativeWork\" ><div class='avia_textblock'  itemprop=\"text\" ><h1 style=\"text-align: center;\">Location d&rsquo;e-bikes \u00e0 Saas-Almagell pr\u00e8s de Saas-Fee<\/h1>\n<\/div><\/section><\/div>\n<style type=\"text\/css\" data-created_by=\"avia_inline_auto\" id=\"style-css-av-l9sambpl-f5fc0f2b27a479741d0985caa9dfc2dd\">\n.avia-image-container.av-l9sambpl-f5fc0f2b27a479741d0985caa9dfc2dd img.avia_image{\nbox-shadow:none;\n}\n.avia-image-container.av-l9sambpl-f5fc0f2b27a479741d0985caa9dfc2dd .av-image-caption-overlay-center{\ncolor:#ffffff;\n}\n<\/style>\n<div  class='avia-image-container av-l9sambpl-f5fc0f2b27a479741d0985caa9dfc2dd av-styling- avia-align-center  avia-builder-el-6  el_after_av_one_full  el_before_av_hr '   itemprop=\"image\" itemscope=\"itemscope\" itemtype=\"https:\/\/schema.org\/ImageObject\" ><div class=\"avia-image-container-inner\"><div class=\"avia-image-overlay-wrap\"><img decoding=\"async\" fetchpriority=\"high\" class='wp-image-2288 avia-img-lazy-loading-not-2288 avia_image ' src=\"https:\/\/hotel-olympia.ch\/wp-content\/uploads\/2022\/10\/E-Biken-Saas-Fee.jpeg\" alt='E-Biken bei Saas-Bee am Bergsee' title='E-Biken Saas-Fee'  height=\"1600\" width=\"2400\"  itemprop=\"thumbnailUrl\" srcset=\"https:\/\/hotel-olympia.ch\/wp-content\/uploads\/2022\/10\/E-Biken-Saas-Fee.jpeg 2400w, https:\/\/hotel-olympia.ch\/wp-content\/uploads\/2022\/10\/E-Biken-Saas-Fee-1024x683.jpeg 1024w, https:\/\/hotel-olympia.ch\/wp-content\/uploads\/2022\/10\/E-Biken-Saas-Fee-1030x687.jpeg 1030w, https:\/\/hotel-olympia.ch\/wp-content\/uploads\/2022\/10\/E-Biken-Saas-Fee-768x512.jpeg 768w, https:\/\/hotel-olympia.ch\/wp-content\/uploads\/2022\/10\/E-Biken-Saas-Fee-1536x1024.jpeg 1536w, https:\/\/hotel-olympia.ch\/wp-content\/uploads\/2022\/10\/E-Biken-Saas-Fee-2048x1365.jpeg 2048w, https:\/\/hotel-olympia.ch\/wp-content\/uploads\/2022\/10\/E-Biken-Saas-Fee-1500x1000.jpeg 1500w, https:\/\/hotel-olympia.ch\/wp-content\/uploads\/2022\/10\/E-Biken-Saas-Fee-705x470.jpeg 705w\" sizes=\"(max-width: 2400px) 100vw, 2400px\" \/><\/div><\/div><\/div>\n<div  class='hr av-av_hr-91d7ccd583a503147498e120fee2ff9b hr-default  avia-builder-el-7  el_after_av_image  el_before_av_textblock '><span class='hr-inner '><span class=\"hr-inner-style\"><\/span><\/span><\/div>\n<section  class='av_textblock_section av-l2zul8ob-2a7dcc0f5abaaeda0cb25adaf8e2b3b2 '   itemscope=\"itemscope\" itemtype=\"https:\/\/schema.org\/CreativeWork\" ><div class='avia_textblock'  itemprop=\"text\" ><h2>Location d&rsquo;e-bikes directement \u00e0 l&rsquo;h\u00f4tel Olympia<\/h2>\n<p>Une nouvelle fa\u00e7on de d\u00e9couvrir Saas-Fee: en e-bike!<\/p>\n<p>Saas-Almagell est situ\u00e9 dans les Alpes suisses, \u00e0 proximit\u00e9 de Saas-Fee. Cette r\u00e9gion poss\u00e8de un paysage magnifique avec des prairies verdoyantes, des lacs glaciaires et des cascades cristallines. C&rsquo;est une destination id\u00e9ale pour les randonneurs, les v\u00e9t\u00e9tistes et les amoureux de la nature, qui peuvent profiter de vues spectaculaires lors de leurs promenades ou de leurs randonn\u00e9es en montagne.<\/p>\n<p>Les plus aventureux loueront un v\u00e9lo \u00e9lectrique pour explorer la r\u00e9gion. L&rsquo;h\u00f4tel Olympia \u00e0 Saas-Almagell dispose de son propre service de location de v\u00e9los \u00e9lectriques, o\u00f9 les clients peuvent louer des v\u00e9los pour une journ\u00e9e ou pour des p\u00e9riodes plus longues, selon leurs besoins et leurs pr\u00e9f\u00e9rences. Vous aurez ainsi suffisamment de temps pour explorer les environs sur deux roues. Vous pouvez commencer votre tour \u00e0 notre h\u00f4tel et explorer les environs sans devoir prendre une voiture ou un bus.<\/p>\n<p><a href=\"https:\/\/hotel-olympia.ch\/fr\/contact\/\" target=\"_blank\" rel=\"noopener\">Demande de location d&rsquo;un e-bike<\/a><\/p>\n<\/div><\/section>\n<div  class='flex_column av-4bf0nx-8ca4673ad20b02532edac9888a7867bd av_two_third  avia-builder-el-9  el_after_av_textblock  avia-builder-el-last  first flex_column_div  column-top-margin'     ><\/div>\n","protected":false},"excerpt":{"rendered":"","protected":false},"author":3,"featured_media":0,"parent":1472,"menu_order":0,"comment_status":"closed","ping_status":"closed","template":"","meta":{"footnotes":""},"class_list":["post-1959","page","type-page","status-publish","hentry"],"yoast_head":"<!-- This site is optimized with the Yoast SEO plugin v27.3 - https:\/\/yoast.com\/product\/yoast-seo-wordpress\/ -->\n<title>Location d&#039;e-bikes \u00e0 Saas-Almagell | Hotel Olympia<\/title>\n<meta name=\"description\" content=\"L&#039;h\u00f4tel Olympia \u00e0 Saas-Almagell dispose d&#039;une location de v\u00e9los \u00e9lectriques, o\u00f9 les clients peuvent louer des v\u00e9los \u00e9lectriques.\" \/>\n<meta name=\"robots\" content=\"index, follow, max-snippet:-1, max-image-preview:large, max-video-preview:-1\" \/>\n<link rel=\"canonical\" href=\"https:\/\/hotel-olympia.ch\/fr\/activites-dete\/e-bike\/\" \/>\n<meta property=\"og:locale\" content=\"fr_FR\" \/>\n<meta property=\"og:type\" content=\"article\" \/>\n<meta property=\"og:title\" content=\"Location d&#039;e-bikes \u00e0 Saas-Almagell | Hotel Olympia\" \/>\n<meta property=\"og:description\" content=\"L&#039;h\u00f4tel Olympia \u00e0 Saas-Almagell dispose d&#039;une location de v\u00e9los \u00e9lectriques, o\u00f9 les clients peuvent louer des v\u00e9los \u00e9lectriques.\" \/>\n<meta property=\"og:url\" content=\"https:\/\/hotel-olympia.ch\/fr\/activites-dete\/e-bike\/\" \/>\n<meta property=\"og:site_name\" content=\"Hotel Olympia Saas-Almagell, Switzerland\" \/>\n<meta property=\"article:modified_time\" content=\"2022-10-28T09:32:58+00:00\" \/>\n<meta name=\"twitter:card\" content=\"summary_large_image\" \/>\n<meta name=\"twitter:label1\" content=\"Dur\u00e9e de lecture estim\u00e9e\" \/>\n\t<meta name=\"twitter:data1\" content=\"4 minutes\" \/>\n<script type=\"application\/ld+json\" class=\"yoast-schema-graph\">{\"@context\":\"https:\\\/\\\/schema.org\",\"@graph\":[{\"@type\":\"WebPage\",\"@id\":\"https:\\\/\\\/hotel-olympia.ch\\\/fr\\\/activites-dete\\\/e-bike\\\/\",\"url\":\"https:\\\/\\\/hotel-olympia.ch\\\/fr\\\/activites-dete\\\/e-bike\\\/\",\"name\":\"Location d'e-bikes \u00e0 Saas-Almagell | Hotel Olympia\",\"isPartOf\":{\"@id\":\"https:\\\/\\\/hotel-olympia.ch\\\/fr\\\/#website\"},\"datePublished\":\"2022-10-18T12:09:59+00:00\",\"dateModified\":\"2022-10-28T09:32:58+00:00\",\"description\":\"L'h\u00f4tel Olympia \u00e0 Saas-Almagell dispose d'une location de v\u00e9los \u00e9lectriques, o\u00f9 les clients peuvent louer des v\u00e9los \u00e9lectriques.\",\"breadcrumb\":{\"@id\":\"https:\\\/\\\/hotel-olympia.ch\\\/fr\\\/activites-dete\\\/e-bike\\\/#breadcrumb\"},\"inLanguage\":\"fr-FR\",\"potentialAction\":[{\"@type\":\"ReadAction\",\"target\":[\"https:\\\/\\\/hotel-olympia.ch\\\/fr\\\/activites-dete\\\/e-bike\\\/\"]}]},{\"@type\":\"BreadcrumbList\",\"@id\":\"https:\\\/\\\/hotel-olympia.ch\\\/fr\\\/activites-dete\\\/e-bike\\\/#breadcrumb\",\"itemListElement\":[{\"@type\":\"ListItem\",\"position\":1,\"name\":\"Startseite\",\"item\":\"https:\\\/\\\/hotel-olympia.ch\\\/fr\\\/home\\\/\"},{\"@type\":\"ListItem\",\"position\":2,\"name\":\"Activit\u00e9s d\u2019\u00e9t\u00e9\",\"item\":\"https:\\\/\\\/hotel-olympia.ch\\\/fr\\\/activites-dete\\\/\"},{\"@type\":\"ListItem\",\"position\":3,\"name\":\"E-Bike\"}]},{\"@type\":\"WebSite\",\"@id\":\"https:\\\/\\\/hotel-olympia.ch\\\/fr\\\/#website\",\"url\":\"https:\\\/\\\/hotel-olympia.ch\\\/fr\\\/\",\"name\":\"Hotel Olympia Saas-Almagell, Switzerland\",\"description\":\"\",\"potentialAction\":[{\"@type\":\"SearchAction\",\"target\":{\"@type\":\"EntryPoint\",\"urlTemplate\":\"https:\\\/\\\/hotel-olympia.ch\\\/fr\\\/?s={search_term_string}\"},\"query-input\":{\"@type\":\"PropertyValueSpecification\",\"valueRequired\":true,\"valueName\":\"search_term_string\"}}],\"inLanguage\":\"fr-FR\"}]}<\/script>\n<!-- \/ Yoast SEO plugin. -->","yoast_head_json":{"title":"Location d'e-bikes \u00e0 Saas-Almagell | Hotel Olympia","description":"L'h\u00f4tel Olympia \u00e0 Saas-Almagell dispose d'une location de v\u00e9los \u00e9lectriques, o\u00f9 les clients peuvent louer des v\u00e9los \u00e9lectriques.","robots":{"index":"index","follow":"follow","max-snippet":"max-snippet:-1","max-image-preview":"max-image-preview:large","max-video-preview":"max-video-preview:-1"},"canonical":"https:\/\/hotel-olympia.ch\/fr\/activites-dete\/e-bike\/","og_locale":"fr_FR","og_type":"article","og_title":"Location d'e-bikes \u00e0 Saas-Almagell | Hotel Olympia","og_description":"L'h\u00f4tel Olympia \u00e0 Saas-Almagell dispose d'une location de v\u00e9los \u00e9lectriques, o\u00f9 les clients peuvent louer des v\u00e9los \u00e9lectriques.","og_url":"https:\/\/hotel-olympia.ch\/fr\/activites-dete\/e-bike\/","og_site_name":"Hotel Olympia Saas-Almagell, Switzerland","article_modified_time":"2022-10-28T09:32:58+00:00","twitter_card":"summary_large_image","twitter_misc":{"Dur\u00e9e de lecture estim\u00e9e":"4 minutes"},"schema":{"@context":"https:\/\/schema.org","@graph":[{"@type":"WebPage","@id":"https:\/\/hotel-olympia.ch\/fr\/activites-dete\/e-bike\/","url":"https:\/\/hotel-olympia.ch\/fr\/activites-dete\/e-bike\/","name":"Location d'e-bikes \u00e0 Saas-Almagell | Hotel Olympia","isPartOf":{"@id":"https:\/\/hotel-olympia.ch\/fr\/#website"},"datePublished":"2022-10-18T12:09:59+00:00","dateModified":"2022-10-28T09:32:58+00:00","description":"L'h\u00f4tel Olympia \u00e0 Saas-Almagell dispose d'une location de v\u00e9los \u00e9lectriques, o\u00f9 les clients peuvent louer des v\u00e9los \u00e9lectriques.","breadcrumb":{"@id":"https:\/\/hotel-olympia.ch\/fr\/activites-dete\/e-bike\/#breadcrumb"},"inLanguage":"fr-FR","potentialAction":[{"@type":"ReadAction","target":["https:\/\/hotel-olympia.ch\/fr\/activites-dete\/e-bike\/"]}]},{"@type":"BreadcrumbList","@id":"https:\/\/hotel-olympia.ch\/fr\/activites-dete\/e-bike\/#breadcrumb","itemListElement":[{"@type":"ListItem","position":1,"name":"Startseite","item":"https:\/\/hotel-olympia.ch\/fr\/home\/"},{"@type":"ListItem","position":2,"name":"Activit\u00e9s d\u2019\u00e9t\u00e9","item":"https:\/\/hotel-olympia.ch\/fr\/activites-dete\/"},{"@type":"ListItem","position":3,"name":"E-Bike"}]},{"@type":"WebSite","@id":"https:\/\/hotel-olympia.ch\/fr\/#website","url":"https:\/\/hotel-olympia.ch\/fr\/","name":"Hotel Olympia Saas-Almagell, Switzerland","description":"","potentialAction":[{"@type":"SearchAction","target":{"@type":"EntryPoint","urlTemplate":"https:\/\/hotel-olympia.ch\/fr\/?s={search_term_string}"},"query-input":{"@type":"PropertyValueSpecification","valueRequired":true,"valueName":"search_term_string"}}],"inLanguage":"fr-FR"}]}},"_links":{"self":[{"href":"https:\/\/hotel-olympia.ch\/fr\/wp-json\/wp\/v2\/pages\/1959","targetHints":{"allow":["GET"]}}],"collection":[{"href":"https:\/\/hotel-olympia.ch\/fr\/wp-json\/wp\/v2\/pages"}],"about":[{"href":"https:\/\/hotel-olympia.ch\/fr\/wp-json\/wp\/v2\/types\/page"}],"author":[{"embeddable":true,"href":"https:\/\/hotel-olympia.ch\/fr\/wp-json\/wp\/v2\/users\/3"}],"replies":[{"embeddable":true,"href":"https:\/\/hotel-olympia.ch\/fr\/wp-json\/wp\/v2\/comments?post=1959"}],"version-history":[{"count":4,"href":"https:\/\/hotel-olympia.ch\/fr\/wp-json\/wp\/v2\/pages\/1959\/revisions"}],"predecessor-version":[{"id":2329,"href":"https:\/\/hotel-olympia.ch\/fr\/wp-json\/wp\/v2\/pages\/1959\/revisions\/2329"}],"up":[{"embeddable":true,"href":"https:\/\/hotel-olympia.ch\/fr\/wp-json\/wp\/v2\/pages\/1472"}],"wp:attachment":[{"href":"https:\/\/hotel-olympia.ch\/fr\/wp-json\/wp\/v2\/media?parent=1959"}],"curies":[{"name":"wp","href":"https:\/\/api.w.org\/{rel}","templated":true}]}}