{"id":1648,"date":"2021-12-23T15:11:09","date_gmt":"2021-12-23T14:11:09","guid":{"rendered":"https:\/\/neu.hotel-olympia.ch\/impressum\/"},"modified":"2022-11-01T13:24:26","modified_gmt":"2022-11-01T12:24:26","slug":"impressum","status":"publish","type":"page","link":"https:\/\/hotel-olympia.ch\/fr\/impressum\/","title":{"rendered":"Impressum"},"content":{"rendered":"\n<style type=\"text\/css\" data-created_by=\"avia_inline_auto\" id=\"style-css-av-kbufyxg1-42b2922cc8db57821d4e549e25a6c5bb\">\n.avia-section.av-kbufyxg1-42b2922cc8db57821d4e549e25a6c5bb .av-parallax .av-parallax-inner{\nbackground-repeat:no-repeat;\nbackground-image:url(https:\/\/hotel-olympia.ch\/wp-content\/uploads\/2021\/11\/foto-per-IMPRESUM-.png);\nbackground-position:50% 50%;\nbackground-attachment:scroll;\n}\n.avia-section.av-kbufyxg1-42b2922cc8db57821d4e549e25a6c5bb .av-section-color-overlay{\nopacity:0.6;\nbackground-color:#000000;\n}\n<\/style>\n<div id='av_section_1'  class='avia-section av-kbufyxg1-42b2922cc8db57821d4e549e25a6c5bb main_color avia-section-default avia-shadow  avia-builder-el-0  el_before_av_section  avia-builder-el-first  banner avia-full-stretch av-parallax-section avia-bg-style-parallax av-section-color-overlay-active av-minimum-height av-minimum-height-25 av-height-25  container_wrap fullsize'  data-section-bg-repeat='stretch' data-av_minimum_height_pc='25' data-av_min_height_opt='25'><div class='av-parallax' data-avia-parallax-ratio='0.3' ><div class='av-parallax-inner main_color avia-full-stretch'><\/div><\/div><div class=\"av-section-color-overlay-wrap\"><div class=\"av-section-color-overlay\"><\/div><div class='container av-section-cont-open' ><main  role=\"main\" itemprop=\"mainContentOfPage\"  class='template-page content  av-content-full alpha units'><div class='post-entry post-entry-type-page post-entry-1648'><div class='entry-content-wrapper clearfix'>\n<\/div><\/div><\/main><!-- close content main element --><\/div><\/div><\/div><div id='av_section_2'  class='avia-section av-kvoclmrn-4f0fcbdff44af1193929799dbba83f46 main_color avia-section-no-padding avia-no-border-styling  avia-builder-el-1  el_after_av_section  el_before_av_section  breadcrumbs-wrapper av-small-hide av-mini-hide avia-bg-style-scroll container_wrap fullsize'  ><div class='container av-section-cont-open' ><div class='template-page content  av-content-full alpha units'><div class='post-entry post-entry-type-page post-entry-1648'><div class='entry-content-wrapper clearfix'>\n<section  class='av_textblock_section av-kvo4zj6s-d6ae1d82c9f3b7f7c2b706fb8c5b59a8 '   itemscope=\"itemscope\" itemtype=\"https:\/\/schema.org\/CreativeWork\" ><div class='avia_textblock'  itemprop=\"text\" ><p style=\"text-align: center;\"><div class=\"breadcrumb breadcrumbs avia-breadcrumbs\"><div class=\"breadcrumb-trail\" ><span class=\"trail-before\"><span class=\"breadcrumb-title\">Vous \u00eates ici :<\/span><\/span> <span  itemscope=\"itemscope\" itemtype=\"https:\/\/schema.org\/BreadcrumbList\" ><span  itemscope=\"itemscope\" itemtype=\"https:\/\/schema.org\/ListItem\" itemprop=\"itemListElement\" ><a itemprop=\"url\" href=\"https:\/\/hotel-olympia.ch\/fr\/\" title=\"Hotel Olympia Saas-Almagell, Switzerland\" rel=\"home\" class=\"trail-begin\"><span itemprop=\"name\">Accueil<\/span><\/a><span itemprop=\"position\" class=\"hidden\">1<\/span><\/span><\/span><\/div><\/div><\/p>\n<\/div><\/section>\n\n<\/div><\/div><\/div><!-- close content main div --><\/div><\/div><div id='av_section_3'  class='avia-section av-19odt-8789cb2bfa089df6a8a199167b088882 main_color avia-section-huge avia-shadow  avia-builder-el-3  el_after_av_section  avia-builder-el-last  avia-bg-style-scroll container_wrap fullsize'  ><div class='container av-section-cont-open' ><div class='template-page content  av-content-full alpha units'><div class='post-entry post-entry-type-page post-entry-1648'><div class='entry-content-wrapper clearfix'>\n<div  class='flex_column av-qmkx-450e9f8a9f8d18b02f42afc5cb477b9a av_one_full  avia-builder-el-4  el_before_av_one_full  avia-builder-el-first  lead first flex_column_div  '     ><section  class='av_textblock_section av-kvv5cff9-db985469791db2fef5c9655ec2210093 '   itemscope=\"itemscope\" itemtype=\"https:\/\/schema.org\/CreativeWork\" ><div class='avia_textblock'  itemprop=\"text\" ><h1 style=\"text-align: center;\">Mentions l\u00e9gales<\/h1>\n<\/div><\/section><\/div><div  class='flex_column av-p20t-0e92248232275b3eca55e49a1e4fd6a2 av_one_full  avia-builder-el-6  el_after_av_one_full  avia-builder-el-last  first flex_column_div  column-top-margin'     ><section  class='av_textblock_section av-kvo4s50b-5b08d8c9d37179c77c6b39381d3413bc '   itemscope=\"itemscope\" itemtype=\"https:\/\/schema.org\/CreativeWork\" ><div class='avia_textblock'  itemprop=\"text\" ><h3>Responsable du contenu<\/h3>\n<p>Hotel &amp; Restaurant Olympia<br \/>\nFamilie Hansj\u00f6rg und Marlyse Zurbriggen<br \/>\nFurusandstrasse 7<br \/>\n3905 Saas-Almagell, Valais, Suisse<br \/>\nTel.: +41 (0)27 957 16 76<br \/>\n&#x77;&#x65;&#x6c;&#x63;&#x6f;&#x6d;&#x65;&#x40;&#x68;&#x6f;&#x74;&#101;&#108;&#45;&#111;&#108;&#121;&#109;pia&#46;ch<br \/>\nwww.hotel-olympia.ch<\/p>\n<h3>Droits d&rsquo;auteur<\/h3>\n<p>Le droit d&rsquo;auteur pour tout le contenu de ce site Web appartient \u00e0 l&rsquo;H\u00f4tel &amp; Restaurant Olympia, Saas-Almagell.<\/p>\n<h3>Programmation, impl\u00e9mentation et hosting<\/h3>\n<p>BAR Informatik AG<br \/>\nWeidenweg 235<br \/>\n3902 Glis, Valais, Suisse<br \/>\nTel.: +41 27 922 48 48<br \/>\ni&#110;&#102;&#111;&#x40;&#x62;&#x61;ri&#110;&#102;&#x6f;&#x72;&#x6d;&#x61;ti&#107;&#46;&#x63;&#x68;<br \/>\nwww.barinformatik.ch<\/p>\n<h3>Photos &amp; Vid\u00e9os<\/h3>\n<p>Productions internes et utilisation d&rsquo;images et de vid\u00e9os provenant des sites Web et des pages de m\u00e9dias sociaux de nos partenaires, selon les sources mat\u00e9rielles suivantes:<br \/>\n<strong>Saas-Fee\/Saastal Webshop GmbH<\/strong><br \/>\nObere Dorfstrasse 2<br \/>\n3906 Saas-Fee, Valais, Suisse<br \/>\nTel.: +41 (0) 27 958 18 58<br \/>\n&#115;&#x75;p&#112;&#x6f;r&#116;&#x40;s&#x61;&#x61;&#115;&#x2d;f&#101;&#x65;&#46;&#99;&#x68;<br \/>\nwww.saas-fee.ch<\/p>\n<h3>Valais Promotion<\/h3>\n<p>Rue Pr\u00e9 Fleuri 6<br \/>\nPostfach 1469<br \/>\n1951 Sion, Valais, Suisse<br \/>\nTel.: +41 (0) 27 327 35 90<br \/>\n&#105;n&#x66;o&#x40;v&#x61;l&#x61;&#105;&#x73;&#46;&#x63;&#104;<br \/>\nwww.valais.ch<\/p>\n<h3>Clause de non-responsabilit\u00e9<\/h3>\n<p>L&rsquo;auteur d\u00e9cline toute responsabilit\u00e9 quant \u00e0 l&rsquo;exactitude, la pr\u00e9cision, l&rsquo;actualit\u00e9, la fiabilit\u00e9 et l&rsquo;exhaustivit\u00e9 des informations.<br \/>\nLes pr\u00e9tentions en responsabilit\u00e9 \u00e0 l&rsquo;encontre de l&rsquo;auteur pour des dommages mat\u00e9riels ou immat\u00e9riels r\u00e9sultant de l&rsquo;acc\u00e8s, de l&rsquo;utilisation ou de la non-utilisation des informations publi\u00e9es, d&rsquo;une mauvaise utilisation de la connexion ou de d\u00e9fauts techniques sont exclues.<br \/>\nToutes les offres sont sans engagement. L&rsquo;auteur se r\u00e9serve express\u00e9ment le droit de modifier, de compl\u00e9ter ou de supprimer des parties de pages ou l&rsquo;ensemble de l&rsquo;offre sans pr\u00e9avis ou d&rsquo;interrompre temporairement ou d\u00e9finitivement la publication.<br \/>\nResponsabilit\u00e9 pour les liens<\/p>\n<p>Les r\u00e9f\u00e9rences et les liens vers des sites Web tiers ne rel\u00e8vent pas de notre domaine de responsabilit\u00e9. Il a rejet\u00e9 toute responsabilit\u00e9 pour ces sites Web. L&rsquo;acc\u00e8s et l&rsquo;utilisation de ces sites Web se font aux risques et p\u00e9rils de l&rsquo;utilisateur.<\/p>\n<p><a href=\"https:\/\/hotel-olympia.ch\/fr\/protection-des-donnees\/\" target=\"_blank\" rel=\"noopener\">Protection des donn\u00e9es<\/a><\/p>\n<\/div><\/section><\/div>\n","protected":false},"excerpt":{"rendered":"","protected":false},"author":3,"featured_media":0,"parent":0,"menu_order":0,"comment_status":"closed","ping_status":"closed","template":"","meta":{"footnotes":""},"class_list":["post-1648","page","type-page","status-publish","hentry"],"yoast_head":"<!-- This site is optimized with the Yoast SEO plugin v27.3 - https:\/\/yoast.com\/product\/yoast-seo-wordpress\/ -->\n<title>Mentions l\u00e9gales | Hotel Olympia<\/title>\n<meta name=\"description\" content=\"Responsable du contenu: Hotel Restaurant Olympia, famille Hansj\u00f6rg et Marlyse Zurbriggen, Furusandstrasse 7, 3905 Saas-Almagell.\" \/>\n<meta name=\"robots\" content=\"index, follow, max-snippet:-1, max-image-preview:large, max-video-preview:-1\" \/>\n<link rel=\"canonical\" href=\"https:\/\/hotel-olympia.ch\/fr\/impressum\/\" \/>\n<meta property=\"og:locale\" content=\"fr_FR\" \/>\n<meta property=\"og:type\" content=\"article\" \/>\n<meta property=\"og:title\" content=\"Mentions l\u00e9gales | Hotel Olympia\" \/>\n<meta property=\"og:description\" content=\"Responsable du contenu: Hotel Restaurant Olympia, famille Hansj\u00f6rg et Marlyse Zurbriggen, Furusandstrasse 7, 3905 Saas-Almagell.\" \/>\n<meta property=\"og:url\" content=\"https:\/\/hotel-olympia.ch\/fr\/impressum\/\" \/>\n<meta property=\"og:site_name\" content=\"Hotel Olympia Saas-Almagell, Switzerland\" \/>\n<meta property=\"article:modified_time\" content=\"2022-11-01T12:24:26+00:00\" \/>\n<meta name=\"twitter:card\" content=\"summary_large_image\" \/>\n<meta name=\"twitter:label1\" content=\"Dur\u00e9e de lecture estim\u00e9e\" \/>\n\t<meta name=\"twitter:data1\" content=\"4 minutes\" \/>\n<script type=\"application\/ld+json\" class=\"yoast-schema-graph\">{\"@context\":\"https:\\\/\\\/schema.org\",\"@graph\":[{\"@type\":\"WebPage\",\"@id\":\"https:\\\/\\\/hotel-olympia.ch\\\/fr\\\/impressum\\\/\",\"url\":\"https:\\\/\\\/hotel-olympia.ch\\\/fr\\\/impressum\\\/\",\"name\":\"Mentions l\u00e9gales | Hotel Olympia\",\"isPartOf\":{\"@id\":\"https:\\\/\\\/hotel-olympia.ch\\\/fr\\\/#website\"},\"datePublished\":\"2021-12-23T14:11:09+00:00\",\"dateModified\":\"2022-11-01T12:24:26+00:00\",\"description\":\"Responsable du contenu: Hotel Restaurant Olympia, famille Hansj\u00f6rg et Marlyse Zurbriggen, Furusandstrasse 7, 3905 Saas-Almagell.\",\"breadcrumb\":{\"@id\":\"https:\\\/\\\/hotel-olympia.ch\\\/fr\\\/impressum\\\/#breadcrumb\"},\"inLanguage\":\"fr-FR\",\"potentialAction\":[{\"@type\":\"ReadAction\",\"target\":[\"https:\\\/\\\/hotel-olympia.ch\\\/fr\\\/impressum\\\/\"]}]},{\"@type\":\"BreadcrumbList\",\"@id\":\"https:\\\/\\\/hotel-olympia.ch\\\/fr\\\/impressum\\\/#breadcrumb\",\"itemListElement\":[{\"@type\":\"ListItem\",\"position\":1,\"name\":\"Startseite\",\"item\":\"https:\\\/\\\/hotel-olympia.ch\\\/fr\\\/home\\\/\"},{\"@type\":\"ListItem\",\"position\":2,\"name\":\"Impressum\"}]},{\"@type\":\"WebSite\",\"@id\":\"https:\\\/\\\/hotel-olympia.ch\\\/fr\\\/#website\",\"url\":\"https:\\\/\\\/hotel-olympia.ch\\\/fr\\\/\",\"name\":\"Hotel Olympia Saas-Almagell, Switzerland\",\"description\":\"\",\"potentialAction\":[{\"@type\":\"SearchAction\",\"target\":{\"@type\":\"EntryPoint\",\"urlTemplate\":\"https:\\\/\\\/hotel-olympia.ch\\\/fr\\\/?s={search_term_string}\"},\"query-input\":{\"@type\":\"PropertyValueSpecification\",\"valueRequired\":true,\"valueName\":\"search_term_string\"}}],\"inLanguage\":\"fr-FR\"}]}<\/script>\n<!-- \/ Yoast SEO plugin. -->","yoast_head_json":{"title":"Mentions l\u00e9gales | Hotel Olympia","description":"Responsable du contenu: Hotel Restaurant Olympia, famille Hansj\u00f6rg et Marlyse Zurbriggen, Furusandstrasse 7, 3905 Saas-Almagell.","robots":{"index":"index","follow":"follow","max-snippet":"max-snippet:-1","max-image-preview":"max-image-preview:large","max-video-preview":"max-video-preview:-1"},"canonical":"https:\/\/hotel-olympia.ch\/fr\/impressum\/","og_locale":"fr_FR","og_type":"article","og_title":"Mentions l\u00e9gales | Hotel Olympia","og_description":"Responsable du contenu: Hotel Restaurant Olympia, famille Hansj\u00f6rg et Marlyse Zurbriggen, Furusandstrasse 7, 3905 Saas-Almagell.","og_url":"https:\/\/hotel-olympia.ch\/fr\/impressum\/","og_site_name":"Hotel Olympia Saas-Almagell, Switzerland","article_modified_time":"2022-11-01T12:24:26+00:00","twitter_card":"summary_large_image","twitter_misc":{"Dur\u00e9e de lecture estim\u00e9e":"4 minutes"},"schema":{"@context":"https:\/\/schema.org","@graph":[{"@type":"WebPage","@id":"https:\/\/hotel-olympia.ch\/fr\/impressum\/","url":"https:\/\/hotel-olympia.ch\/fr\/impressum\/","name":"Mentions l\u00e9gales | Hotel Olympia","isPartOf":{"@id":"https:\/\/hotel-olympia.ch\/fr\/#website"},"datePublished":"2021-12-23T14:11:09+00:00","dateModified":"2022-11-01T12:24:26+00:00","description":"Responsable du contenu: Hotel Restaurant Olympia, famille Hansj\u00f6rg et Marlyse Zurbriggen, Furusandstrasse 7, 3905 Saas-Almagell.","breadcrumb":{"@id":"https:\/\/hotel-olympia.ch\/fr\/impressum\/#breadcrumb"},"inLanguage":"fr-FR","potentialAction":[{"@type":"ReadAction","target":["https:\/\/hotel-olympia.ch\/fr\/impressum\/"]}]},{"@type":"BreadcrumbList","@id":"https:\/\/hotel-olympia.ch\/fr\/impressum\/#breadcrumb","itemListElement":[{"@type":"ListItem","position":1,"name":"Startseite","item":"https:\/\/hotel-olympia.ch\/fr\/home\/"},{"@type":"ListItem","position":2,"name":"Impressum"}]},{"@type":"WebSite","@id":"https:\/\/hotel-olympia.ch\/fr\/#website","url":"https:\/\/hotel-olympia.ch\/fr\/","name":"Hotel Olympia Saas-Almagell, Switzerland","description":"","potentialAction":[{"@type":"SearchAction","target":{"@type":"EntryPoint","urlTemplate":"https:\/\/hotel-olympia.ch\/fr\/?s={search_term_string}"},"query-input":{"@type":"PropertyValueSpecification","valueRequired":true,"valueName":"search_term_string"}}],"inLanguage":"fr-FR"}]}},"_links":{"self":[{"href":"https:\/\/hotel-olympia.ch\/fr\/wp-json\/wp\/v2\/pages\/1648","targetHints":{"allow":["GET"]}}],"collection":[{"href":"https:\/\/hotel-olympia.ch\/fr\/wp-json\/wp\/v2\/pages"}],"about":[{"href":"https:\/\/hotel-olympia.ch\/fr\/wp-json\/wp\/v2\/types\/page"}],"author":[{"embeddable":true,"href":"https:\/\/hotel-olympia.ch\/fr\/wp-json\/wp\/v2\/users\/3"}],"replies":[{"embeddable":true,"href":"https:\/\/hotel-olympia.ch\/fr\/wp-json\/wp\/v2\/comments?post=1648"}],"version-history":[{"count":12,"href":"https:\/\/hotel-olympia.ch\/fr\/wp-json\/wp\/v2\/pages\/1648\/revisions"}],"predecessor-version":[{"id":2648,"href":"https:\/\/hotel-olympia.ch\/fr\/wp-json\/wp\/v2\/pages\/1648\/revisions\/2648"}],"wp:attachment":[{"href":"https:\/\/hotel-olympia.ch\/fr\/wp-json\/wp\/v2\/media?parent=1648"}],"curies":[{"name":"wp","href":"https:\/\/api.w.org\/{rel}","templated":true}]}}