{"id":1483,"date":"2021-12-22T16:16:08","date_gmt":"2021-12-22T15:16:08","guid":{"rendered":"https:\/\/neu.hotel-olympia.ch\/webcams\/"},"modified":"2022-11-01T16:48:09","modified_gmt":"2022-11-01T15:48:09","slug":"webcams","status":"publish","type":"page","link":"https:\/\/hotel-olympia.ch\/fr\/webcams\/","title":{"rendered":"Webcams"},"content":{"rendered":"\n<style type=\"text\/css\" data-created_by=\"avia_inline_auto\" id=\"style-css-av-iqgzs-eaea35f6d3e6cf088a53a279bc653e28\">\n.avia-section.av-iqgzs-eaea35f6d3e6cf088a53a279bc653e28 .av-parallax .av-parallax-inner{\nbackground-repeat:no-repeat;\nbackground-image:url(https:\/\/hotel-olympia.ch\/wp-content\/uploads\/2021\/11\/foto-per-WEBCAMS.png);\nbackground-position:50% 50%;\nbackground-attachment:scroll;\n}\n.avia-section.av-iqgzs-eaea35f6d3e6cf088a53a279bc653e28 .av-section-color-overlay{\nopacity:0.6;\nbackground-color:#000000;\n}\n<\/style>\n<div id='av_section_1'  class='avia-section av-iqgzs-eaea35f6d3e6cf088a53a279bc653e28 main_color avia-section-default avia-shadow  avia-builder-el-0  el_before_av_section  avia-builder-el-first  banner avia-full-stretch av-parallax-section avia-bg-style-parallax av-section-color-overlay-active av-minimum-height av-minimum-height-25 av-height-25  container_wrap fullsize'  data-section-bg-repeat='stretch' data-av_minimum_height_pc='25' data-av_min_height_opt='25'><div class='av-parallax' data-avia-parallax-ratio='0.3' ><div class='av-parallax-inner main_color avia-full-stretch'><\/div><\/div><div class=\"av-section-color-overlay-wrap\"><div class=\"av-section-color-overlay\"><\/div><div class='container av-section-cont-open' ><main  role=\"main\" itemprop=\"mainContentOfPage\"  class='template-page content  av-content-full alpha units'><div class='post-entry post-entry-type-page post-entry-1483'><div class='entry-content-wrapper clearfix'>\n<\/div><\/div><\/main><!-- close content main element --><\/div><\/div><\/div><div id='av_section_2'  class='avia-section av-gaoi0-ca84cc48cb1029f2e67731146d7dce32 main_color avia-section-no-padding avia-no-border-styling  avia-builder-el-1  el_after_av_section  el_before_av_section  breadcrumbs-wrapper av-small-hide av-mini-hide avia-bg-style-scroll container_wrap fullsize'  ><div class='container av-section-cont-open' ><div class='template-page content  av-content-full alpha units'><div class='post-entry post-entry-type-page post-entry-1483'><div class='entry-content-wrapper clearfix'>\n<section  class='av_textblock_section av-97vns-3a8f6444f66afe15b1d60e6a1386e811 '   itemscope=\"itemscope\" itemtype=\"https:\/\/schema.org\/CreativeWork\" ><div class='avia_textblock'  itemprop=\"text\" ><p style=\"text-align: center;\"><div class=\"breadcrumb breadcrumbs avia-breadcrumbs\"><div class=\"breadcrumb-trail\" ><span class=\"trail-before\"><span class=\"breadcrumb-title\">Vous \u00eates ici :<\/span><\/span> <span  itemscope=\"itemscope\" itemtype=\"https:\/\/schema.org\/BreadcrumbList\" ><span  itemscope=\"itemscope\" itemtype=\"https:\/\/schema.org\/ListItem\" itemprop=\"itemListElement\" ><a itemprop=\"url\" href=\"https:\/\/hotel-olympia.ch\/fr\/\" title=\"Hotel Olympia Saas-Almagell, Switzerland\" rel=\"home\" class=\"trail-begin\"><span itemprop=\"name\">Accueil<\/span><\/a><span itemprop=\"position\" class=\"hidden\">1<\/span><\/span><\/span><\/div><\/div><\/p>\n<\/div><\/section>\n\n<\/div><\/div><\/div><!-- close content main div --><\/div><\/div><div id='av_section_3'  class='avia-section av-kbufzd3s-98ae0d8c2b47888ed7f5db2e8f466e1a main_color avia-section-huge avia-shadow  avia-builder-el-3  el_after_av_section  avia-builder-el-last  avia-bg-style-scroll container_wrap fullsize'  ><div class='container av-section-cont-open' ><div class='template-page content  av-content-full alpha units'><div class='post-entry post-entry-type-page post-entry-1483'><div class='entry-content-wrapper clearfix'>\n<div  class='flex_column av-gydyg-806d76003497502366380405c5b00889 av_one_full  avia-builder-el-4  el_before_av_one_half  avia-builder-el-first  lead first flex_column_div  '     ><section  class='av_textblock_section av-bn0ao-509aebf3434fb065ad50bd0dc0ea6c1f '   itemscope=\"itemscope\" itemtype=\"https:\/\/schema.org\/CreativeWork\" ><div class='avia_textblock'  itemprop=\"text\" ><h1 style=\"text-align: center;\">Webcams de Saas-Fee, Saas-Almagell, Saas-Grund<\/h1>\n<\/div><\/section><br \/>\n\n<style type=\"text\/css\" data-created_by=\"avia_inline_auto\" id=\"style-css-av-l9e78uos-c38754b08ce8f7b14149dba4b9ac0b92\">\n#top .hr.hr-invisible.av-l9e78uos-c38754b08ce8f7b14149dba4b9ac0b92{\nheight:50px;\n}\n<\/style>\n<div  class='hr av-l9e78uos-c38754b08ce8f7b14149dba4b9ac0b92 hr-invisible  avia-builder-el-6  el_after_av_textblock  el_before_av_textblock '><span class='hr-inner '><span class=\"hr-inner-style\"><\/span><\/span><\/div><br \/>\n<section  class='av_textblock_section av-6o8i2-3349c12240706829119438ad6cfa9da5 '   itemscope=\"itemscope\" itemtype=\"https:\/\/schema.org\/CreativeWork\" ><div class='avia_textblock'  itemprop=\"text\" ><h2 style=\"text-align: center;\">Collectez les premi\u00e8res impressions<\/h2>\n<div class=\"subtitle\">\n<p style=\"text-align: center;\">Bougeotte, vision et inspiration.<\/p>\n<\/div>\n<p style=\"text-align: center;\">Plongez-vous dans notre monde de montagne pendant un bref moment et oubliez le stress de la vie quotidienne. Laissez-vous convaincre par les images des Webcams (live) de notre environnement. Le monde montagnard onirique a-t-il r\u00e9veill\u00e9 votre envie de voyager ou pr\u00e9f\u00e9rez-vous skier sur de magnifiques pistes? Alors vous \u00eates exactement au bon endroit.<\/p>\n<\/div><\/section><\/p><\/div><div  class='flex_column av-gevyi-9078032198f8bdde1550646894797229 av_one_half  avia-builder-el-8  el_after_av_one_full  el_before_av_one_half  first flex_column_div avia-link-column av-column-link avia-link-column-hover  column-top-margin'    data-link-column-url=\"https:\/\/panocam.skiline.cc\/saas-fee\/heidbodme\"  data-link-column-target=\"_blank\"   ><a class=\"av-screen-reader-only\" href=https:\/\/panocam.skiline.cc\/saas-fee\/heidbodme  target=\"_blank\" >Suivre un lien ajout\u00e9 manuellement<\/a><p><div  class='avia-builder-widget-area clearfix  avia-builder-el-9  el_before_av_textblock  avia-builder-el-first '><div id=\"custom_html-12\" class=\"widget_text widget clearfix widget_custom_html\"><div class=\"textwidget custom-html-widget\"><script type=\"text\/javascript\" src=\"https:\/\/static.panomax.com\/front\/thumbnail\/js\/pmaxthumbnail.js\"><\/script>\r\n<script type=\"text\/javascript\">\r\nPmaxThumbnail.place({\r\n instance: 959\r\n});\r\n<\/script><\/div><\/div><\/div><br \/>\n<section  class='av_textblock_section av-kha0q-bad9709ce8d1bb46bdb822e15749f118 '   itemscope=\"itemscope\" itemtype=\"https:\/\/schema.org\/CreativeWork\" ><div class='avia_textblock'  itemprop=\"text\" ><h3 style=\"text-align: center;\">Heidbodme &#8211; Saas-Almagell<\/h3>\n<\/div><\/section><\/p><\/div><div  class='flex_column av-7yfb6-9bc36ab424c5c31b3d319f2505a89f76 av_one_half  avia-builder-el-11  el_after_av_one_half  el_before_av_one_half  flex_column_div avia-link-column av-column-link avia-link-column-hover  column-top-margin'    data-link-column-url=\"https:\/\/hohsaas.roundshot.com\/kreuzboden\/#\/\"  data-link-column-target=\"_blank\"   ><a class=\"av-screen-reader-only\" href=https:\/\/hohsaas.roundshot.com\/kreuzboden\/#\/  target=\"_blank\" >Suivre un lien ajout\u00e9 manuellement<\/a><p><div  class='avia-builder-widget-area clearfix  avia-builder-el-12  el_before_av_textblock  avia-builder-el-first '><div id=\"custom_html-19\" class=\"widget_text widget clearfix widget_custom_html\"><div class=\"textwidget custom-html-widget\"><iframe src=\"https:\/\/hohsaas.roundshot.com\/kreuzboden\/#\/\" name=\"iframe\" style=\"width:100%;height:100%\" scrolling=\"\" width=\"100%\" height=\"100%\" frameborder=\"0\">\r\n  <p>Ihr Browser kann leider keine eingebetteten Frames anzeigen:\r\n  Sie k&ouml;nnen die eingebettete Seite &uuml;ber den folgenden Verweis\r\n  aufrufen: <a href=\"https:\/\/hohsaas.roundshot.com\/kreuzboden\/#\/\">https:\/\/hohsaas.roundshot.com\/kreuzboden\/#\/<\/a><\/p>\r\n<\/iframe><\/div><\/div><\/div><br \/>\n<section  class='av_textblock_section av-kvum21bz-e433f7755bd9716967e79ff73e05e598 '   itemscope=\"itemscope\" itemtype=\"https:\/\/schema.org\/CreativeWork\" ><div class='avia_textblock'  itemprop=\"text\" ><h3 style=\"text-align: center;\">Kreuzboden &#8211; Saas-Grund<\/h3>\n<\/div><\/section><\/p><\/div><div  class='flex_column av-1fh3ru-a41d63f90925a0e5c6e61db8f1f92ead av_one_half  avia-builder-el-14  el_after_av_one_half  el_before_av_one_half  first flex_column_div avia-link-column av-column-link avia-link-column-hover  column-top-margin'    data-link-column-url=\"https:\/\/hohsaas.roundshot.com\/3200\/#\/\"  data-link-column-target=\"_blank\"   ><a class=\"av-screen-reader-only\" href=https:\/\/hohsaas.roundshot.com\/3200\/#\/  target=\"_blank\" >Suivre un lien ajout\u00e9 manuellement<\/a><p><div  class='avia-builder-widget-area clearfix  avia-builder-el-15  el_before_av_textblock  avia-builder-el-first '><div id=\"custom_html-20\" class=\"widget_text widget clearfix widget_custom_html\"><div class=\"textwidget custom-html-widget\"><iframe src=\"https:\/\/hohsaas.roundshot.com\/3200\/#\/\" name=\"iframe\" style=\"width:100%;height:100%\" scrolling=\"\" width=\"100%\" height=\"100%\" frameborder=\"0\">\r\n  <p>Ihr Browser kann leider keine eingebetteten Frames anzeigen:\r\n  Sie k&ouml;nnen die eingebettete Seite &uuml;ber den folgenden Verweis\r\n  aufrufen: <a href=\"https:\/\/hohsaas.roundshot.com\/3200\/#\/\">https:\/\/hohsaas.roundshot.com\/3200\/#\/<\/a><\/p>\r\n<\/iframe><\/div><\/div><\/div><br \/>\n<section  class='av_textblock_section av-dofz6-7f4f6e5c811970179d2584e96c682484 '   itemscope=\"itemscope\" itemtype=\"https:\/\/schema.org\/CreativeWork\" ><div class='avia_textblock'  itemprop=\"text\" ><h3 style=\"text-align: center;\">Hohsaas &#8211; Saas-Grund<\/h3>\n<\/div><\/section><\/p><\/div><div  class='flex_column av-14ge4y-32d13f107ebaa9bb648d06f2dda12e4f av_one_half  avia-builder-el-17  el_after_av_one_half  el_before_av_one_half  flex_column_div avia-link-column av-column-link avia-link-column-hover  column-top-margin'    data-link-column-url=\"https:\/\/panocam.skiline.cc\/saas-fee\/hannig\"  data-link-column-target=\"_blank\"   ><a class=\"av-screen-reader-only\" href=https:\/\/panocam.skiline.cc\/saas-fee\/hannig  target=\"_blank\" >Suivre un lien ajout\u00e9 manuellement<\/a><p><div  class='avia-builder-widget-area clearfix  avia-builder-el-18  el_before_av_textblock  avia-builder-el-first '><div id=\"custom_html-15\" class=\"widget_text widget clearfix widget_custom_html\"><div class=\"textwidget custom-html-widget\"><script type=\"text\/javascript\" src=\"https:\/\/static.panomax.com\/front\/thumbnail\/js\/pmaxthumbnail.js\"><\/script>\r\n<script type=\"text\/javascript\">\r\nPmaxThumbnail.place({\r\n instance: 1029\r\n});\r\n<\/script><\/div><\/div><\/div><br \/>\n<section  class='av_textblock_section av-kvum6j3o-ea4ba2dc3d843550e77aef0eba065a68 '   itemscope=\"itemscope\" itemtype=\"https:\/\/schema.org\/CreativeWork\" ><div class='avia_textblock'  itemprop=\"text\" ><h3 style=\"text-align: center;\">Hannig &#8211; Saas-Fee<\/h3>\n<\/div><\/section><\/p><\/div><div  class='flex_column av-qt3eq-df67f3414afd11cdc9a05ce7abd4a208 av_one_half  avia-builder-el-20  el_after_av_one_half  el_before_av_one_half  first flex_column_div avia-link-column av-column-link avia-link-column-hover  column-top-margin'    data-link-column-url=\"https:\/\/panocam.skiline.cc\/saas-fee\/laengfluh\"  data-link-column-target=\"_blank\"   ><a class=\"av-screen-reader-only\" href=https:\/\/panocam.skiline.cc\/saas-fee\/laengfluh  target=\"_blank\" >Suivre un lien ajout\u00e9 manuellement<\/a><p><div  class='avia-builder-widget-area clearfix  avia-builder-el-21  el_before_av_textblock  avia-builder-el-first '><div id=\"custom_html-16\" class=\"widget_text widget clearfix widget_custom_html\"><div class=\"textwidget custom-html-widget\"><script type=\"text\/javascript\" src=\"https:\/\/static.panomax.com\/front\/thumbnail\/js\/pmaxthumbnail.js\"><\/script>\r\n<script type=\"text\/javascript\">\r\nPmaxThumbnail.place({\r\n instance: 958\r\n});\r\n<\/script><\/div><\/div><\/div><br \/>\n<section  class='av_textblock_section av-kvum8vc6-de7617fdd7ce7e64c9807068a99f3417 '   itemscope=\"itemscope\" itemtype=\"https:\/\/schema.org\/CreativeWork\" ><div class='avia_textblock'  itemprop=\"text\" ><h3 style=\"text-align: center;\">L\u00e4ngfluh &#8211; Saas-Fee<\/h3>\n<\/div><\/section><\/p><\/div><div  class='flex_column av-eykgy-5904542eef911c93e64f91b5a154cbb6 av_one_half  avia-builder-el-23  el_after_av_one_half  avia-builder-el-last  flex_column_div avia-link-column av-column-link avia-link-column-hover  column-top-margin'    data-link-column-url=\"https:\/\/panocam.skiline.cc\/saas-fee\/allalin\"  data-link-column-target=\"_blank\"   ><a class=\"av-screen-reader-only\" href=https:\/\/panocam.skiline.cc\/saas-fee\/allalin  target=\"_blank\" >Suivre un lien ajout\u00e9 manuellement<\/a><p><div  class='avia-builder-widget-area clearfix  avia-builder-el-24  el_before_av_textblock  avia-builder-el-first '><div id=\"custom_html-17\" class=\"widget_text widget clearfix widget_custom_html\"><div class=\"textwidget custom-html-widget\"><script type=\"text\/javascript\" src=\"https:\/\/static.panomax.com\/front\/thumbnail\/js\/pmaxthumbnail.js\"><\/script>\r\n<script type=\"text\/javascript\">\r\nPmaxThumbnail.place({\r\n instance: 960\r\n});\r\n<\/script><\/div><\/div><\/div><br \/>\n<section  class='av_textblock_section av-kvum9x81-753faefeeaabe1c4b88887e1cd8159c2 '   itemscope=\"itemscope\" itemtype=\"https:\/\/schema.org\/CreativeWork\" ><div class='avia_textblock'  itemprop=\"text\" ><h3 style=\"text-align: center;\">Mittelallalin &#8211; Saas-Fee<\/h3>\n<\/div><\/section><\/p><\/div>\n","protected":false},"excerpt":{"rendered":"","protected":false},"author":3,"featured_media":0,"parent":0,"menu_order":0,"comment_status":"closed","ping_status":"open","template":"","meta":{"footnotes":""},"class_list":["post-1483","page","type-page","status-publish","hentry"],"yoast_head":"<!-- This site is optimized with the Yoast SEO plugin v27.4 - https:\/\/yoast.com\/product\/yoast-seo-wordpress\/ -->\n<title>Webcams Saas-Fee, Saas-Almagell, Saas-Grund | Hotel Olympia<\/title>\n<meta name=\"description\" content=\"Laissez-vous convaincre par les images en direct de nos environs de Saas-Fee, Saas-Almagell et Saas-Grund.\" \/>\n<meta name=\"robots\" content=\"index, follow, max-snippet:-1, max-image-preview:large, max-video-preview:-1\" \/>\n<link rel=\"canonical\" href=\"https:\/\/hotel-olympia.ch\/fr\/webcams\/\" \/>\n<meta property=\"og:locale\" content=\"fr_FR\" \/>\n<meta property=\"og:type\" content=\"article\" \/>\n<meta property=\"og:title\" content=\"Webcams Saas-Fee, Saas-Almagell, Saas-Grund | Hotel Olympia\" \/>\n<meta property=\"og:description\" content=\"Laissez-vous convaincre par les images en direct de nos environs de Saas-Fee, Saas-Almagell et Saas-Grund.\" \/>\n<meta property=\"og:url\" content=\"https:\/\/hotel-olympia.ch\/fr\/webcams\/\" \/>\n<meta property=\"og:site_name\" content=\"Hotel Olympia Saas-Almagell, Switzerland\" \/>\n<meta property=\"article:modified_time\" content=\"2022-11-01T15:48:09+00:00\" \/>\n<meta name=\"twitter:card\" content=\"summary_large_image\" \/>\n<meta name=\"twitter:label1\" content=\"Dur\u00e9e de lecture estim\u00e9e\" \/>\n\t<meta name=\"twitter:data1\" content=\"5 minutes\" \/>\n<script type=\"application\/ld+json\" class=\"yoast-schema-graph\">{\"@context\":\"https:\\\/\\\/schema.org\",\"@graph\":[{\"@type\":\"WebPage\",\"@id\":\"https:\\\/\\\/hotel-olympia.ch\\\/fr\\\/webcams\\\/\",\"url\":\"https:\\\/\\\/hotel-olympia.ch\\\/fr\\\/webcams\\\/\",\"name\":\"Webcams Saas-Fee, Saas-Almagell, Saas-Grund | Hotel Olympia\",\"isPartOf\":{\"@id\":\"https:\\\/\\\/hotel-olympia.ch\\\/fr\\\/#website\"},\"datePublished\":\"2021-12-22T15:16:08+00:00\",\"dateModified\":\"2022-11-01T15:48:09+00:00\",\"description\":\"Laissez-vous convaincre par les images en direct de nos environs de Saas-Fee, Saas-Almagell et Saas-Grund.\",\"breadcrumb\":{\"@id\":\"https:\\\/\\\/hotel-olympia.ch\\\/fr\\\/webcams\\\/#breadcrumb\"},\"inLanguage\":\"fr-FR\",\"potentialAction\":[{\"@type\":\"ReadAction\",\"target\":[\"https:\\\/\\\/hotel-olympia.ch\\\/fr\\\/webcams\\\/\"]}]},{\"@type\":\"BreadcrumbList\",\"@id\":\"https:\\\/\\\/hotel-olympia.ch\\\/fr\\\/webcams\\\/#breadcrumb\",\"itemListElement\":[{\"@type\":\"ListItem\",\"position\":1,\"name\":\"Startseite\",\"item\":\"https:\\\/\\\/hotel-olympia.ch\\\/fr\\\/home\\\/\"},{\"@type\":\"ListItem\",\"position\":2,\"name\":\"Webcams\"}]},{\"@type\":\"WebSite\",\"@id\":\"https:\\\/\\\/hotel-olympia.ch\\\/fr\\\/#website\",\"url\":\"https:\\\/\\\/hotel-olympia.ch\\\/fr\\\/\",\"name\":\"Hotel Olympia Saas-Almagell, Switzerland\",\"description\":\"\",\"potentialAction\":[{\"@type\":\"SearchAction\",\"target\":{\"@type\":\"EntryPoint\",\"urlTemplate\":\"https:\\\/\\\/hotel-olympia.ch\\\/fr\\\/?s={search_term_string}\"},\"query-input\":{\"@type\":\"PropertyValueSpecification\",\"valueRequired\":true,\"valueName\":\"search_term_string\"}}],\"inLanguage\":\"fr-FR\"}]}<\/script>\n<!-- \/ Yoast SEO plugin. -->","yoast_head_json":{"title":"Webcams Saas-Fee, Saas-Almagell, Saas-Grund | Hotel Olympia","description":"Laissez-vous convaincre par les images en direct de nos environs de Saas-Fee, Saas-Almagell et Saas-Grund.","robots":{"index":"index","follow":"follow","max-snippet":"max-snippet:-1","max-image-preview":"max-image-preview:large","max-video-preview":"max-video-preview:-1"},"canonical":"https:\/\/hotel-olympia.ch\/fr\/webcams\/","og_locale":"fr_FR","og_type":"article","og_title":"Webcams Saas-Fee, Saas-Almagell, Saas-Grund | Hotel Olympia","og_description":"Laissez-vous convaincre par les images en direct de nos environs de Saas-Fee, Saas-Almagell et Saas-Grund.","og_url":"https:\/\/hotel-olympia.ch\/fr\/webcams\/","og_site_name":"Hotel Olympia Saas-Almagell, Switzerland","article_modified_time":"2022-11-01T15:48:09+00:00","twitter_card":"summary_large_image","twitter_misc":{"Dur\u00e9e de lecture estim\u00e9e":"5 minutes"},"schema":{"@context":"https:\/\/schema.org","@graph":[{"@type":"WebPage","@id":"https:\/\/hotel-olympia.ch\/fr\/webcams\/","url":"https:\/\/hotel-olympia.ch\/fr\/webcams\/","name":"Webcams Saas-Fee, Saas-Almagell, Saas-Grund | Hotel Olympia","isPartOf":{"@id":"https:\/\/hotel-olympia.ch\/fr\/#website"},"datePublished":"2021-12-22T15:16:08+00:00","dateModified":"2022-11-01T15:48:09+00:00","description":"Laissez-vous convaincre par les images en direct de nos environs de Saas-Fee, Saas-Almagell et Saas-Grund.","breadcrumb":{"@id":"https:\/\/hotel-olympia.ch\/fr\/webcams\/#breadcrumb"},"inLanguage":"fr-FR","potentialAction":[{"@type":"ReadAction","target":["https:\/\/hotel-olympia.ch\/fr\/webcams\/"]}]},{"@type":"BreadcrumbList","@id":"https:\/\/hotel-olympia.ch\/fr\/webcams\/#breadcrumb","itemListElement":[{"@type":"ListItem","position":1,"name":"Startseite","item":"https:\/\/hotel-olympia.ch\/fr\/home\/"},{"@type":"ListItem","position":2,"name":"Webcams"}]},{"@type":"WebSite","@id":"https:\/\/hotel-olympia.ch\/fr\/#website","url":"https:\/\/hotel-olympia.ch\/fr\/","name":"Hotel Olympia Saas-Almagell, Switzerland","description":"","potentialAction":[{"@type":"SearchAction","target":{"@type":"EntryPoint","urlTemplate":"https:\/\/hotel-olympia.ch\/fr\/?s={search_term_string}"},"query-input":{"@type":"PropertyValueSpecification","valueRequired":true,"valueName":"search_term_string"}}],"inLanguage":"fr-FR"}]}},"_links":{"self":[{"href":"https:\/\/hotel-olympia.ch\/fr\/wp-json\/wp\/v2\/pages\/1483","targetHints":{"allow":["GET"]}}],"collection":[{"href":"https:\/\/hotel-olympia.ch\/fr\/wp-json\/wp\/v2\/pages"}],"about":[{"href":"https:\/\/hotel-olympia.ch\/fr\/wp-json\/wp\/v2\/types\/page"}],"author":[{"embeddable":true,"href":"https:\/\/hotel-olympia.ch\/fr\/wp-json\/wp\/v2\/users\/3"}],"replies":[{"embeddable":true,"href":"https:\/\/hotel-olympia.ch\/fr\/wp-json\/wp\/v2\/comments?post=1483"}],"version-history":[{"count":21,"href":"https:\/\/hotel-olympia.ch\/fr\/wp-json\/wp\/v2\/pages\/1483\/revisions"}],"predecessor-version":[{"id":2713,"href":"https:\/\/hotel-olympia.ch\/fr\/wp-json\/wp\/v2\/pages\/1483\/revisions\/2713"}],"wp:attachment":[{"href":"https:\/\/hotel-olympia.ch\/fr\/wp-json\/wp\/v2\/media?parent=1483"}],"curies":[{"name":"wp","href":"https:\/\/api.w.org\/{rel}","templated":true}]}}