{"id":1478,"date":"2021-12-22T16:10:42","date_gmt":"2021-12-22T15:10:42","guid":{"rendered":"https:\/\/neu.hotel-olympia.ch\/hiver\/"},"modified":"2022-11-01T17:09:52","modified_gmt":"2022-11-01T16:09:52","slug":"hiver","status":"publish","type":"page","link":"https:\/\/hotel-olympia.ch\/fr\/hiver\/","title":{"rendered":"Hiver"},"content":{"rendered":"\n<style type=\"text\/css\" data-created_by=\"avia_inline_auto\" id=\"style-css-av-iqgzs-421385ac2e91cd9146641499959fb68f\">\n.avia-section.av-iqgzs-421385ac2e91cd9146641499959fb68f .av-parallax .av-parallax-inner{\nbackground-repeat:no-repeat;\nbackground-image:url(https:\/\/hotel-olympia.ch\/wp-content\/uploads\/2021\/12\/Winter.png);\nbackground-position:50% 50%;\nbackground-attachment:scroll;\n}\n.avia-section.av-iqgzs-421385ac2e91cd9146641499959fb68f .av-section-color-overlay{\nopacity:0.6;\nbackground-color:#000000;\n}\n<\/style>\n<div id='av_section_1'  class='avia-section av-iqgzs-421385ac2e91cd9146641499959fb68f main_color avia-section-default avia-shadow  avia-builder-el-0  el_before_av_section  avia-builder-el-first  banner avia-full-stretch av-parallax-section avia-bg-style-parallax av-section-color-overlay-active av-minimum-height av-minimum-height-25 av-height-25  container_wrap fullsize'  data-section-bg-repeat='stretch' data-av_minimum_height_pc='25' data-av_min_height_opt='25'><div class='av-parallax' data-avia-parallax-ratio='0.3' ><div class='av-parallax-inner main_color avia-full-stretch'><\/div><\/div><div class=\"av-section-color-overlay-wrap\"><div class=\"av-section-color-overlay\"><\/div><div class='container av-section-cont-open' ><main  role=\"main\" itemprop=\"mainContentOfPage\"  class='template-page content  av-content-full alpha units'><div class='post-entry post-entry-type-page post-entry-1478'><div class='entry-content-wrapper clearfix'>\n<\/div><\/div><\/main><!-- close content main element --><\/div><\/div><\/div><div id='av_section_2'  class='avia-section av-gaoi0-ca84cc48cb1029f2e67731146d7dce32 main_color avia-section-no-padding avia-no-border-styling  avia-builder-el-1  el_after_av_section  el_before_av_section  breadcrumbs-wrapper av-small-hide av-mini-hide avia-bg-style-scroll container_wrap fullsize'  ><div class='container av-section-cont-open' ><div class='template-page content  av-content-full alpha units'><div class='post-entry post-entry-type-page post-entry-1478'><div class='entry-content-wrapper clearfix'>\n<section  class='av_textblock_section av-97vns-3a8f6444f66afe15b1d60e6a1386e811 '   itemscope=\"itemscope\" itemtype=\"https:\/\/schema.org\/CreativeWork\" ><div class='avia_textblock'  itemprop=\"text\" ><p style=\"text-align: center;\"><div class=\"breadcrumb breadcrumbs avia-breadcrumbs\"><div class=\"breadcrumb-trail\" ><span class=\"trail-before\"><span class=\"breadcrumb-title\">Vous \u00eates ici :<\/span><\/span> <span  itemscope=\"itemscope\" itemtype=\"https:\/\/schema.org\/BreadcrumbList\" ><span  itemscope=\"itemscope\" itemtype=\"https:\/\/schema.org\/ListItem\" itemprop=\"itemListElement\" ><a itemprop=\"url\" href=\"https:\/\/hotel-olympia.ch\/fr\/\" title=\"Hotel Olympia Saas-Almagell, Switzerland\" rel=\"home\" class=\"trail-begin\"><span itemprop=\"name\">Accueil<\/span><\/a><span itemprop=\"position\" class=\"hidden\">1<\/span><\/span><\/span><\/div><\/div><\/p>\n<\/div><\/section>\n\n<\/div><\/div><\/div><!-- close content main div --><\/div><\/div><div id='av_section_3'  class='avia-section av-kbufzd3s-98ae0d8c2b47888ed7f5db2e8f466e1a main_color avia-section-huge avia-shadow  avia-builder-el-3  el_after_av_section  avia-builder-el-last  avia-bg-style-scroll container_wrap fullsize'  ><div class='container av-section-cont-open' ><div class='template-page content  av-content-full alpha units'><div class='post-entry post-entry-type-page post-entry-1478'><div class='entry-content-wrapper clearfix'>\n<div  class='flex_column av-gydyg-806d76003497502366380405c5b00889 av_one_full  avia-builder-el-4  el_before_av_one_third  avia-builder-el-first  lead first flex_column_div  '     ><section  class='av_textblock_section av-bn0ao-509aebf3434fb065ad50bd0dc0ea6c1f '   itemscope=\"itemscope\" itemtype=\"https:\/\/schema.org\/CreativeWork\" ><div class='avia_textblock'  itemprop=\"text\" ><h1 style=\"text-align: center;\">L&rsquo;hiver \u00e0 Saas Almagell &amp; Saas Fee<\/h1>\n<p style=\"text-align: center;\">18 quatre-mille entourent la Vall\u00e9e de Saas! Un univers impressionnant de montagnes et de glaciers qui ne manque pas de surprendre le public.<\/p>\n<\/div><\/section><\/div><div  class='flex_column av-4tag6q-2a3d318bb80c8c6945a7139dd5ae6359 av_one_third  avia-builder-el-6  el_after_av_one_full  el_before_av_two_third  first flex_column_div  column-top-margin'     ><style type=\"text\/css\" data-created_by=\"avia_inline_auto\" id=\"style-css-av-kxg2mmxd-3c01f0acca4b3fde651c69ce560d4d46\">\n.avia-image-container.av-kxg2mmxd-3c01f0acca4b3fde651c69ce560d4d46 img.avia_image{\nbox-shadow:none;\n}\n.avia-image-container.av-kxg2mmxd-3c01f0acca4b3fde651c69ce560d4d46 .av-image-caption-overlay-center{\ncolor:#ffffff;\n}\n<\/style>\n<div  class='avia-image-container av-kxg2mmxd-3c01f0acca4b3fde651c69ce560d4d46 av-styling- avia-align-center  avia-builder-el-7  avia-builder-el-no-sibling '   itemprop=\"image\" itemscope=\"itemscope\" itemtype=\"https:\/\/schema.org\/ImageObject\" ><div class=\"avia-image-container-inner\"><div class=\"avia-image-overlay-wrap\"><img decoding=\"async\" fetchpriority=\"high\" class='wp-image-1152 avia-img-lazy-loading-not-1152 avia_image ' src=\"https:\/\/hotel-olympia.ch\/wp-content\/uploads\/2021\/12\/skifahren-1024x576.jpg\" alt='' title='skifahren'  height=\"576\" width=\"1024\"  itemprop=\"thumbnailUrl\" srcset=\"https:\/\/hotel-olympia.ch\/wp-content\/uploads\/2021\/12\/skifahren-1024x576.jpg 1024w, https:\/\/hotel-olympia.ch\/wp-content\/uploads\/2021\/12\/skifahren-1030x579.jpg 1030w, https:\/\/hotel-olympia.ch\/wp-content\/uploads\/2021\/12\/skifahren-768x432.jpg 768w, https:\/\/hotel-olympia.ch\/wp-content\/uploads\/2021\/12\/skifahren-705x397.jpg 705w, https:\/\/hotel-olympia.ch\/wp-content\/uploads\/2021\/12\/skifahren.jpg 1328w\" sizes=\"(max-width: 1024px) 100vw, 1024px\" \/><\/div><\/div><\/div><\/div><div  class='flex_column av-2rhrr6-c9d400722511aa4e2bd3fd6a6397aeb8 av_two_third  avia-builder-el-8  el_after_av_one_third  el_before_av_one_third  flex_column_div  column-top-margin'     ><section  class='av_textblock_section av-kxg2ia0x-724ea43b30dac99862a221ba4563ee14 '   itemscope=\"itemscope\" itemtype=\"https:\/\/schema.org\/CreativeWork\" ><div class='avia_textblock'  itemprop=\"text\" ><h2>Skier<\/h2>\n<p>Destination de ski de choix en Suisse: 150 km de pistes parfaitement dam\u00e9es, un panorama de 18 sommets de 4 000 m\u00e8tres: rien d\u2019\u00e9tonnant \u00e0 ce que les domaines skiables de la R\u00e9publique Libre des Vacances, Saas-Fee, aient \u00e9t\u00e9 \u00e0 plusieurs reprises \u00e9lus l\u2019un des meilleurs domaines skiables de Suisse. 3\u2019600 m d\u2019altitude les pentes atteignent. Et bien s\u00fbr, vous pouvez aussi skier ou faire du snowboard m\u00eame en \u00e9t\u00e9\u2026<\/p>\n<\/div><\/section><br \/>\n<div  class='avia-buttonrow-wrap av-kxg3atwf-586e01c78f1cecd4e96a6236424d99f9 avia-buttonrow-left  avia-builder-el-10  el_after_av_textblock  avia-builder-el-last '>\n\n<style type=\"text\/css\" data-created_by=\"avia_inline_auto\" id=\"style-css-av-kxg39yjd-fc28abb5bc3183b4b96718480e8d9ab9\">\n#top #wrap_all .avia-button.av-kxg39yjd-fc28abb5bc3183b4b96718480e8d9ab9{\nmargin-bottom:5px;\nmargin-right:5px;\n}\n<\/style>\n<a href='https:\/\/www.saas-fee.ch\/de\/berge\/skifahren\/'  class='avia-button av-kxg39yjd-fc28abb5bc3183b4b96718480e8d9ab9 avia-icon_select-no avia-size-small avia-color-theme-color'  target=\"_blank\"  rel=\"noopener noreferrer\"  aria-label=\"En savoir plus\"><span class='avia_iconbox_title' >En savoir plus<\/span><\/a>\n\n<style type=\"text\/css\" data-created_by=\"avia_inline_auto\" id=\"style-css-av-kxg3anco-1269df395ccd65ff9e0d6f4f717e104e\">\n#top #wrap_all .avia-button.av-kxg3anco-1269df395ccd65ff9e0d6f4f717e104e{\nmargin-bottom:5px;\nmargin-right:5px;\n}\n<\/style>\n<a href='https:\/\/www.saas-fee.ch\/de\/berge\/das-gebiet\/karten-plaene\/'  class='avia-button av-kxg3anco-1269df395ccd65ff9e0d6f4f717e104e avia-icon_select-no avia-size-small avia-color-theme-color'  target=\"_blank\"  rel=\"noopener noreferrer\"  aria-label=\"Cartes\"><span class='avia_iconbox_title' >Cartes<\/span><\/a>\n<\/div><\/p><\/div><div  class='flex_column av-ab1ks1-ac4fef6dec0b74c469ec6b3a0ebed854 av_one_third  avia-builder-el-11  el_after_av_two_third  el_before_av_two_third  first flex_column_div  column-top-margin'     ><style type=\"text\/css\" data-created_by=\"avia_inline_auto\" id=\"style-css-av-kxg3gbst-23f909324830a9f389933928281aef33\">\n.avia-image-container.av-kxg3gbst-23f909324830a9f389933928281aef33 img.avia_image{\nbox-shadow:none;\n}\n.avia-image-container.av-kxg3gbst-23f909324830a9f389933928281aef33 .av-image-caption-overlay-center{\ncolor:#ffffff;\n}\n<\/style>\n<div  class='avia-image-container av-kxg3gbst-23f909324830a9f389933928281aef33 av-styling- avia-align-center  avia-builder-el-12  avia-builder-el-no-sibling '   itemprop=\"image\" itemscope=\"itemscope\" itemtype=\"https:\/\/schema.org\/ImageObject\" ><div class=\"avia-image-container-inner\"><div class=\"avia-image-overlay-wrap\"><img decoding=\"async\" fetchpriority=\"high\" class='wp-image-1155 avia-img-lazy-loading-not-1155 avia_image ' src=\"https:\/\/hotel-olympia.ch\/wp-content\/uploads\/2021\/12\/Langlauf-1024x576.jpg\" alt='' title='Langlauf'  height=\"576\" width=\"1024\"  itemprop=\"thumbnailUrl\" srcset=\"https:\/\/hotel-olympia.ch\/wp-content\/uploads\/2021\/12\/Langlauf-1024x576.jpg 1024w, https:\/\/hotel-olympia.ch\/wp-content\/uploads\/2021\/12\/Langlauf-1030x579.jpg 1030w, https:\/\/hotel-olympia.ch\/wp-content\/uploads\/2021\/12\/Langlauf-768x432.jpg 768w, https:\/\/hotel-olympia.ch\/wp-content\/uploads\/2021\/12\/Langlauf-705x397.jpg 705w, https:\/\/hotel-olympia.ch\/wp-content\/uploads\/2021\/12\/Langlauf.jpg 1328w\" sizes=\"(max-width: 1024px) 100vw, 1024px\" \/><\/div><\/div><\/div><\/div><div  class='flex_column av-9e5dlt-49dffe20379b3fe85c71ce4e48256649 av_two_third  avia-builder-el-13  el_after_av_one_third  el_before_av_one_third  flex_column_div  column-top-margin'     ><section  class='av_textblock_section av-kxg3e82e-ab8672643d50f8ebec0945bb7b031b92 '   itemscope=\"itemscope\" itemtype=\"https:\/\/schema.org\/CreativeWork\" ><div class='avia_textblock'  itemprop=\"text\" ><h2>Ski de fond<\/h2>\n<p>Destination de ski de choix en Suisse: 150 km de pistes parfaitement dam\u00e9es, un panorama de 18 sommets de 4 000 m\u00e8tres: rien d\u2019\u00e9tonnant \u00e0 ce que les domaines skiables de la R\u00e9publique Libre des Vacances, Saas-Fee, aient \u00e9t\u00e9 \u00e0 plusieurs reprises \u00e9lus l\u2019un des meilleurs domaines skiables de Suisse. 3\u2019600 m d\u2019altitude les pentes atteignent. Et bien s\u00fbr, vous pouvez aussi skier ou faire du snowboard m\u00eame en \u00e9t\u00e9\u2026<\/p>\n<\/div><\/section><br \/>\n<div  class='avia-button-wrap av-kxg3gns3-4708dbe7d4eb360b3f6a94e390cba2c3-wrap avia-button-left  avia-builder-el-15  el_after_av_textblock  avia-builder-el-last '><a href='https:\/\/www.saas-fee.ch\/de\/saastal\/aktivitaeten-veranstaltungen\/aktivitaeten\/langlaufen\/'  class='avia-button av-kxg3gns3-4708dbe7d4eb360b3f6a94e390cba2c3 av-link-btn avia-icon_select-no avia-size-small avia-position-left avia-color-theme-color'  target=\"_blank\"  rel=\"noopener noreferrer\"  aria-label=\"En savoir plus\"><span class='avia_iconbox_title' >En savoir plus<\/span><\/a><\/div><\/p><\/div><div  class='flex_column av-851sj5-1f3a7de35813d92d09d01ec4ddfee608 av_one_third  avia-builder-el-16  el_after_av_two_third  el_before_av_two_third  first flex_column_div  column-top-margin'     ><style type=\"text\/css\" data-created_by=\"avia_inline_auto\" id=\"style-css-av-kxg3i118-6eaefe4dbdc151a4762b04ad9ed7b2a5\">\n.avia-image-container.av-kxg3i118-6eaefe4dbdc151a4762b04ad9ed7b2a5 img.avia_image{\nbox-shadow:none;\n}\n.avia-image-container.av-kxg3i118-6eaefe4dbdc151a4762b04ad9ed7b2a5 .av-image-caption-overlay-center{\ncolor:#ffffff;\n}\n<\/style>\n<div  class='avia-image-container av-kxg3i118-6eaefe4dbdc151a4762b04ad9ed7b2a5 av-styling- avia-align-center  avia-builder-el-17  avia-builder-el-no-sibling '   itemprop=\"image\" itemscope=\"itemscope\" itemtype=\"https:\/\/schema.org\/ImageObject\" ><div class=\"avia-image-container-inner\"><div class=\"avia-image-overlay-wrap\"><img decoding=\"async\" fetchpriority=\"high\" class='wp-image-1158 avia-img-lazy-loading-not-1158 avia_image ' src=\"https:\/\/hotel-olympia.ch\/wp-content\/uploads\/2021\/12\/Winterwandern-1024x576.jpg\" alt='' title='Winterwandern'  height=\"576\" width=\"1024\"  itemprop=\"thumbnailUrl\" srcset=\"https:\/\/hotel-olympia.ch\/wp-content\/uploads\/2021\/12\/Winterwandern-1024x576.jpg 1024w, https:\/\/hotel-olympia.ch\/wp-content\/uploads\/2021\/12\/Winterwandern-1030x579.jpg 1030w, https:\/\/hotel-olympia.ch\/wp-content\/uploads\/2021\/12\/Winterwandern-768x432.jpg 768w, https:\/\/hotel-olympia.ch\/wp-content\/uploads\/2021\/12\/Winterwandern-705x397.jpg 705w, https:\/\/hotel-olympia.ch\/wp-content\/uploads\/2021\/12\/Winterwandern.jpg 1328w\" sizes=\"(max-width: 1024px) 100vw, 1024px\" \/><\/div><\/div><\/div><\/div><div  class='flex_column av-64q9oh-41d8cd1b83a91822c62d24eb4d8e93ef av_two_third  avia-builder-el-18  el_after_av_one_third  el_before_av_one_third  flex_column_div  column-top-margin'     ><section  class='av_textblock_section av-kxg3hcuj-f9b2062cba4f1dfc3a1f664bbe22fa0e '   itemscope=\"itemscope\" itemtype=\"https:\/\/schema.org\/CreativeWork\" ><div class='avia_textblock'  itemprop=\"text\" ><h2>Randonn\u00e9es hivernales<\/h2>\n<p>Les amateurs des randonn\u00e9es hivernales et tous ceux, qui souhaitent le devenir: D\u00e9couvrez les c\u00f4t\u00e9s m\u00e9ditatifs de l\u2019hiver et oubliez pas \u00e0 pas le quotidien au milieu des for\u00eats enneig\u00e9es. Dans la R\u00e9publique Libre des Vacances de Saas-Fee, 60 km de chemins de randonn\u00e9e hivernale et des circuits \u00e0 raquettes parfaitement pr\u00e9par\u00e9s vous attendent\u2026<\/p>\n<\/div><\/section><br \/>\n<div  class='avia-button-wrap av-kxg3idk4-bc822aedead57c1ca15b8960d43d173b-wrap avia-button-left  avia-builder-el-20  el_after_av_textblock  avia-builder-el-last '><a href='https:\/\/www.saas-fee.ch\/de\/winterwandern\/'  class='avia-button av-kxg3idk4-bc822aedead57c1ca15b8960d43d173b av-link-btn avia-icon_select-no avia-size-small avia-position-left avia-color-theme-color'  target=\"_blank\"  rel=\"noopener noreferrer\"  aria-label=\"En savoir plus\"><span class='avia_iconbox_title' >En savoir plus<\/span><\/a><\/div><\/p><\/div><div  class='flex_column av-40ea7l-887d1ad86d7a2bc0287b1a1e7decb3a9 av_one_third  avia-builder-el-21  el_after_av_two_third  el_before_av_two_third  first flex_column_div  column-top-margin'     ><style type=\"text\/css\" data-created_by=\"avia_inline_auto\" id=\"style-css-av-kxg3kax8-5e20868c6b8641bdda2c0aecfd03d5c9\">\n.avia-image-container.av-kxg3kax8-5e20868c6b8641bdda2c0aecfd03d5c9 img.avia_image{\nbox-shadow:none;\n}\n.avia-image-container.av-kxg3kax8-5e20868c6b8641bdda2c0aecfd03d5c9 .av-image-caption-overlay-center{\ncolor:#ffffff;\n}\n<\/style>\n<div  class='avia-image-container av-kxg3kax8-5e20868c6b8641bdda2c0aecfd03d5c9 av-styling- avia-align-center  avia-builder-el-22  avia-builder-el-no-sibling '   itemprop=\"image\" itemscope=\"itemscope\" itemtype=\"https:\/\/schema.org\/ImageObject\" ><div class=\"avia-image-container-inner\"><div class=\"avia-image-overlay-wrap\"><img decoding=\"async\" fetchpriority=\"high\" class='wp-image-1161 avia-img-lazy-loading-not-1161 avia_image ' src=\"https:\/\/hotel-olympia.ch\/wp-content\/uploads\/2021\/12\/Schlitteln-1024x576.jpg\" alt='' title='Schlitteln'  height=\"576\" width=\"1024\"  itemprop=\"thumbnailUrl\" srcset=\"https:\/\/hotel-olympia.ch\/wp-content\/uploads\/2021\/12\/Schlitteln-1024x576.jpg 1024w, https:\/\/hotel-olympia.ch\/wp-content\/uploads\/2021\/12\/Schlitteln-1030x579.jpg 1030w, https:\/\/hotel-olympia.ch\/wp-content\/uploads\/2021\/12\/Schlitteln-768x432.jpg 768w, https:\/\/hotel-olympia.ch\/wp-content\/uploads\/2021\/12\/Schlitteln-705x397.jpg 705w, https:\/\/hotel-olympia.ch\/wp-content\/uploads\/2021\/12\/Schlitteln.jpg 1328w\" sizes=\"(max-width: 1024px) 100vw, 1024px\" \/><\/div><\/div><\/div><\/div><div  class='flex_column av-294rgx-75012195b19572ae96450eb9b9fd0178 av_two_third  avia-builder-el-23  el_after_av_one_third  avia-builder-el-last  flex_column_div  column-top-margin'     ><section  class='av_textblock_section av-kxg3j7ye-139cee99ce023c2af35b78026d926ce9 '   itemscope=\"itemscope\" itemtype=\"https:\/\/schema.org\/CreativeWork\" ><div class='avia_textblock'  itemprop=\"text\" ><h2>Luge<\/h2>\n<p>Des skis \u00e0 la luge \u2013 amusez-vous avec toute la famille en traineau avec adr\u00e9naline. La montagne panoramique ensoleill\u00e9e Hannig est le point de d\u00e9part de la piste de luge de 5 km. Chaque mardi soir, la luge dite de nuit a lieu. Cela fait \u00e9galement partie de la discipline de l\u2019adr\u00e9naline en tra\u00eeneau \u2013 alors n\u2019oubliez pas de passer\u2026<\/p>\n<\/div><\/section><br \/>\n<div  class='avia-button-wrap av-kxg3jjkk-62519b4dee63032295173a61abd26284-wrap avia-button-left  avia-builder-el-25  el_after_av_textblock  avia-builder-el-last '><a href='https:\/\/www.saas-fee.ch\/de\/saastal\/aktivitaeten-veranstaltungen\/aktivitaeten\/schlitteln\/#c39895'  class='avia-button av-kxg3jjkk-62519b4dee63032295173a61abd26284 av-link-btn avia-icon_select-no avia-size-small avia-position-left avia-color-theme-color'  target=\"_blank\"  rel=\"noopener noreferrer\"  aria-label=\"En savoir plus\"><span class='avia_iconbox_title' >En savoir plus<\/span><\/a><\/div><\/p><\/div>\n","protected":false},"excerpt":{"rendered":"","protected":false},"author":3,"featured_media":0,"parent":0,"menu_order":0,"comment_status":"closed","ping_status":"open","template":"","meta":{"footnotes":""},"class_list":["post-1478","page","type-page","status-publish","hentry"],"yoast_head":"<!-- This site is optimized with the Yoast SEO plugin v27.3 - https:\/\/yoast.com\/product\/yoast-seo-wordpress\/ -->\n<title>L&#039;hiver \u00e0 Saas-Almagell &amp; Saas-Fee | Hotel Olympia<\/title>\n<meta name=\"description\" content=\"18 quatre mille entourent la vall\u00e9e de Saas! Un monde \u00e9crasant de montagnes et de glaciers \u00e9tonne tout simplement le spectateur.\" \/>\n<meta name=\"robots\" content=\"index, follow, max-snippet:-1, max-image-preview:large, max-video-preview:-1\" \/>\n<link rel=\"canonical\" href=\"https:\/\/hotel-olympia.ch\/fr\/hiver\/\" \/>\n<meta property=\"og:locale\" content=\"fr_FR\" \/>\n<meta property=\"og:type\" content=\"article\" \/>\n<meta property=\"og:title\" content=\"L&#039;hiver \u00e0 Saas-Almagell &amp; Saas-Fee | Hotel Olympia\" \/>\n<meta property=\"og:description\" content=\"18 quatre mille entourent la vall\u00e9e de Saas! Un monde \u00e9crasant de montagnes et de glaciers \u00e9tonne tout simplement le spectateur.\" \/>\n<meta property=\"og:url\" content=\"https:\/\/hotel-olympia.ch\/fr\/hiver\/\" \/>\n<meta property=\"og:site_name\" content=\"Hotel Olympia Saas-Almagell, Switzerland\" \/>\n<meta property=\"article:modified_time\" content=\"2022-11-01T16:09:52+00:00\" \/>\n<meta name=\"twitter:card\" content=\"summary_large_image\" \/>\n<meta name=\"twitter:label1\" content=\"Dur\u00e9e de lecture estim\u00e9e\" \/>\n\t<meta name=\"twitter:data1\" content=\"9 minutes\" \/>\n<script type=\"application\/ld+json\" class=\"yoast-schema-graph\">{\"@context\":\"https:\\\/\\\/schema.org\",\"@graph\":[{\"@type\":\"WebPage\",\"@id\":\"https:\\\/\\\/hotel-olympia.ch\\\/fr\\\/hiver\\\/\",\"url\":\"https:\\\/\\\/hotel-olympia.ch\\\/fr\\\/hiver\\\/\",\"name\":\"L'hiver \u00e0 Saas-Almagell & Saas-Fee | Hotel Olympia\",\"isPartOf\":{\"@id\":\"https:\\\/\\\/hotel-olympia.ch\\\/fr\\\/#website\"},\"datePublished\":\"2021-12-22T15:10:42+00:00\",\"dateModified\":\"2022-11-01T16:09:52+00:00\",\"description\":\"18 quatre mille entourent la vall\u00e9e de Saas! Un monde \u00e9crasant de montagnes et de glaciers \u00e9tonne tout simplement le spectateur.\",\"breadcrumb\":{\"@id\":\"https:\\\/\\\/hotel-olympia.ch\\\/fr\\\/hiver\\\/#breadcrumb\"},\"inLanguage\":\"fr-FR\",\"potentialAction\":[{\"@type\":\"ReadAction\",\"target\":[\"https:\\\/\\\/hotel-olympia.ch\\\/fr\\\/hiver\\\/\"]}]},{\"@type\":\"BreadcrumbList\",\"@id\":\"https:\\\/\\\/hotel-olympia.ch\\\/fr\\\/hiver\\\/#breadcrumb\",\"itemListElement\":[{\"@type\":\"ListItem\",\"position\":1,\"name\":\"Startseite\",\"item\":\"https:\\\/\\\/hotel-olympia.ch\\\/fr\\\/home\\\/\"},{\"@type\":\"ListItem\",\"position\":2,\"name\":\"Hiver\"}]},{\"@type\":\"WebSite\",\"@id\":\"https:\\\/\\\/hotel-olympia.ch\\\/fr\\\/#website\",\"url\":\"https:\\\/\\\/hotel-olympia.ch\\\/fr\\\/\",\"name\":\"Hotel Olympia Saas-Almagell, Switzerland\",\"description\":\"\",\"potentialAction\":[{\"@type\":\"SearchAction\",\"target\":{\"@type\":\"EntryPoint\",\"urlTemplate\":\"https:\\\/\\\/hotel-olympia.ch\\\/fr\\\/?s={search_term_string}\"},\"query-input\":{\"@type\":\"PropertyValueSpecification\",\"valueRequired\":true,\"valueName\":\"search_term_string\"}}],\"inLanguage\":\"fr-FR\"}]}<\/script>\n<!-- \/ Yoast SEO plugin. -->","yoast_head_json":{"title":"L'hiver \u00e0 Saas-Almagell & Saas-Fee | Hotel Olympia","description":"18 quatre mille entourent la vall\u00e9e de Saas! Un monde \u00e9crasant de montagnes et de glaciers \u00e9tonne tout simplement le spectateur.","robots":{"index":"index","follow":"follow","max-snippet":"max-snippet:-1","max-image-preview":"max-image-preview:large","max-video-preview":"max-video-preview:-1"},"canonical":"https:\/\/hotel-olympia.ch\/fr\/hiver\/","og_locale":"fr_FR","og_type":"article","og_title":"L'hiver \u00e0 Saas-Almagell & Saas-Fee | Hotel Olympia","og_description":"18 quatre mille entourent la vall\u00e9e de Saas! Un monde \u00e9crasant de montagnes et de glaciers \u00e9tonne tout simplement le spectateur.","og_url":"https:\/\/hotel-olympia.ch\/fr\/hiver\/","og_site_name":"Hotel Olympia Saas-Almagell, Switzerland","article_modified_time":"2022-11-01T16:09:52+00:00","twitter_card":"summary_large_image","twitter_misc":{"Dur\u00e9e de lecture estim\u00e9e":"9 minutes"},"schema":{"@context":"https:\/\/schema.org","@graph":[{"@type":"WebPage","@id":"https:\/\/hotel-olympia.ch\/fr\/hiver\/","url":"https:\/\/hotel-olympia.ch\/fr\/hiver\/","name":"L'hiver \u00e0 Saas-Almagell & Saas-Fee | Hotel Olympia","isPartOf":{"@id":"https:\/\/hotel-olympia.ch\/fr\/#website"},"datePublished":"2021-12-22T15:10:42+00:00","dateModified":"2022-11-01T16:09:52+00:00","description":"18 quatre mille entourent la vall\u00e9e de Saas! Un monde \u00e9crasant de montagnes et de glaciers \u00e9tonne tout simplement le spectateur.","breadcrumb":{"@id":"https:\/\/hotel-olympia.ch\/fr\/hiver\/#breadcrumb"},"inLanguage":"fr-FR","potentialAction":[{"@type":"ReadAction","target":["https:\/\/hotel-olympia.ch\/fr\/hiver\/"]}]},{"@type":"BreadcrumbList","@id":"https:\/\/hotel-olympia.ch\/fr\/hiver\/#breadcrumb","itemListElement":[{"@type":"ListItem","position":1,"name":"Startseite","item":"https:\/\/hotel-olympia.ch\/fr\/home\/"},{"@type":"ListItem","position":2,"name":"Hiver"}]},{"@type":"WebSite","@id":"https:\/\/hotel-olympia.ch\/fr\/#website","url":"https:\/\/hotel-olympia.ch\/fr\/","name":"Hotel Olympia Saas-Almagell, Switzerland","description":"","potentialAction":[{"@type":"SearchAction","target":{"@type":"EntryPoint","urlTemplate":"https:\/\/hotel-olympia.ch\/fr\/?s={search_term_string}"},"query-input":{"@type":"PropertyValueSpecification","valueRequired":true,"valueName":"search_term_string"}}],"inLanguage":"fr-FR"}]}},"_links":{"self":[{"href":"https:\/\/hotel-olympia.ch\/fr\/wp-json\/wp\/v2\/pages\/1478","targetHints":{"allow":["GET"]}}],"collection":[{"href":"https:\/\/hotel-olympia.ch\/fr\/wp-json\/wp\/v2\/pages"}],"about":[{"href":"https:\/\/hotel-olympia.ch\/fr\/wp-json\/wp\/v2\/types\/page"}],"author":[{"embeddable":true,"href":"https:\/\/hotel-olympia.ch\/fr\/wp-json\/wp\/v2\/users\/3"}],"replies":[{"embeddable":true,"href":"https:\/\/hotel-olympia.ch\/fr\/wp-json\/wp\/v2\/comments?post=1478"}],"version-history":[{"count":18,"href":"https:\/\/hotel-olympia.ch\/fr\/wp-json\/wp\/v2\/pages\/1478\/revisions"}],"predecessor-version":[{"id":2718,"href":"https:\/\/hotel-olympia.ch\/fr\/wp-json\/wp\/v2\/pages\/1478\/revisions\/2718"}],"wp:attachment":[{"href":"https:\/\/hotel-olympia.ch\/fr\/wp-json\/wp\/v2\/media?parent=1478"}],"curies":[{"name":"wp","href":"https:\/\/api.w.org\/{rel}","templated":true}]}}