{"id":1472,"date":"2021-12-22T15:59:57","date_gmt":"2021-12-22T14:59:57","guid":{"rendered":"https:\/\/neu.hotel-olympia.ch\/activites-dete\/"},"modified":"2022-11-01T16:41:50","modified_gmt":"2022-11-01T15:41:50","slug":"activites-dete","status":"publish","type":"page","link":"https:\/\/hotel-olympia.ch\/fr\/activites-dete\/","title":{"rendered":"Activit\u00e9s d\u2019\u00e9t\u00e9"},"content":{"rendered":"\n<style type=\"text\/css\" data-created_by=\"avia_inline_auto\" id=\"style-css-av-iqgzs-233a188377bd04cf4edc1deeaf1487e1\">\n.avia-section.av-iqgzs-233a188377bd04cf4edc1deeaf1487e1 .av-parallax .av-parallax-inner{\nbackground-repeat:no-repeat;\nbackground-image:url(https:\/\/hotel-olympia.ch\/wp-content\/uploads\/2021\/12\/sommer.jpg);\nbackground-position:50% 50%;\nbackground-attachment:scroll;\n}\n.avia-section.av-iqgzs-233a188377bd04cf4edc1deeaf1487e1 .av-section-color-overlay{\nopacity:0.6;\nbackground-color:#000000;\n}\n<\/style>\n<div id='av_section_1'  class='avia-section av-iqgzs-233a188377bd04cf4edc1deeaf1487e1 main_color avia-section-default avia-shadow  avia-builder-el-0  el_before_av_section  avia-builder-el-first  banner avia-full-stretch av-parallax-section avia-bg-style-parallax av-section-color-overlay-active av-minimum-height av-minimum-height-25 av-height-25  container_wrap fullsize'  data-section-bg-repeat='stretch' data-av_minimum_height_pc='25' data-av_min_height_opt='25'><div class='av-parallax' data-avia-parallax-ratio='0.3' ><div class='av-parallax-inner main_color avia-full-stretch'><\/div><\/div><div class=\"av-section-color-overlay-wrap\"><div class=\"av-section-color-overlay\"><\/div><div class='container av-section-cont-open' ><main  role=\"main\" itemprop=\"mainContentOfPage\"  class='template-page content  av-content-full alpha units'><div class='post-entry post-entry-type-page post-entry-1472'><div class='entry-content-wrapper clearfix'>\n<\/div><\/div><\/main><!-- close content main element --><\/div><\/div><\/div><div id='av_section_2'  class='avia-section av-gaoi0-ca84cc48cb1029f2e67731146d7dce32 main_color avia-section-no-padding avia-no-border-styling  avia-builder-el-1  el_after_av_section  el_before_av_section  breadcrumbs-wrapper av-small-hide av-mini-hide avia-bg-style-scroll container_wrap fullsize'  ><div class='container av-section-cont-open' ><div class='template-page content  av-content-full alpha units'><div class='post-entry post-entry-type-page post-entry-1472'><div class='entry-content-wrapper clearfix'>\n<section  class='av_textblock_section av-97vns-3a8f6444f66afe15b1d60e6a1386e811 '   itemscope=\"itemscope\" itemtype=\"https:\/\/schema.org\/CreativeWork\" ><div class='avia_textblock'  itemprop=\"text\" ><p style=\"text-align: center;\"><div class=\"breadcrumb breadcrumbs avia-breadcrumbs\"><div class=\"breadcrumb-trail\" ><span class=\"trail-before\"><span class=\"breadcrumb-title\">Vous \u00eates ici :<\/span><\/span> <span  itemscope=\"itemscope\" itemtype=\"https:\/\/schema.org\/BreadcrumbList\" ><span  itemscope=\"itemscope\" itemtype=\"https:\/\/schema.org\/ListItem\" itemprop=\"itemListElement\" ><a itemprop=\"url\" href=\"https:\/\/hotel-olympia.ch\/fr\/\" title=\"Hotel Olympia Saas-Almagell, Switzerland\" rel=\"home\" class=\"trail-begin\"><span itemprop=\"name\">Accueil<\/span><\/a><span itemprop=\"position\" class=\"hidden\">1<\/span><\/span><\/span><\/div><\/div><\/p>\n<\/div><\/section>\n\n<\/div><\/div><\/div><!-- close content main div --><\/div><\/div><div id='av_section_3'  class='avia-section av-kbufzd3s-98ae0d8c2b47888ed7f5db2e8f466e1a main_color avia-section-huge avia-shadow  avia-builder-el-3  el_after_av_section  avia-builder-el-last  avia-bg-style-scroll container_wrap fullsize'  ><div class='container av-section-cont-open' ><div class='template-page content  av-content-full alpha units'><div class='post-entry post-entry-type-page post-entry-1472'><div class='entry-content-wrapper clearfix'>\n<div  class='flex_column av-gydyg-806d76003497502366380405c5b00889 av_one_full  avia-builder-el-4  el_before_av_one_third  avia-builder-el-first  lead first flex_column_div  '     ><section  class='av_textblock_section av-bn0ao-509aebf3434fb065ad50bd0dc0ea6c1f '   itemscope=\"itemscope\" itemtype=\"https:\/\/schema.org\/CreativeWork\" ><div class='avia_textblock'  itemprop=\"text\" ><h1 style=\"text-align: center;\">L&rsquo;\u00e9t\u00e9 \u00e0 Saas-Almagell &amp; Saas-Fee<\/h1>\n<p style=\"text-align: center;\">Activit\u00e9s en \u00e9t\u00e9 autour de Saas-Fee &#8211; pour les aventuriers, les familles, les sportifs et les explorateurs.<\/p>\n<\/div><\/section><\/div><div  class='flex_column av-4tag6q-2a3d318bb80c8c6945a7139dd5ae6359 av_one_third  avia-builder-el-6  el_after_av_one_full  el_before_av_two_third  first flex_column_div  column-top-margin'     ><style type=\"text\/css\" data-created_by=\"avia_inline_auto\" id=\"style-css-av-kxg2mmxd-2be9cc9d243709985ee05d1183daf30e\">\n.avia-image-container.av-kxg2mmxd-2be9cc9d243709985ee05d1183daf30e img.avia_image{\nbox-shadow:none;\n}\n.avia-image-container.av-kxg2mmxd-2be9cc9d243709985ee05d1183daf30e .av-image-caption-overlay-center{\ncolor:#ffffff;\n}\n<\/style>\n<div  class='avia-image-container av-kxg2mmxd-2be9cc9d243709985ee05d1183daf30e av-styling- avia-align-center  avia-builder-el-7  avia-builder-el-no-sibling '   itemprop=\"image\" itemscope=\"itemscope\" itemtype=\"https:\/\/schema.org\/ImageObject\" ><div class=\"avia-image-container-inner\"><div class=\"avia-image-overlay-wrap\"><img decoding=\"async\" fetchpriority=\"high\" class='wp-image-1129 avia-img-lazy-loading-not-1129 avia_image ' src=\"https:\/\/hotel-olympia.ch\/wp-content\/uploads\/2021\/12\/Wandern-1-1024x576.jpg\" alt='' title='Wandern'  height=\"576\" width=\"1024\"  itemprop=\"thumbnailUrl\" srcset=\"https:\/\/hotel-olympia.ch\/wp-content\/uploads\/2021\/12\/Wandern-1-1024x576.jpg 1024w, https:\/\/hotel-olympia.ch\/wp-content\/uploads\/2021\/12\/Wandern-1-1030x579.jpg 1030w, https:\/\/hotel-olympia.ch\/wp-content\/uploads\/2021\/12\/Wandern-1-768x432.jpg 768w, https:\/\/hotel-olympia.ch\/wp-content\/uploads\/2021\/12\/Wandern-1-705x397.jpg 705w, https:\/\/hotel-olympia.ch\/wp-content\/uploads\/2021\/12\/Wandern-1.jpg 1328w\" sizes=\"(max-width: 1024px) 100vw, 1024px\" \/><\/div><\/div><\/div><\/div><div  class='flex_column av-2rhrr6-c9d400722511aa4e2bd3fd6a6397aeb8 av_two_third  avia-builder-el-8  el_after_av_one_third  el_before_av_one_third  flex_column_div  column-top-margin'     ><section  class='av_textblock_section av-kxg2ia0x-724ea43b30dac99862a221ba4563ee14 '   itemscope=\"itemscope\" itemtype=\"https:\/\/schema.org\/CreativeWork\" ><div class='avia_textblock'  itemprop=\"text\" ><h2>Randonn\u00e9e<\/h2>\n<p>Randonn\u00e9es faciles ou excursions en hautes Alpes? Saas-Fee, la R\u00e9publique Libre des Vacances, est le v\u00e9ritable paradis des sports en plein air. Sur les chemins vari\u00e9s qui s\u2019\u00e9tendent sur 350 km, vous allez d\u00e9couvrir les 18 sommets de quatre mille m\u00e8tres sous une perspective toujours nouvelle. Accompagn\u00e9 d\u2019un de nos guides professionnels, vous pourrez m\u00eame les\u2026<\/p>\n<\/div><\/section><br \/>\n<div  class='avia-buttonrow-wrap av-kxg3atwf-586e01c78f1cecd4e96a6236424d99f9 avia-buttonrow-left  avia-builder-el-10  el_after_av_textblock  avia-builder-el-last '>\n\n<style type=\"text\/css\" data-created_by=\"avia_inline_auto\" id=\"style-css-av-kxg39yjd-85ef15411746bbcc20f635c8a7673633\">\n#top #wrap_all .avia-button.av-kxg39yjd-85ef15411746bbcc20f635c8a7673633{\nmargin-bottom:5px;\nmargin-right:5px;\n}\n<\/style>\n<a href='https:\/\/www.saas-fee.ch\/de\/berge\/aktivitaeten-am-berg\/wandern-und-bergtouren\/'  class='avia-button av-kxg39yjd-85ef15411746bbcc20f635c8a7673633 avia-icon_select-no avia-size-small avia-color-theme-color'  target=\"_blank\"  rel=\"noopener noreferrer\"  aria-label=\"En savoir plus\"><span class='avia_iconbox_title' >En savoir plus<\/span><\/a>\n\n<style type=\"text\/css\" data-created_by=\"avia_inline_auto\" id=\"style-css-av-kxg3anco-1269df395ccd65ff9e0d6f4f717e104e\">\n#top #wrap_all .avia-button.av-kxg3anco-1269df395ccd65ff9e0d6f4f717e104e{\nmargin-bottom:5px;\nmargin-right:5px;\n}\n<\/style>\n<a href='https:\/\/www.saas-fee.ch\/de\/berge\/das-gebiet\/karten-plaene\/'  class='avia-button av-kxg3anco-1269df395ccd65ff9e0d6f4f717e104e avia-icon_select-no avia-size-small avia-color-theme-color'  target=\"_blank\"  rel=\"noopener noreferrer\"  aria-label=\"Cartes\"><span class='avia_iconbox_title' >Cartes<\/span><\/a>\n<\/div><\/p><\/div><div  class='flex_column av-ab1ks1-ac4fef6dec0b74c469ec6b3a0ebed854 av_one_third  avia-builder-el-11  el_after_av_two_third  el_before_av_two_third  first flex_column_div  column-top-margin'     ><style type=\"text\/css\" data-created_by=\"avia_inline_auto\" id=\"style-css-av-kxg3gbst-bc1ce60588173ccddd44c997783a90bf\">\n.avia-image-container.av-kxg3gbst-bc1ce60588173ccddd44c997783a90bf img.avia_image{\nbox-shadow:none;\n}\n.avia-image-container.av-kxg3gbst-bc1ce60588173ccddd44c997783a90bf .av-image-caption-overlay-center{\ncolor:#ffffff;\n}\n<\/style>\n<div  class='avia-image-container av-kxg3gbst-bc1ce60588173ccddd44c997783a90bf av-styling- avia-align-center  avia-builder-el-12  avia-builder-el-no-sibling '   itemprop=\"image\" itemscope=\"itemscope\" itemtype=\"https:\/\/schema.org\/ImageObject\" ><div class=\"avia-image-container-inner\"><div class=\"avia-image-overlay-wrap\"><img decoding=\"async\" fetchpriority=\"high\" class='wp-image-1132 avia-img-lazy-loading-not-1132 avia_image ' src=\"https:\/\/hotel-olympia.ch\/wp-content\/uploads\/2021\/12\/Golf-1024x576.jpg\" alt='' title='Golf'  height=\"576\" width=\"1024\"  itemprop=\"thumbnailUrl\" srcset=\"https:\/\/hotel-olympia.ch\/wp-content\/uploads\/2021\/12\/Golf-1024x576.jpg 1024w, https:\/\/hotel-olympia.ch\/wp-content\/uploads\/2021\/12\/Golf-1030x579.jpg 1030w, https:\/\/hotel-olympia.ch\/wp-content\/uploads\/2021\/12\/Golf-768x432.jpg 768w, https:\/\/hotel-olympia.ch\/wp-content\/uploads\/2021\/12\/Golf-705x397.jpg 705w, https:\/\/hotel-olympia.ch\/wp-content\/uploads\/2021\/12\/Golf.jpg 1328w\" sizes=\"(max-width: 1024px) 100vw, 1024px\" \/><\/div><\/div><\/div><\/div><div  class='flex_column av-9e5dlt-49dffe20379b3fe85c71ce4e48256649 av_two_third  avia-builder-el-13  el_after_av_one_third  el_before_av_one_third  flex_column_div  column-top-margin'     ><section  class='av_textblock_section av-kxg3e82e-ab8672643d50f8ebec0945bb7b031b92 '   itemscope=\"itemscope\" itemtype=\"https:\/\/schema.org\/CreativeWork\" ><div class='avia_textblock'  itemprop=\"text\" ><h2>Le golf<\/h2>\n<p>Le practice et le green artificiel sur le terrain de sport Kalbermatten \u00e0 Saas-Fee sont \u00e0 la disposition des golfeurs exp\u00e9riment\u00e9s et des d\u00e9butants. Terrain de d\u00e9part jusqu\u2019\u00e0 200m. Le parcours de golf de 6 trous se trouve sur terrain alpin \u00e0 Saas-Fee et est un changement agr\u00e9able pour tous les golfeurs. Avoir une autorisation de parcours n\u2019est pas n\u00e9cessaire\u2026<\/p>\n<\/div><\/section><br \/>\n<div  class='avia-button-wrap av-kxg3gns3-f54cb753b737e2e5fe2fae964c8d9f3e-wrap avia-button-left  avia-builder-el-15  el_after_av_textblock  avia-builder-el-last '><a href='https:\/\/www.saas-fee.ch\/de\/saastal\/aktivitaeten-veranstaltungen\/aktivitaeten\/golf\/'  class='avia-button av-kxg3gns3-f54cb753b737e2e5fe2fae964c8d9f3e av-link-btn avia-icon_select-no avia-size-small avia-position-left avia-color-theme-color'  target=\"_blank\"  rel=\"noopener noreferrer\"  aria-label=\"En savoir plus\"><span class='avia_iconbox_title' >En savoir plus<\/span><\/a><\/div><\/p><\/div><div  class='flex_column av-851sj5-1f3a7de35813d92d09d01ec4ddfee608 av_one_third  avia-builder-el-16  el_after_av_two_third  el_before_av_two_third  first flex_column_div  column-top-margin'     ><style type=\"text\/css\" data-created_by=\"avia_inline_auto\" id=\"style-css-av-kxg3i118-e561107327b177b025769dc261907e03\">\n.avia-image-container.av-kxg3i118-e561107327b177b025769dc261907e03 img.avia_image{\nbox-shadow:none;\n}\n.avia-image-container.av-kxg3i118-e561107327b177b025769dc261907e03 .av-image-caption-overlay-center{\ncolor:#ffffff;\n}\n<\/style>\n<div  class='avia-image-container av-kxg3i118-e561107327b177b025769dc261907e03 av-styling- avia-align-center  avia-builder-el-17  avia-builder-el-no-sibling '   itemprop=\"image\" itemscope=\"itemscope\" itemtype=\"https:\/\/schema.org\/ImageObject\" ><div class=\"avia-image-container-inner\"><div class=\"avia-image-overlay-wrap\"><img decoding=\"async\" fetchpriority=\"high\" class='wp-image-1135 avia-img-lazy-loading-not-1135 avia_image ' src=\"https:\/\/hotel-olympia.ch\/wp-content\/uploads\/2021\/12\/Beachvolleyball.jpg\" alt='' title='Beachvolleyball'  height=\"300\" width=\"500\"  itemprop=\"thumbnailUrl\"  \/><\/div><\/div><\/div><\/div><div  class='flex_column av-64q9oh-41d8cd1b83a91822c62d24eb4d8e93ef av_two_third  avia-builder-el-18  el_after_av_one_third  el_before_av_one_third  flex_column_div  column-top-margin'     ><section  class='av_textblock_section av-kxg3hcuj-f9b2062cba4f1dfc3a1f664bbe22fa0e '   itemscope=\"itemscope\" itemtype=\"https:\/\/schema.org\/CreativeWork\" ><div class='avia_textblock'  itemprop=\"text\" ><h2>Beach-volleyball<\/h2>\n<p>Le beach-volleyball, discipline olympique depuis 1996, ne peut faire d\u00e9faut dans la R\u00e9publique Libre des Vacances Saas-Fee. Deux \u00e9quipes de deux joueurs s\u2019affrontent sur un terrain recouvert de sable, s\u00e9par\u00e9es par un filet. Le but est d\u2019envoyer la balle au-dessus du filet et de la faire retomber \u00e0 l\u2019int\u00e9rieur du terrain adverse, ou encore de faire commettre\u2026<\/p>\n<\/div><\/section><br \/>\n<div  class='avia-button-wrap av-kxg3idk4-c82198e7db3b2dcf1ed2d0a657c14c4b-wrap avia-button-left  avia-builder-el-20  el_after_av_textblock  avia-builder-el-last '><a href='https:\/\/www.saas-fee.ch\/de\/saastal\/aktivitaeten-veranstaltungen\/aktivitaeten\/beachvolleyball\/'  class='avia-button av-kxg3idk4-c82198e7db3b2dcf1ed2d0a657c14c4b av-link-btn avia-icon_select-no avia-size-small avia-position-left avia-color-theme-color'  target=\"_blank\"  rel=\"noopener noreferrer\"  aria-label=\"En savoir plus\"><span class='avia_iconbox_title' >En savoir plus<\/span><\/a><\/div><\/p><\/div><div  class='flex_column av-40ea7l-887d1ad86d7a2bc0287b1a1e7decb3a9 av_one_third  avia-builder-el-21  el_after_av_two_third  el_before_av_two_third  first flex_column_div  column-top-margin'     ><style type=\"text\/css\" data-created_by=\"avia_inline_auto\" id=\"style-css-av-kxg3kax8-2f61816a8f2f345205d8b9d67673a1b1\">\n.avia-image-container.av-kxg3kax8-2f61816a8f2f345205d8b9d67673a1b1 img.avia_image{\nbox-shadow:none;\n}\n.avia-image-container.av-kxg3kax8-2f61816a8f2f345205d8b9d67673a1b1 .av-image-caption-overlay-center{\ncolor:#ffffff;\n}\n<\/style>\n<div  class='avia-image-container av-kxg3kax8-2f61816a8f2f345205d8b9d67673a1b1 av-styling- avia-align-center  avia-builder-el-22  avia-builder-el-no-sibling '   itemprop=\"image\" itemscope=\"itemscope\" itemtype=\"https:\/\/schema.org\/ImageObject\" ><div class=\"avia-image-container-inner\"><div class=\"avia-image-overlay-wrap\"><img decoding=\"async\" fetchpriority=\"high\" class='wp-image-1138 avia-img-lazy-loading-not-1138 avia_image ' src=\"https:\/\/hotel-olympia.ch\/wp-content\/uploads\/2021\/12\/Boccia.jpg\" alt='' title='Boccia'  height=\"300\" width=\"500\"  itemprop=\"thumbnailUrl\"  \/><\/div><\/div><\/div><\/div><div  class='flex_column av-294rgx-75012195b19572ae96450eb9b9fd0178 av_two_third  avia-builder-el-23  el_after_av_one_third  el_before_av_one_third  flex_column_div  column-top-margin'     ><section  class='av_textblock_section av-kxg3j7ye-139cee99ce023c2af35b78026d926ce9 '   itemscope=\"itemscope\" itemtype=\"https:\/\/schema.org\/CreativeWork\" ><div class='avia_textblock'  itemprop=\"text\" ><h2>P\u00e9tanque \/ Boccia<\/h2>\n<p>Qui aime jouer aux boules a l\u2019opportunit\u00e9 de conna\u00eetre ses semblables, la p\u00e9tanque et la boccia, dans la R\u00e9publique Libre des Vacances Saas-Fee. Alors que le jeu de boules se joue sur une pelouse, la p\u00e9tanque s\u2019effectue sur du gravier et la boccia sur un terrain nivel\u00e9. La principale diff\u00e9rence entre eux est la surface de jeu. L\u2019objectif reste le m\u00eame\u2026 Bei beiden geht es n\u00e4mlich\u2026<\/p>\n<\/div><\/section><br \/>\n<div  class='avia-button-wrap av-kxg3jjkk-426fbfbd1ae0b718fdc9f2147b55e3bd-wrap avia-button-left  avia-builder-el-25  el_after_av_textblock  avia-builder-el-last '><a href='https:\/\/www.saas-fee.ch\/de\/saastal\/aktivitaeten-veranstaltungen\/aktivitaeten\/petanqueboccia\/'  class='avia-button av-kxg3jjkk-426fbfbd1ae0b718fdc9f2147b55e3bd av-link-btn avia-icon_select-no avia-size-small avia-position-left avia-color-theme-color'  target=\"_blank\"  rel=\"noopener noreferrer\"  aria-label=\"En savoir plus\"><span class='avia_iconbox_title' >En savoir plus<\/span><\/a><\/div><\/p><\/div><div  class='flex_column av-6ic0wd-1c01f6158f37e27604080536ca90142d av_one_third  avia-builder-el-26  el_after_av_two_third  el_before_av_two_third  first flex_column_div  column-top-margin'     ><style type=\"text\/css\" data-created_by=\"avia_inline_auto\" id=\"style-css-av-l2zup1ul-5cc470197e5ce1d4e62b9a5feca4d5fa\">\n.avia-image-container.av-l2zup1ul-5cc470197e5ce1d4e62b9a5feca4d5fa img.avia_image{\nbox-shadow:none;\n}\n.avia-image-container.av-l2zup1ul-5cc470197e5ce1d4e62b9a5feca4d5fa .av-image-caption-overlay-center{\ncolor:#ffffff;\n}\n<\/style>\n<div  class='avia-image-container av-l2zup1ul-5cc470197e5ce1d4e62b9a5feca4d5fa av-styling- avia-align-center  avia-builder-el-27  avia-builder-el-no-sibling '   itemprop=\"image\" itemscope=\"itemscope\" itemtype=\"https:\/\/schema.org\/ImageObject\" ><div class=\"avia-image-container-inner\"><div class=\"avia-image-overlay-wrap\"><img decoding=\"async\" fetchpriority=\"high\" class='wp-image- avia-img-lazy-loading-not- avia_image ' src=\"https:\/\/hotel-olympia.ch\/wp-content\/uploads\/2022\/05\/E-Bike-mieten-Saas-Almagell.jpeg\" alt='' title=''   itemprop=\"thumbnailUrl\"  \/><\/div><\/div><\/div><\/div><div  class='flex_column av-4bf0nx-7ca36eb48751080c7f1b7488db8ca22a av_two_third  avia-builder-el-28  el_after_av_one_third  avia-builder-el-last  flex_column_div  column-top-margin'     ><section  class='av_textblock_section av-l2zul8ob-2a7dcc0f5abaaeda0cb25adaf8e2b3b2 '   itemscope=\"itemscope\" itemtype=\"https:\/\/schema.org\/CreativeWork\" ><div class='avia_textblock'  itemprop=\"text\" ><h2>Location de v\u00e9los \u00e9lectriques<\/h2>\n<p>Louez un v\u00e9lo \u00e9lectrique directement chez nous \u00e0 l&rsquo;h\u00f4tel et d\u00e9couvrez notre merveilleuse nature autour de Saas-Fee.<\/p>\n<\/div><\/section><br \/>\n<div  class='avia-button-wrap av-l9e5xe1r-60b2a49f5c5ae1d51e2b0f04f006a700-wrap avia-button-left  avia-builder-el-30  el_after_av_textblock  avia-builder-el-last '><a href='https:\/\/hotel-olympia.ch\/fr\/activites-dete\/e-bike\/'  class='avia-button av-l9e5xe1r-60b2a49f5c5ae1d51e2b0f04f006a700 av-link-btn avia-icon_select-no avia-size-small avia-position-left avia-color-theme-color'   aria-label=\"En savoir plus\"><span class='avia_iconbox_title' >En savoir plus<\/span><\/a><\/div><\/p><\/div>\n","protected":false},"excerpt":{"rendered":"","protected":false},"author":3,"featured_media":0,"parent":0,"menu_order":0,"comment_status":"closed","ping_status":"open","template":"","meta":{"footnotes":""},"class_list":["post-1472","page","type-page","status-publish","hentry"],"yoast_head":"<!-- This site is optimized with the Yoast SEO plugin v27.3 - https:\/\/yoast.com\/product\/yoast-seo-wordpress\/ -->\n<title>L&#039;\u00e9t\u00e9 \u00e0 Saas-Almagell &amp; Saas-Fee | Hotel Olympia<\/title>\n<meta name=\"description\" content=\"Un large \u00e9ventail d&#039;activit\u00e9s en \u00e9t\u00e9 autour de Saas-Fee - pour les aventuriers, les familles, les sportifs et les explorateurs.\" \/>\n<meta name=\"robots\" content=\"index, follow, max-snippet:-1, max-image-preview:large, max-video-preview:-1\" \/>\n<link rel=\"canonical\" href=\"https:\/\/hotel-olympia.ch\/fr\/activites-dete\/\" \/>\n<meta property=\"og:locale\" content=\"fr_FR\" \/>\n<meta property=\"og:type\" content=\"article\" \/>\n<meta property=\"og:title\" content=\"L&#039;\u00e9t\u00e9 \u00e0 Saas-Almagell &amp; Saas-Fee | Hotel Olympia\" \/>\n<meta property=\"og:description\" content=\"Un large \u00e9ventail d&#039;activit\u00e9s en \u00e9t\u00e9 autour de Saas-Fee - pour les aventuriers, les familles, les sportifs et les explorateurs.\" \/>\n<meta property=\"og:url\" content=\"https:\/\/hotel-olympia.ch\/fr\/activites-dete\/\" \/>\n<meta property=\"og:site_name\" content=\"Hotel Olympia Saas-Almagell, Switzerland\" \/>\n<meta property=\"article:modified_time\" content=\"2022-11-01T15:41:50+00:00\" \/>\n<meta name=\"twitter:card\" content=\"summary_large_image\" \/>\n<meta name=\"twitter:label1\" content=\"Dur\u00e9e de lecture estim\u00e9e\" \/>\n\t<meta name=\"twitter:data1\" content=\"11 minutes\" \/>\n<script type=\"application\/ld+json\" class=\"yoast-schema-graph\">{\"@context\":\"https:\\\/\\\/schema.org\",\"@graph\":[{\"@type\":\"WebPage\",\"@id\":\"https:\\\/\\\/hotel-olympia.ch\\\/fr\\\/activites-dete\\\/\",\"url\":\"https:\\\/\\\/hotel-olympia.ch\\\/fr\\\/activites-dete\\\/\",\"name\":\"L'\u00e9t\u00e9 \u00e0 Saas-Almagell & Saas-Fee | Hotel Olympia\",\"isPartOf\":{\"@id\":\"https:\\\/\\\/hotel-olympia.ch\\\/fr\\\/#website\"},\"datePublished\":\"2021-12-22T14:59:57+00:00\",\"dateModified\":\"2022-11-01T15:41:50+00:00\",\"description\":\"Un large \u00e9ventail d'activit\u00e9s en \u00e9t\u00e9 autour de Saas-Fee - pour les aventuriers, les familles, les sportifs et les explorateurs.\",\"breadcrumb\":{\"@id\":\"https:\\\/\\\/hotel-olympia.ch\\\/fr\\\/activites-dete\\\/#breadcrumb\"},\"inLanguage\":\"fr-FR\",\"potentialAction\":[{\"@type\":\"ReadAction\",\"target\":[\"https:\\\/\\\/hotel-olympia.ch\\\/fr\\\/activites-dete\\\/\"]}]},{\"@type\":\"BreadcrumbList\",\"@id\":\"https:\\\/\\\/hotel-olympia.ch\\\/fr\\\/activites-dete\\\/#breadcrumb\",\"itemListElement\":[{\"@type\":\"ListItem\",\"position\":1,\"name\":\"Startseite\",\"item\":\"https:\\\/\\\/hotel-olympia.ch\\\/fr\\\/home\\\/\"},{\"@type\":\"ListItem\",\"position\":2,\"name\":\"Activit\u00e9s d\u2019\u00e9t\u00e9\"}]},{\"@type\":\"WebSite\",\"@id\":\"https:\\\/\\\/hotel-olympia.ch\\\/fr\\\/#website\",\"url\":\"https:\\\/\\\/hotel-olympia.ch\\\/fr\\\/\",\"name\":\"Hotel Olympia Saas-Almagell, Switzerland\",\"description\":\"\",\"potentialAction\":[{\"@type\":\"SearchAction\",\"target\":{\"@type\":\"EntryPoint\",\"urlTemplate\":\"https:\\\/\\\/hotel-olympia.ch\\\/fr\\\/?s={search_term_string}\"},\"query-input\":{\"@type\":\"PropertyValueSpecification\",\"valueRequired\":true,\"valueName\":\"search_term_string\"}}],\"inLanguage\":\"fr-FR\"}]}<\/script>\n<!-- \/ Yoast SEO plugin. -->","yoast_head_json":{"title":"L'\u00e9t\u00e9 \u00e0 Saas-Almagell & Saas-Fee | Hotel Olympia","description":"Un large \u00e9ventail d'activit\u00e9s en \u00e9t\u00e9 autour de Saas-Fee - pour les aventuriers, les familles, les sportifs et les explorateurs.","robots":{"index":"index","follow":"follow","max-snippet":"max-snippet:-1","max-image-preview":"max-image-preview:large","max-video-preview":"max-video-preview:-1"},"canonical":"https:\/\/hotel-olympia.ch\/fr\/activites-dete\/","og_locale":"fr_FR","og_type":"article","og_title":"L'\u00e9t\u00e9 \u00e0 Saas-Almagell & Saas-Fee | Hotel Olympia","og_description":"Un large \u00e9ventail d'activit\u00e9s en \u00e9t\u00e9 autour de Saas-Fee - pour les aventuriers, les familles, les sportifs et les explorateurs.","og_url":"https:\/\/hotel-olympia.ch\/fr\/activites-dete\/","og_site_name":"Hotel Olympia Saas-Almagell, Switzerland","article_modified_time":"2022-11-01T15:41:50+00:00","twitter_card":"summary_large_image","twitter_misc":{"Dur\u00e9e de lecture estim\u00e9e":"11 minutes"},"schema":{"@context":"https:\/\/schema.org","@graph":[{"@type":"WebPage","@id":"https:\/\/hotel-olympia.ch\/fr\/activites-dete\/","url":"https:\/\/hotel-olympia.ch\/fr\/activites-dete\/","name":"L'\u00e9t\u00e9 \u00e0 Saas-Almagell & Saas-Fee | Hotel Olympia","isPartOf":{"@id":"https:\/\/hotel-olympia.ch\/fr\/#website"},"datePublished":"2021-12-22T14:59:57+00:00","dateModified":"2022-11-01T15:41:50+00:00","description":"Un large \u00e9ventail d'activit\u00e9s en \u00e9t\u00e9 autour de Saas-Fee - pour les aventuriers, les familles, les sportifs et les explorateurs.","breadcrumb":{"@id":"https:\/\/hotel-olympia.ch\/fr\/activites-dete\/#breadcrumb"},"inLanguage":"fr-FR","potentialAction":[{"@type":"ReadAction","target":["https:\/\/hotel-olympia.ch\/fr\/activites-dete\/"]}]},{"@type":"BreadcrumbList","@id":"https:\/\/hotel-olympia.ch\/fr\/activites-dete\/#breadcrumb","itemListElement":[{"@type":"ListItem","position":1,"name":"Startseite","item":"https:\/\/hotel-olympia.ch\/fr\/home\/"},{"@type":"ListItem","position":2,"name":"Activit\u00e9s d\u2019\u00e9t\u00e9"}]},{"@type":"WebSite","@id":"https:\/\/hotel-olympia.ch\/fr\/#website","url":"https:\/\/hotel-olympia.ch\/fr\/","name":"Hotel Olympia Saas-Almagell, Switzerland","description":"","potentialAction":[{"@type":"SearchAction","target":{"@type":"EntryPoint","urlTemplate":"https:\/\/hotel-olympia.ch\/fr\/?s={search_term_string}"},"query-input":{"@type":"PropertyValueSpecification","valueRequired":true,"valueName":"search_term_string"}}],"inLanguage":"fr-FR"}]}},"_links":{"self":[{"href":"https:\/\/hotel-olympia.ch\/fr\/wp-json\/wp\/v2\/pages\/1472","targetHints":{"allow":["GET"]}}],"collection":[{"href":"https:\/\/hotel-olympia.ch\/fr\/wp-json\/wp\/v2\/pages"}],"about":[{"href":"https:\/\/hotel-olympia.ch\/fr\/wp-json\/wp\/v2\/types\/page"}],"author":[{"embeddable":true,"href":"https:\/\/hotel-olympia.ch\/fr\/wp-json\/wp\/v2\/users\/3"}],"replies":[{"embeddable":true,"href":"https:\/\/hotel-olympia.ch\/fr\/wp-json\/wp\/v2\/comments?post=1472"}],"version-history":[{"count":9,"href":"https:\/\/hotel-olympia.ch\/fr\/wp-json\/wp\/v2\/pages\/1472\/revisions"}],"predecessor-version":[{"id":2707,"href":"https:\/\/hotel-olympia.ch\/fr\/wp-json\/wp\/v2\/pages\/1472\/revisions\/2707"}],"wp:attachment":[{"href":"https:\/\/hotel-olympia.ch\/fr\/wp-json\/wp\/v2\/media?parent=1472"}],"curies":[{"name":"wp","href":"https:\/\/api.w.org\/{rel}","templated":true}]}}