{"id":1461,"date":"2021-12-22T15:47:31","date_gmt":"2021-12-22T14:47:31","guid":{"rendered":"https:\/\/neu.hotel-olympia.ch\/dormir\/chambres-deluxe\/"},"modified":"2025-11-05T09:32:40","modified_gmt":"2025-11-05T08:32:40","slug":"chambres-deluxe","status":"publish","type":"page","link":"https:\/\/hotel-olympia.ch\/fr\/dormir\/chambres-deluxe\/","title":{"rendered":"Chambres Deluxe"},"content":{"rendered":"<\/p>\n\n<style type=\"text\/css\" data-created_by=\"avia_inline_auto\" id=\"style-css-av-iqgzs-d10d4713e741de29f5a597e561f92f19\">\n.avia-section.av-iqgzs-d10d4713e741de29f5a597e561f92f19 .av-parallax .av-parallax-inner{\nbackground-repeat:no-repeat;\nbackground-image:url(https:\/\/hotel-olympia.ch\/wp-content\/uploads\/2021\/11\/67.jpg);\nbackground-position:50% 50%;\nbackground-attachment:scroll;\n}\n.avia-section.av-iqgzs-d10d4713e741de29f5a597e561f92f19 .av-section-color-overlay{\nopacity:0.6;\nbackground-color:#000000;\n}\n<\/style>\n<div id='av_section_1'  class='avia-section av-iqgzs-d10d4713e741de29f5a597e561f92f19 main_color avia-section-default avia-shadow  avia-builder-el-0  el_before_av_section  avia-builder-el-first  banner avia-full-stretch av-parallax-section avia-bg-style-parallax av-section-color-overlay-active av-minimum-height av-minimum-height-25 av-height-25  container_wrap fullsize'  data-section-bg-repeat='stretch' data-av_minimum_height_pc='25' data-av_min_height_opt='25'><div class='av-parallax' data-avia-parallax-ratio='0.3' ><div class='av-parallax-inner main_color avia-full-stretch'><\/div><\/div><div class=\"av-section-color-overlay-wrap\"><div class=\"av-section-color-overlay\"><\/div><div class='container av-section-cont-open' ><main  role=\"main\" itemprop=\"mainContentOfPage\"  class='template-page content  av-content-full alpha units'><div class='post-entry post-entry-type-page post-entry-1461'><div class='entry-content-wrapper clearfix'>\n<\/div><\/div><\/main><!-- close content main element --><\/div><\/div><\/div><div id='av_section_2'  class='avia-section av-gaoi0-ca84cc48cb1029f2e67731146d7dce32 main_color avia-section-no-padding avia-no-border-styling  avia-builder-el-1  el_after_av_section  el_before_av_section  breadcrumbs-wrapper av-small-hide av-mini-hide avia-bg-style-scroll container_wrap fullsize'  ><div class='container av-section-cont-open' ><div class='template-page content  av-content-full alpha units'><div class='post-entry post-entry-type-page post-entry-1461'><div class='entry-content-wrapper clearfix'>\n<section  class='av_textblock_section av-97vns-3a8f6444f66afe15b1d60e6a1386e811 '   itemscope=\"itemscope\" itemtype=\"https:\/\/schema.org\/CreativeWork\" ><div class='avia_textblock'  itemprop=\"text\" ><p style=\"text-align: center;\"><div class=\"breadcrumb breadcrumbs avia-breadcrumbs\"><div class=\"breadcrumb-trail\" ><span class=\"trail-before\"><span class=\"breadcrumb-title\">Vous \u00eates ici :<\/span><\/span> <span  itemscope=\"itemscope\" itemtype=\"https:\/\/schema.org\/BreadcrumbList\" ><span  itemscope=\"itemscope\" itemtype=\"https:\/\/schema.org\/ListItem\" itemprop=\"itemListElement\" ><a itemprop=\"url\" href=\"https:\/\/hotel-olympia.ch\/fr\/\" title=\"Hotel Olympia Saas-Almagell, Switzerland\" rel=\"home\" class=\"trail-begin\"><span itemprop=\"name\">Accueil<\/span><\/a><span itemprop=\"position\" class=\"hidden\">1<\/span><\/span><\/span><\/div><\/div><\/p>\n<\/div><\/section>\n\n<\/div><\/div><\/div><!-- close content main div --><\/div><\/div><div id='av_section_3'  class='avia-section av-kvs53597-6f1654353d17da874e1e447a79eaac99 main_color avia-section-huge avia-shadow  avia-builder-el-3  el_after_av_section  avia-builder-el-last  avia-bg-style-scroll container_wrap fullsize'  ><div class='container av-section-cont-open' ><div class='template-page content  av-content-full alpha units'><div class='post-entry post-entry-type-page post-entry-1461'><div class='entry-content-wrapper clearfix'>\n<div  class='flex_column av-7ygt8-7bb2e277d2fe281d9a0d668052da7361 av_one_full  avia-builder-el-4  avia-builder-el-no-sibling  lead first flex_column_div  '     ><section  class='av_textblock_section av-kvs507fn-d5aa92860bfd9288d3d3940cd2ceec1e '   itemscope=\"itemscope\" itemtype=\"https:\/\/schema.org\/CreativeWork\" ><div class='avia_textblock'  itemprop=\"text\" ><h1 style=\"text-align: center;\">Chambres Deluxe<\/h1>\n<p style=\"text-align: center;\">Plongez dans un autre monde.<\/p>\n<\/div><\/section><br \/>\n<div  class='avia-builder-widget-area clearfix  avia-builder-el-6  el_after_av_textblock  el_before_av_hr '><div id=\"custom_html-26\" class=\"widget_text widget clearfix widget_custom_html\"><div class=\"textwidget custom-html-widget\"><div id=\"ebCategories\"> <\/div>\r\n<script type=\"text\/javascript\" src=\"\/\/www.easy-booking.at\/ebPlugins\/categories\/jquery.easybooking.categories.v2.js\"><\/script> <script type=\"text\/javascript\">\r\nfunction ebCategoriesLoadedCheck() {\r\n    if(typeof jQuery != \"undefined\") {\r\n        if(jQuery.fn.ebCategories) {\r\n            jQuery(\"#ebCategories\").ebCategories({\r\n                customerId: 5058,\r\n                serialNo: \"5870-4900-6891\",\r\n                localeId: 5,\r\n                loadCSS : true,\r\n                maxImgWidth : 960,\r\n                maxImgHeight : 960,\r\n                bookingPage : \"popup\",\r\n                enquiryPage : \"popup\",\r\n                showAvailability : true,\r\n                showPrices : true,\r\n                showDetails : true,\r\n                category : \"13,14\",\r\n                roomLevel: false,\r\n                room: \"all\",\r\n                categoryDescription: true,\r\n                roomSorting: \"random\"\r\n            });\r\n        } else {\r\n            setTimeout(ebCategoriesLoadedCheck,200);\r\n        }\r\n    } else{\r\n        setTimeout(ebCategoriesLoadedCheck,200);\r\n    }\r\n}\r\nebCategoriesLoadedCheck();\r\n<\/script><\/div><\/div><\/div><br \/>\n\n<style type=\"text\/css\" data-created_by=\"avia_inline_auto\" id=\"style-css-av-kvs5agnu-303f51cd966906be6ebca4daad31a7e6\">\n#top .hr.hr-invisible.av-kvs5agnu-303f51cd966906be6ebca4daad31a7e6{\nheight:50px;\n}\n<\/style>\n<div  class='hr av-kvs5agnu-303f51cd966906be6ebca4daad31a7e6 hr-invisible  avia-builder-el-7  el_after_av_sidebar  avia-builder-el-last '><span class='hr-inner '><span class=\"hr-inner-style\"><\/span><\/span><\/div><\/p><\/div>\n","protected":false},"excerpt":{"rendered":"","protected":false},"author":3,"featured_media":0,"parent":1455,"menu_order":0,"comment_status":"closed","ping_status":"open","template":"","meta":{"footnotes":""},"class_list":["post-1461","page","type-page","status-publish","hentry"],"yoast_head":"<!-- This site is optimized with the Yoast SEO plugin v27.3 - https:\/\/yoast.com\/product\/yoast-seo-wordpress\/ -->\n<title>Chambre de luxe \u00e0 Saas Almagell | Hotel Olympia<\/title>\n<meta name=\"description\" content=\"L&#039;individualit\u00e9 et une ambiance charmante vous attendent dans chaque chambre individuelle, meubl\u00e9e avec une grande attention aux d\u00e9tails.\" \/>\n<meta name=\"robots\" content=\"index, follow, max-snippet:-1, max-image-preview:large, max-video-preview:-1\" \/>\n<link rel=\"canonical\" href=\"https:\/\/hotel-olympia.ch\/fr\/dormir\/chambres-deluxe\/\" \/>\n<meta property=\"og:locale\" content=\"fr_FR\" \/>\n<meta property=\"og:type\" content=\"article\" \/>\n<meta property=\"og:title\" content=\"Chambre de luxe \u00e0 Saas Almagell | Hotel Olympia\" \/>\n<meta property=\"og:description\" content=\"L&#039;individualit\u00e9 et une ambiance charmante vous attendent dans chaque chambre individuelle, meubl\u00e9e avec une grande attention aux d\u00e9tails.\" \/>\n<meta property=\"og:url\" content=\"https:\/\/hotel-olympia.ch\/fr\/dormir\/chambres-deluxe\/\" \/>\n<meta property=\"og:site_name\" content=\"Hotel Olympia Saas-Almagell, Switzerland\" \/>\n<meta property=\"article:modified_time\" content=\"2025-11-05T08:32:40+00:00\" \/>\n<meta name=\"twitter:card\" content=\"summary_large_image\" \/>\n<meta name=\"twitter:label1\" content=\"Dur\u00e9e de lecture estim\u00e9e\" \/>\n\t<meta name=\"twitter:data1\" content=\"1 minute\" \/>\n<script type=\"application\/ld+json\" class=\"yoast-schema-graph\">{\"@context\":\"https:\\\/\\\/schema.org\",\"@graph\":[{\"@type\":\"WebPage\",\"@id\":\"https:\\\/\\\/hotel-olympia.ch\\\/fr\\\/dormir\\\/chambres-deluxe\\\/\",\"url\":\"https:\\\/\\\/hotel-olympia.ch\\\/fr\\\/dormir\\\/chambres-deluxe\\\/\",\"name\":\"Chambre de luxe \u00e0 Saas Almagell | Hotel Olympia\",\"isPartOf\":{\"@id\":\"https:\\\/\\\/hotel-olympia.ch\\\/fr\\\/#website\"},\"datePublished\":\"2021-12-22T14:47:31+00:00\",\"dateModified\":\"2025-11-05T08:32:40+00:00\",\"description\":\"L'individualit\u00e9 et une ambiance charmante vous attendent dans chaque chambre individuelle, meubl\u00e9e avec une grande attention aux d\u00e9tails.\",\"breadcrumb\":{\"@id\":\"https:\\\/\\\/hotel-olympia.ch\\\/fr\\\/dormir\\\/chambres-deluxe\\\/#breadcrumb\"},\"inLanguage\":\"fr-FR\",\"potentialAction\":[{\"@type\":\"ReadAction\",\"target\":[\"https:\\\/\\\/hotel-olympia.ch\\\/fr\\\/dormir\\\/chambres-deluxe\\\/\"]}]},{\"@type\":\"BreadcrumbList\",\"@id\":\"https:\\\/\\\/hotel-olympia.ch\\\/fr\\\/dormir\\\/chambres-deluxe\\\/#breadcrumb\",\"itemListElement\":[{\"@type\":\"ListItem\",\"position\":1,\"name\":\"Startseite\",\"item\":\"https:\\\/\\\/hotel-olympia.ch\\\/fr\\\/home\\\/\"},{\"@type\":\"ListItem\",\"position\":2,\"name\":\"Dormir\",\"item\":\"https:\\\/\\\/hotel-olympia.ch\\\/fr\\\/dormir\\\/\"},{\"@type\":\"ListItem\",\"position\":3,\"name\":\"Chambres Deluxe\"}]},{\"@type\":\"WebSite\",\"@id\":\"https:\\\/\\\/hotel-olympia.ch\\\/fr\\\/#website\",\"url\":\"https:\\\/\\\/hotel-olympia.ch\\\/fr\\\/\",\"name\":\"Hotel Olympia Saas-Almagell, Switzerland\",\"description\":\"\",\"potentialAction\":[{\"@type\":\"SearchAction\",\"target\":{\"@type\":\"EntryPoint\",\"urlTemplate\":\"https:\\\/\\\/hotel-olympia.ch\\\/fr\\\/?s={search_term_string}\"},\"query-input\":{\"@type\":\"PropertyValueSpecification\",\"valueRequired\":true,\"valueName\":\"search_term_string\"}}],\"inLanguage\":\"fr-FR\"}]}<\/script>\n<!-- \/ Yoast SEO plugin. -->","yoast_head_json":{"title":"Chambre de luxe \u00e0 Saas Almagell | Hotel Olympia","description":"L'individualit\u00e9 et une ambiance charmante vous attendent dans chaque chambre individuelle, meubl\u00e9e avec une grande attention aux d\u00e9tails.","robots":{"index":"index","follow":"follow","max-snippet":"max-snippet:-1","max-image-preview":"max-image-preview:large","max-video-preview":"max-video-preview:-1"},"canonical":"https:\/\/hotel-olympia.ch\/fr\/dormir\/chambres-deluxe\/","og_locale":"fr_FR","og_type":"article","og_title":"Chambre de luxe \u00e0 Saas Almagell | Hotel Olympia","og_description":"L'individualit\u00e9 et une ambiance charmante vous attendent dans chaque chambre individuelle, meubl\u00e9e avec une grande attention aux d\u00e9tails.","og_url":"https:\/\/hotel-olympia.ch\/fr\/dormir\/chambres-deluxe\/","og_site_name":"Hotel Olympia Saas-Almagell, Switzerland","article_modified_time":"2025-11-05T08:32:40+00:00","twitter_card":"summary_large_image","twitter_misc":{"Dur\u00e9e de lecture estim\u00e9e":"1 minute"},"schema":{"@context":"https:\/\/schema.org","@graph":[{"@type":"WebPage","@id":"https:\/\/hotel-olympia.ch\/fr\/dormir\/chambres-deluxe\/","url":"https:\/\/hotel-olympia.ch\/fr\/dormir\/chambres-deluxe\/","name":"Chambre de luxe \u00e0 Saas Almagell | Hotel Olympia","isPartOf":{"@id":"https:\/\/hotel-olympia.ch\/fr\/#website"},"datePublished":"2021-12-22T14:47:31+00:00","dateModified":"2025-11-05T08:32:40+00:00","description":"L'individualit\u00e9 et une ambiance charmante vous attendent dans chaque chambre individuelle, meubl\u00e9e avec une grande attention aux d\u00e9tails.","breadcrumb":{"@id":"https:\/\/hotel-olympia.ch\/fr\/dormir\/chambres-deluxe\/#breadcrumb"},"inLanguage":"fr-FR","potentialAction":[{"@type":"ReadAction","target":["https:\/\/hotel-olympia.ch\/fr\/dormir\/chambres-deluxe\/"]}]},{"@type":"BreadcrumbList","@id":"https:\/\/hotel-olympia.ch\/fr\/dormir\/chambres-deluxe\/#breadcrumb","itemListElement":[{"@type":"ListItem","position":1,"name":"Startseite","item":"https:\/\/hotel-olympia.ch\/fr\/home\/"},{"@type":"ListItem","position":2,"name":"Dormir","item":"https:\/\/hotel-olympia.ch\/fr\/dormir\/"},{"@type":"ListItem","position":3,"name":"Chambres Deluxe"}]},{"@type":"WebSite","@id":"https:\/\/hotel-olympia.ch\/fr\/#website","url":"https:\/\/hotel-olympia.ch\/fr\/","name":"Hotel Olympia Saas-Almagell, Switzerland","description":"","potentialAction":[{"@type":"SearchAction","target":{"@type":"EntryPoint","urlTemplate":"https:\/\/hotel-olympia.ch\/fr\/?s={search_term_string}"},"query-input":{"@type":"PropertyValueSpecification","valueRequired":true,"valueName":"search_term_string"}}],"inLanguage":"fr-FR"}]}},"_links":{"self":[{"href":"https:\/\/hotel-olympia.ch\/fr\/wp-json\/wp\/v2\/pages\/1461","targetHints":{"allow":["GET"]}}],"collection":[{"href":"https:\/\/hotel-olympia.ch\/fr\/wp-json\/wp\/v2\/pages"}],"about":[{"href":"https:\/\/hotel-olympia.ch\/fr\/wp-json\/wp\/v2\/types\/page"}],"author":[{"embeddable":true,"href":"https:\/\/hotel-olympia.ch\/fr\/wp-json\/wp\/v2\/users\/3"}],"replies":[{"embeddable":true,"href":"https:\/\/hotel-olympia.ch\/fr\/wp-json\/wp\/v2\/comments?post=1461"}],"version-history":[{"count":27,"href":"https:\/\/hotel-olympia.ch\/fr\/wp-json\/wp\/v2\/pages\/1461\/revisions"}],"predecessor-version":[{"id":2881,"href":"https:\/\/hotel-olympia.ch\/fr\/wp-json\/wp\/v2\/pages\/1461\/revisions\/2881"}],"up":[{"embeddable":true,"href":"https:\/\/hotel-olympia.ch\/fr\/wp-json\/wp\/v2\/pages\/1455"}],"wp:attachment":[{"href":"https:\/\/hotel-olympia.ch\/fr\/wp-json\/wp\/v2\/media?parent=1461"}],"curies":[{"name":"wp","href":"https:\/\/api.w.org\/{rel}","templated":true}]}}