{"id":1455,"date":"2021-12-22T15:41:26","date_gmt":"2021-12-22T14:41:26","guid":{"rendered":"https:\/\/neu.hotel-olympia.ch\/dormir\/"},"modified":"2022-11-01T16:12:48","modified_gmt":"2022-11-01T15:12:48","slug":"dormir","status":"publish","type":"page","link":"https:\/\/hotel-olympia.ch\/fr\/dormir\/","title":{"rendered":"Dormir"},"content":{"rendered":"\n<style type=\"text\/css\" data-created_by=\"avia_inline_auto\" id=\"style-css-av-iqgzs-f7042e33d7ada28c24dea2bc686cd705\">\n.avia-section.av-iqgzs-f7042e33d7ada28c24dea2bc686cd705 .av-parallax .av-parallax-inner{\nbackground-repeat:no-repeat;\nbackground-image:url(https:\/\/hotel-olympia.ch\/wp-content\/uploads\/2021\/11\/foto-per-SLEEP-copy.png);\nbackground-position:50% 50%;\nbackground-attachment:scroll;\n}\n.avia-section.av-iqgzs-f7042e33d7ada28c24dea2bc686cd705 .av-section-color-overlay{\nopacity:0.6;\nbackground-color:#000000;\n}\n<\/style>\n<div id='av_section_1'  class='avia-section av-iqgzs-f7042e33d7ada28c24dea2bc686cd705 main_color avia-section-default avia-shadow  avia-builder-el-0  el_before_av_section  avia-builder-el-first  banner avia-full-stretch av-parallax-section avia-bg-style-parallax av-section-color-overlay-active av-minimum-height av-minimum-height-25 av-height-25  container_wrap fullsize'  data-section-bg-repeat='stretch' data-av_minimum_height_pc='25' data-av_min_height_opt='25'><div class='av-parallax' data-avia-parallax-ratio='0.3' ><div class='av-parallax-inner main_color avia-full-stretch'><\/div><\/div><div class=\"av-section-color-overlay-wrap\"><div class=\"av-section-color-overlay\"><\/div><div class='container av-section-cont-open' ><main  role=\"main\" itemprop=\"mainContentOfPage\"  class='template-page content  av-content-full alpha units'><div class='post-entry post-entry-type-page post-entry-1455'><div class='entry-content-wrapper clearfix'>\n<\/div><\/div><\/main><!-- close content main element --><\/div><\/div><\/div><div id='av_section_2'  class='avia-section av-gaoi0-ca84cc48cb1029f2e67731146d7dce32 main_color avia-section-no-padding avia-no-border-styling  avia-builder-el-1  el_after_av_section  el_before_av_section  breadcrumbs-wrapper av-small-hide av-mini-hide avia-bg-style-scroll container_wrap fullsize'  ><div class='container av-section-cont-open' ><div class='template-page content  av-content-full alpha units'><div class='post-entry post-entry-type-page post-entry-1455'><div class='entry-content-wrapper clearfix'>\n<section  class='av_textblock_section av-97vns-3a8f6444f66afe15b1d60e6a1386e811 '   itemscope=\"itemscope\" itemtype=\"https:\/\/schema.org\/CreativeWork\" ><div class='avia_textblock'  itemprop=\"text\" ><p style=\"text-align: center;\"><div class=\"breadcrumb breadcrumbs avia-breadcrumbs\"><div class=\"breadcrumb-trail\" ><span class=\"trail-before\"><span class=\"breadcrumb-title\">Vous \u00eates ici :<\/span><\/span> <span  itemscope=\"itemscope\" itemtype=\"https:\/\/schema.org\/BreadcrumbList\" ><span  itemscope=\"itemscope\" itemtype=\"https:\/\/schema.org\/ListItem\" itemprop=\"itemListElement\" ><a itemprop=\"url\" href=\"https:\/\/hotel-olympia.ch\/fr\/\" title=\"Hotel Olympia Saas-Almagell, Switzerland\" rel=\"home\" class=\"trail-begin\"><span itemprop=\"name\">Accueil<\/span><\/a><span itemprop=\"position\" class=\"hidden\">1<\/span><\/span><\/span><\/div><\/div><\/p>\n<\/div><\/section>\n\n<\/div><\/div><\/div><!-- close content main div --><\/div><\/div><div id='av_section_3'  class='avia-section av-kvs53597-6f1654353d17da874e1e447a79eaac99 main_color avia-section-huge avia-shadow  avia-builder-el-3  el_after_av_section  avia-builder-el-last  avia-bg-style-scroll container_wrap fullsize'  ><div class='container av-section-cont-open' ><div class='template-page content  av-content-full alpha units'><div class='post-entry post-entry-type-page post-entry-1455'><div class='entry-content-wrapper clearfix'>\n<div  class='flex_column av-7ygt8-7bb2e277d2fe281d9a0d668052da7361 av_one_full  avia-builder-el-4  avia-builder-el-no-sibling  lead first flex_column_div  '     ><section  class='av_textblock_section av-kvs507fn-d5aa92860bfd9288d3d3940cd2ceec1e '   itemscope=\"itemscope\" itemtype=\"https:\/\/schema.org\/CreativeWork\" ><div class='avia_textblock'  itemprop=\"text\" ><h1 style=\"text-align: center;\">Dormir comme une b\u00fbche<\/h1>\n<\/div><\/section><br \/>\n\n<style type=\"text\/css\" data-created_by=\"avia_inline_auto\" id=\"style-css-av-l9e6ripu-269ae11f5558f3ae68035c498e0aff91\">\n#top .hr.hr-invisible.av-l9e6ripu-269ae11f5558f3ae68035c498e0aff91{\nheight:50px;\n}\n<\/style>\n<div  class='hr av-l9e6ripu-269ae11f5558f3ae68035c498e0aff91 hr-invisible  avia-builder-el-6  el_after_av_textblock  el_before_av_textblock '><span class='hr-inner '><span class=\"hr-inner-style\"><\/span><\/span><\/div><br \/>\n<section  class='av_textblock_section av-a8u38-972b8d5443b20c4c4c5abf61af4521e2 '   itemscope=\"itemscope\" itemtype=\"https:\/\/schema.org\/CreativeWork\" ><div class='avia_textblock'  itemprop=\"text\" ><h2 style=\"text-align: center;\">Chambres de luxe et standard<\/h2>\n<p style=\"text-align: center;\">Que ce soit dans l\u2019une de nos chambres \u00e0 th\u00e8me Deluxe ou dans nos chambres Standard, vous dormirez confortablement et embarquerez pour votre prochaine randonn\u00e9e ou le ski. Rendez-nous visite pour sentir l\u2019ambiance chaleureuse.<\/p>\n<p style=\"text-align: center;\">De plus nous sommes \u00e9galement membre de BnB, o\u00f9 nous sommes class\u00e9s avec 4*.<\/p>\n<\/div><\/section><br \/>\n\n<style type=\"text\/css\" data-created_by=\"avia_inline_auto\" id=\"style-css-av-kvs5buv7-3b6d8566bd262a63c3913c6152d75d99\">\n#top .hr.hr-invisible.av-kvs5buv7-3b6d8566bd262a63c3913c6152d75d99{\nheight:50px;\n}\n<\/style>\n<div  class='hr av-kvs5buv7-3b6d8566bd262a63c3913c6152d75d99 hr-invisible  avia-builder-el-8  el_after_av_textblock  el_before_av_image '><span class='hr-inner '><span class=\"hr-inner-style\"><\/span><\/span><\/div><br \/>\n\n<style type=\"text\/css\" data-created_by=\"avia_inline_auto\" id=\"style-css-av-kvs5119m-320b4255027a969a4fac51bdda07851e\">\n.avia-image-container.av-kvs5119m-320b4255027a969a4fac51bdda07851e img.avia_image{\nbox-shadow:none;\n}\n.avia-image-container.av-kvs5119m-320b4255027a969a4fac51bdda07851e .av-image-caption-overlay-center{\ncolor:#ffffff;\n}\n<\/style>\n<div  class='avia-image-container av-kvs5119m-320b4255027a969a4fac51bdda07851e av-styling- avia-align-center  avia-builder-el-9  el_after_av_hr  el_before_av_hr '   itemprop=\"image\" itemscope=\"itemscope\" itemtype=\"https:\/\/schema.org\/ImageObject\" ><div class=\"avia-image-container-inner\"><div class=\"avia-image-overlay-wrap\"><img decoding=\"async\" fetchpriority=\"high\" class='wp-image-660 avia-img-lazy-loading-not-660 avia_image ' src=\"https:\/\/hotel-olympia.ch\/wp-content\/uploads\/2021\/11\/yjet.png\" alt='' title='yjet'  height=\"36\" width=\"171\"  itemprop=\"thumbnailUrl\"  \/><\/div><\/div><\/div><br \/>\n\n<style type=\"text\/css\" data-created_by=\"avia_inline_auto\" id=\"style-css-av-6kodg-c3404c7a9acc2d598cde19e20afde01a\">\n#top .hr.hr-invisible.av-6kodg-c3404c7a9acc2d598cde19e20afde01a{\nheight:50px;\n}\n<\/style>\n<div  class='hr av-6kodg-c3404c7a9acc2d598cde19e20afde01a hr-invisible  avia-builder-el-10  el_after_av_image  el_before_av_buttonrow '><span class='hr-inner '><span class=\"hr-inner-style\"><\/span><\/span><\/div><br \/>\n<div  class='avia-buttonrow-wrap av-kvs52dij-db023aabd51341b91d99d913e4ea3ae5 avia-buttonrow-center  avia-builder-el-11  el_after_av_hr  avia-builder-el-last '>\n\n<style type=\"text\/css\" data-created_by=\"avia_inline_auto\" id=\"style-css-av-kvs51uzz-009910be0576324c90e496855c8e70fb\">\n#top #wrap_all .avia-button.av-kvs51uzz-009910be0576324c90e496855c8e70fb{\nmargin-bottom:5px;\nmargin-right:3px;\nmargin-left:3px;\n}\n<\/style>\n<a href='https:\/\/hotel-olympia.ch\/fr\/dormir\/chambres-deluxe\/'  class='avia-button av-kvs51uzz-009910be0576324c90e496855c8e70fb avia-icon_select-no avia-size-small avia-color-theme-color'   aria-label=\"D\u00e9couvrez Nos Chambres Deluxe\"><span class='avia_iconbox_title' >D\u00e9couvrez Nos Chambres Deluxe<\/span><\/a>\n\n<style type=\"text\/css\" data-created_by=\"avia_inline_auto\" id=\"style-css-av-kvs51uzz-3-9ae6483a24cf5111ca6d9e904e934a1c\">\n#top #wrap_all .avia-button.av-kvs51uzz-3-9ae6483a24cf5111ca6d9e904e934a1c{\nmargin-bottom:5px;\nmargin-right:3px;\nmargin-left:3px;\n}\n<\/style>\n<a href='https:\/\/hotel-olympia.ch\/fr\/'  class='avia-button av-kvs51uzz-3-9ae6483a24cf5111ca6d9e904e934a1c avia-icon_select-no avia-size-small avia-color-theme-color'   aria-label=\"D\u00e9couvrez Nos Chambres Standard\"><span class='avia_iconbox_title' >D\u00e9couvrez Nos Chambres Standard<\/span><\/a>\n\n<style type=\"text\/css\" data-created_by=\"avia_inline_auto\" id=\"style-css-av-kvs51uzz-2-131c3c6cc48d23a05c7fd52e113faa6c\">\n#top #wrap_all .avia-button.av-kvs51uzz-2-131c3c6cc48d23a05c7fd52e113faa6c{\nmargin-bottom:5px;\nmargin-right:3px;\nmargin-left:3px;\n}\n<\/style>\n<a href='https:\/\/hotel-olympia.ch\/fr\/'  class='avia-button av-kvs51uzz-2-131c3c6cc48d23a05c7fd52e113faa6c avia-icon_select-no avia-size-small avia-color-theme-color'   aria-label=\"Tarifs\"><span class='avia_iconbox_title' >Tarifs<\/span><\/a>\n<\/div><\/p><\/div>\n","protected":false},"excerpt":{"rendered":"","protected":false},"author":3,"featured_media":0,"parent":0,"menu_order":0,"comment_status":"closed","ping_status":"open","template":"","meta":{"footnotes":""},"class_list":["post-1455","page","type-page","status-publish","hentry"],"yoast_head":"<!-- This site is optimized with the Yoast SEO plugin v27.4 - https:\/\/yoast.com\/product\/yoast-seo-wordpress\/ -->\n<title>Chambres Deluxe et Standard \u00e0 Saas-Almagell | Hotel Olympia<\/title>\n<meta name=\"description\" content=\"Que ce soit dans l&#039;une de nos chambres th\u00e9matiques sp\u00e9ciales deluxe ou dans nos chambres standard, vous dormirez comme des b\u00fbches.\" \/>\n<meta name=\"robots\" content=\"index, follow, max-snippet:-1, max-image-preview:large, max-video-preview:-1\" \/>\n<link rel=\"canonical\" href=\"https:\/\/hotel-olympia.ch\/fr\/dormir\/\" \/>\n<meta property=\"og:locale\" content=\"fr_FR\" \/>\n<meta property=\"og:type\" content=\"article\" \/>\n<meta property=\"og:title\" content=\"Chambres Deluxe et Standard \u00e0 Saas-Almagell | Hotel Olympia\" \/>\n<meta property=\"og:description\" content=\"Que ce soit dans l&#039;une de nos chambres th\u00e9matiques sp\u00e9ciales deluxe ou dans nos chambres standard, vous dormirez comme des b\u00fbches.\" \/>\n<meta property=\"og:url\" content=\"https:\/\/hotel-olympia.ch\/fr\/dormir\/\" \/>\n<meta property=\"og:site_name\" content=\"Hotel Olympia Saas-Almagell, Switzerland\" \/>\n<meta property=\"article:modified_time\" content=\"2022-11-01T15:12:48+00:00\" \/>\n<meta name=\"twitter:card\" content=\"summary_large_image\" \/>\n<meta name=\"twitter:label1\" content=\"Dur\u00e9e de lecture estim\u00e9e\" \/>\n\t<meta name=\"twitter:data1\" content=\"4 minutes\" \/>\n<script type=\"application\/ld+json\" class=\"yoast-schema-graph\">{\"@context\":\"https:\\\/\\\/schema.org\",\"@graph\":[{\"@type\":\"WebPage\",\"@id\":\"https:\\\/\\\/hotel-olympia.ch\\\/fr\\\/dormir\\\/\",\"url\":\"https:\\\/\\\/hotel-olympia.ch\\\/fr\\\/dormir\\\/\",\"name\":\"Chambres Deluxe et Standard \u00e0 Saas-Almagell | Hotel Olympia\",\"isPartOf\":{\"@id\":\"https:\\\/\\\/hotel-olympia.ch\\\/fr\\\/#website\"},\"datePublished\":\"2021-12-22T14:41:26+00:00\",\"dateModified\":\"2022-11-01T15:12:48+00:00\",\"description\":\"Que ce soit dans l'une de nos chambres th\u00e9matiques sp\u00e9ciales deluxe ou dans nos chambres standard, vous dormirez comme des b\u00fbches.\",\"breadcrumb\":{\"@id\":\"https:\\\/\\\/hotel-olympia.ch\\\/fr\\\/dormir\\\/#breadcrumb\"},\"inLanguage\":\"fr-FR\",\"potentialAction\":[{\"@type\":\"ReadAction\",\"target\":[\"https:\\\/\\\/hotel-olympia.ch\\\/fr\\\/dormir\\\/\"]}]},{\"@type\":\"BreadcrumbList\",\"@id\":\"https:\\\/\\\/hotel-olympia.ch\\\/fr\\\/dormir\\\/#breadcrumb\",\"itemListElement\":[{\"@type\":\"ListItem\",\"position\":1,\"name\":\"Startseite\",\"item\":\"https:\\\/\\\/hotel-olympia.ch\\\/fr\\\/home\\\/\"},{\"@type\":\"ListItem\",\"position\":2,\"name\":\"Dormir\"}]},{\"@type\":\"WebSite\",\"@id\":\"https:\\\/\\\/hotel-olympia.ch\\\/fr\\\/#website\",\"url\":\"https:\\\/\\\/hotel-olympia.ch\\\/fr\\\/\",\"name\":\"Hotel Olympia Saas-Almagell, Switzerland\",\"description\":\"\",\"potentialAction\":[{\"@type\":\"SearchAction\",\"target\":{\"@type\":\"EntryPoint\",\"urlTemplate\":\"https:\\\/\\\/hotel-olympia.ch\\\/fr\\\/?s={search_term_string}\"},\"query-input\":{\"@type\":\"PropertyValueSpecification\",\"valueRequired\":true,\"valueName\":\"search_term_string\"}}],\"inLanguage\":\"fr-FR\"}]}<\/script>\n<!-- \/ Yoast SEO plugin. -->","yoast_head_json":{"title":"Chambres Deluxe et Standard \u00e0 Saas-Almagell | Hotel Olympia","description":"Que ce soit dans l'une de nos chambres th\u00e9matiques sp\u00e9ciales deluxe ou dans nos chambres standard, vous dormirez comme des b\u00fbches.","robots":{"index":"index","follow":"follow","max-snippet":"max-snippet:-1","max-image-preview":"max-image-preview:large","max-video-preview":"max-video-preview:-1"},"canonical":"https:\/\/hotel-olympia.ch\/fr\/dormir\/","og_locale":"fr_FR","og_type":"article","og_title":"Chambres Deluxe et Standard \u00e0 Saas-Almagell | Hotel Olympia","og_description":"Que ce soit dans l'une de nos chambres th\u00e9matiques sp\u00e9ciales deluxe ou dans nos chambres standard, vous dormirez comme des b\u00fbches.","og_url":"https:\/\/hotel-olympia.ch\/fr\/dormir\/","og_site_name":"Hotel Olympia Saas-Almagell, Switzerland","article_modified_time":"2022-11-01T15:12:48+00:00","twitter_card":"summary_large_image","twitter_misc":{"Dur\u00e9e de lecture estim\u00e9e":"4 minutes"},"schema":{"@context":"https:\/\/schema.org","@graph":[{"@type":"WebPage","@id":"https:\/\/hotel-olympia.ch\/fr\/dormir\/","url":"https:\/\/hotel-olympia.ch\/fr\/dormir\/","name":"Chambres Deluxe et Standard \u00e0 Saas-Almagell | Hotel Olympia","isPartOf":{"@id":"https:\/\/hotel-olympia.ch\/fr\/#website"},"datePublished":"2021-12-22T14:41:26+00:00","dateModified":"2022-11-01T15:12:48+00:00","description":"Que ce soit dans l'une de nos chambres th\u00e9matiques sp\u00e9ciales deluxe ou dans nos chambres standard, vous dormirez comme des b\u00fbches.","breadcrumb":{"@id":"https:\/\/hotel-olympia.ch\/fr\/dormir\/#breadcrumb"},"inLanguage":"fr-FR","potentialAction":[{"@type":"ReadAction","target":["https:\/\/hotel-olympia.ch\/fr\/dormir\/"]}]},{"@type":"BreadcrumbList","@id":"https:\/\/hotel-olympia.ch\/fr\/dormir\/#breadcrumb","itemListElement":[{"@type":"ListItem","position":1,"name":"Startseite","item":"https:\/\/hotel-olympia.ch\/fr\/home\/"},{"@type":"ListItem","position":2,"name":"Dormir"}]},{"@type":"WebSite","@id":"https:\/\/hotel-olympia.ch\/fr\/#website","url":"https:\/\/hotel-olympia.ch\/fr\/","name":"Hotel Olympia Saas-Almagell, Switzerland","description":"","potentialAction":[{"@type":"SearchAction","target":{"@type":"EntryPoint","urlTemplate":"https:\/\/hotel-olympia.ch\/fr\/?s={search_term_string}"},"query-input":{"@type":"PropertyValueSpecification","valueRequired":true,"valueName":"search_term_string"}}],"inLanguage":"fr-FR"}]}},"_links":{"self":[{"href":"https:\/\/hotel-olympia.ch\/fr\/wp-json\/wp\/v2\/pages\/1455","targetHints":{"allow":["GET"]}}],"collection":[{"href":"https:\/\/hotel-olympia.ch\/fr\/wp-json\/wp\/v2\/pages"}],"about":[{"href":"https:\/\/hotel-olympia.ch\/fr\/wp-json\/wp\/v2\/types\/page"}],"author":[{"embeddable":true,"href":"https:\/\/hotel-olympia.ch\/fr\/wp-json\/wp\/v2\/users\/3"}],"replies":[{"embeddable":true,"href":"https:\/\/hotel-olympia.ch\/fr\/wp-json\/wp\/v2\/comments?post=1455"}],"version-history":[{"count":4,"href":"https:\/\/hotel-olympia.ch\/fr\/wp-json\/wp\/v2\/pages\/1455\/revisions"}],"predecessor-version":[{"id":2671,"href":"https:\/\/hotel-olympia.ch\/fr\/wp-json\/wp\/v2\/pages\/1455\/revisions\/2671"}],"wp:attachment":[{"href":"https:\/\/hotel-olympia.ch\/fr\/wp-json\/wp\/v2\/media?parent=1455"}],"curies":[{"name":"wp","href":"https:\/\/api.w.org\/{rel}","templated":true}]}}