{"id":1452,"date":"2021-12-22T15:37:27","date_gmt":"2021-12-22T14:37:27","guid":{"rendered":"https:\/\/neu.hotel-olympia.ch\/saastalcard\/"},"modified":"2022-11-01T16:10:25","modified_gmt":"2022-11-01T15:10:25","slug":"saastalcard","status":"publish","type":"page","link":"https:\/\/hotel-olympia.ch\/fr\/saastalcard\/","title":{"rendered":"SaastalCard"},"content":{"rendered":"\n<style type=\"text\/css\" data-created_by=\"avia_inline_auto\" id=\"style-css-av-iqgzs-e8ff352da9c7c2722dad369015675d16\">\n.avia-section.av-iqgzs-e8ff352da9c7c2722dad369015675d16 .av-parallax .av-parallax-inner{\nbackground-repeat:no-repeat;\nbackground-image:url(https:\/\/hotel-olympia.ch\/wp-content\/uploads\/2021\/12\/saastalcard-1.jpg);\nbackground-position:50% 50%;\nbackground-attachment:scroll;\n}\n.avia-section.av-iqgzs-e8ff352da9c7c2722dad369015675d16 .av-section-color-overlay{\nopacity:0.6;\nbackground-color:#000000;\n}\n<\/style>\n<div id='av_section_1'  class='avia-section av-iqgzs-e8ff352da9c7c2722dad369015675d16 main_color avia-section-default avia-shadow  avia-builder-el-0  el_before_av_section  avia-builder-el-first  banner avia-full-stretch av-parallax-section avia-bg-style-parallax av-section-color-overlay-active av-minimum-height av-minimum-height-25 av-height-25  container_wrap fullsize'  data-section-bg-repeat='stretch' data-av_minimum_height_pc='25' data-av_min_height_opt='25'><div class='av-parallax' data-avia-parallax-ratio='0.3' ><div class='av-parallax-inner main_color avia-full-stretch'><\/div><\/div><div class=\"av-section-color-overlay-wrap\"><div class=\"av-section-color-overlay\"><\/div><div class='container av-section-cont-open' ><main  role=\"main\" itemprop=\"mainContentOfPage\"  class='template-page content  av-content-full alpha units'><div class='post-entry post-entry-type-page post-entry-1452'><div class='entry-content-wrapper clearfix'>\n<\/div><\/div><\/main><!-- close content main element --><\/div><\/div><\/div><div id='av_section_2'  class='avia-section av-gaoi0-ca84cc48cb1029f2e67731146d7dce32 main_color avia-section-no-padding avia-no-border-styling  avia-builder-el-1  el_after_av_section  el_before_av_section  breadcrumbs-wrapper av-small-hide av-mini-hide avia-bg-style-scroll container_wrap fullsize'  ><div class='container av-section-cont-open' ><div class='template-page content  av-content-full alpha units'><div class='post-entry post-entry-type-page post-entry-1452'><div class='entry-content-wrapper clearfix'>\n<section  class='av_textblock_section av-97vns-3a8f6444f66afe15b1d60e6a1386e811 '   itemscope=\"itemscope\" itemtype=\"https:\/\/schema.org\/CreativeWork\" ><div class='avia_textblock'  itemprop=\"text\" ><p style=\"text-align: center;\"><div class=\"breadcrumb breadcrumbs avia-breadcrumbs\"><div class=\"breadcrumb-trail\" ><span class=\"trail-before\"><span class=\"breadcrumb-title\">Vous \u00eates ici :<\/span><\/span> <span  itemscope=\"itemscope\" itemtype=\"https:\/\/schema.org\/BreadcrumbList\" ><span  itemscope=\"itemscope\" itemtype=\"https:\/\/schema.org\/ListItem\" itemprop=\"itemListElement\" ><a itemprop=\"url\" href=\"https:\/\/hotel-olympia.ch\/fr\/\" title=\"Hotel Olympia Saas-Almagell, Switzerland\" rel=\"home\" class=\"trail-begin\"><span itemprop=\"name\">Accueil<\/span><\/a><span itemprop=\"position\" class=\"hidden\">1<\/span><\/span><\/span><\/div><\/div><\/p>\n<\/div><\/section>\n\n<\/div><\/div><\/div><!-- close content main div --><\/div><\/div><div id='av_section_3'  class='avia-section av-kbufzd3s-98ae0d8c2b47888ed7f5db2e8f466e1a main_color avia-section-huge avia-shadow  avia-builder-el-3  el_after_av_section  avia-builder-el-last  avia-bg-style-scroll container_wrap fullsize'  ><div class='container av-section-cont-open' ><div class='template-page content  av-content-full alpha units'><div class='post-entry post-entry-type-page post-entry-1452'><div class='entry-content-wrapper clearfix'>\n<div  class='flex_column av-gydyg-806d76003497502366380405c5b00889 av_one_full  avia-builder-el-4  el_before_av_one_third  avia-builder-el-first  lead first flex_column_div  '     ><section  class='av_textblock_section av-bn0ao-509aebf3434fb065ad50bd0dc0ea6c1f '   itemscope=\"itemscope\" itemtype=\"https:\/\/schema.org\/CreativeWork\" ><div class='avia_textblock'  itemprop=\"text\" ><h1 style=\"text-align: center;\">SaastalCard<\/h1>\n<p style=\"text-align: center;\">Le SaastalCard \u2013 la carte d\u2019h\u00f4te \u00e0 valeur ajout\u00e9e de la R\u00e9publique libre des vacances Saas-Fee.<br \/>\nNotre h\u00f4telest une entreprise partenaire et nos clients b\u00e9n\u00e9ficient des avantages suivants:<\/p>\n<\/div><\/section><\/div><div  class='flex_column av-4tag6q-2a3d318bb80c8c6945a7139dd5ae6359 av_one_third  avia-builder-el-6  el_after_av_one_full  el_before_av_two_third  first flex_column_div  column-top-margin'     ><style type=\"text\/css\" data-created_by=\"avia_inline_auto\" id=\"style-css-av-kxg2mmxd-56e1261d99e01941c60e5e81ba6ba893\">\n.avia-image-container.av-kxg2mmxd-56e1261d99e01941c60e5e81ba6ba893 img.avia_image{\nbox-shadow:none;\n}\n.avia-image-container.av-kxg2mmxd-56e1261d99e01941c60e5e81ba6ba893 .av-image-caption-overlay-center{\ncolor:#ffffff;\n}\n<\/style>\n<div  class='avia-image-container av-kxg2mmxd-56e1261d99e01941c60e5e81ba6ba893 av-styling- avia-align-center  avia-builder-el-7  avia-builder-el-no-sibling '   itemprop=\"image\" itemscope=\"itemscope\" itemtype=\"https:\/\/schema.org\/ImageObject\" ><div class=\"avia-image-container-inner\"><div class=\"avia-image-overlay-wrap\"><img decoding=\"async\" fetchpriority=\"high\" class='wp-image-1109 avia-img-lazy-loading-not-1109 avia_image ' src=\"https:\/\/hotel-olympia.ch\/wp-content\/uploads\/2021\/12\/saastalcard-1024x576.jpg\" alt='' title='saastalcard'  height=\"576\" width=\"1024\"  itemprop=\"thumbnailUrl\" srcset=\"https:\/\/hotel-olympia.ch\/wp-content\/uploads\/2021\/12\/saastalcard-1024x576.jpg 1024w, https:\/\/hotel-olympia.ch\/wp-content\/uploads\/2021\/12\/saastalcard-1030x579.jpg 1030w, https:\/\/hotel-olympia.ch\/wp-content\/uploads\/2021\/12\/saastalcard-768x432.jpg 768w, https:\/\/hotel-olympia.ch\/wp-content\/uploads\/2021\/12\/saastalcard-705x397.jpg 705w, https:\/\/hotel-olympia.ch\/wp-content\/uploads\/2021\/12\/saastalcard.jpg 1328w\" sizes=\"(max-width: 1024px) 100vw, 1024px\" \/><\/div><\/div><\/div><\/div><div  class='flex_column av-2rhrr6-c9d400722511aa4e2bd3fd6a6397aeb8 av_two_third  avia-builder-el-8  el_after_av_one_third  avia-builder-el-last  flex_column_div  column-top-margin'     ><p><section  class='av_textblock_section av-kxg2ia0x-724ea43b30dac99862a221ba4563ee14 '   itemscope=\"itemscope\" itemtype=\"https:\/\/schema.org\/CreativeWork\" ><div class='avia_textblock'  itemprop=\"text\" ><p><strong>SaastalCard<\/strong><br \/>\nVous recevezla carte d\u2019h\u00f4te avec des r\u00e9ductions pour diverses activit\u00e9s. En \u00e9t\u00e9, de juin \u00e0 octobre, vous pouvez utiliser gratuitement tous les t\u00e9l\u00e9ph\u00e9riques (\u00e0 l\u2019exception des stations de m\u00e9tro Alpin) et tous les transports publics de la vall\u00e9e de Saas. En hiver, tous les bus de ski et de poste de la vall\u00e9e de Saas peuvent \u00eatre utilis\u00e9s gratuitement. En tant que citoyen de la R\u00e9publique Libre de Vacances Saas-Fee, vous pouvez b\u00e9n\u00e9ficier de nombreuses autres attractions\u2026<\/p>\n<\/div><\/section><br \/>\n<div  class='avia-button-wrap av-kxg2nh1c-9bb07a495969b7bd3e4e72ea8d20a120-wrap avia-button-left  avia-builder-el-10  el_after_av_textblock  avia-builder-el-last '><a href='https:\/\/www.saas-fee.ch\/de\/saastal\/ueber-den-urlaubsort\/buergerpass\/'  class='avia-button av-kxg2nh1c-9bb07a495969b7bd3e4e72ea8d20a120 av-link-btn avia-icon_select-no avia-size-small avia-position-left avia-color-theme-color'  target=\"_blank\"  rel=\"noopener noreferrer\"  aria-label=\"En savoir plus\"><span class='avia_iconbox_title' >En savoir plus<\/span><\/a><\/div><\/p><\/div>\n","protected":false},"excerpt":{"rendered":"","protected":false},"author":3,"featured_media":0,"parent":0,"menu_order":0,"comment_status":"closed","ping_status":"open","template":"","meta":{"footnotes":""},"class_list":["post-1452","page","type-page","status-publish","hentry"],"yoast_head":"<!-- This site is optimized with the Yoast SEO plugin v27.4 - https:\/\/yoast.com\/product\/yoast-seo-wordpress\/ -->\n<title>SaastalCard, carte d&#039;h\u00f4te \u00e0 valeur ajout\u00e9e pour Saas-Fee<\/title>\n<meta name=\"description\" content=\"La SaastalCard, la carte d&#039;h\u00f4te \u00e0 valeur ajout\u00e9e de la R\u00e9publique libre des vacances Saas-Fee avec de nombreux avantages.\" \/>\n<meta name=\"robots\" content=\"index, follow, max-snippet:-1, max-image-preview:large, max-video-preview:-1\" \/>\n<link rel=\"canonical\" href=\"https:\/\/hotel-olympia.ch\/fr\/saastalcard\/\" \/>\n<meta property=\"og:locale\" content=\"fr_FR\" \/>\n<meta property=\"og:type\" content=\"article\" \/>\n<meta property=\"og:title\" content=\"SaastalCard, carte d&#039;h\u00f4te \u00e0 valeur ajout\u00e9e pour Saas-Fee\" \/>\n<meta property=\"og:description\" content=\"La SaastalCard, la carte d&#039;h\u00f4te \u00e0 valeur ajout\u00e9e de la R\u00e9publique libre des vacances Saas-Fee avec de nombreux avantages.\" \/>\n<meta property=\"og:url\" content=\"https:\/\/hotel-olympia.ch\/fr\/saastalcard\/\" \/>\n<meta property=\"og:site_name\" content=\"Hotel Olympia Saas-Almagell, Switzerland\" \/>\n<meta property=\"article:modified_time\" content=\"2022-11-01T15:10:25+00:00\" \/>\n<meta name=\"twitter:card\" content=\"summary_large_image\" \/>\n<meta name=\"twitter:label1\" content=\"Dur\u00e9e de lecture estim\u00e9e\" \/>\n\t<meta name=\"twitter:data1\" content=\"4 minutes\" \/>\n<script type=\"application\/ld+json\" class=\"yoast-schema-graph\">{\"@context\":\"https:\\\/\\\/schema.org\",\"@graph\":[{\"@type\":\"WebPage\",\"@id\":\"https:\\\/\\\/hotel-olympia.ch\\\/fr\\\/saastalcard\\\/\",\"url\":\"https:\\\/\\\/hotel-olympia.ch\\\/fr\\\/saastalcard\\\/\",\"name\":\"SaastalCard, carte d'h\u00f4te \u00e0 valeur ajout\u00e9e pour Saas-Fee\",\"isPartOf\":{\"@id\":\"https:\\\/\\\/hotel-olympia.ch\\\/fr\\\/#website\"},\"datePublished\":\"2021-12-22T14:37:27+00:00\",\"dateModified\":\"2022-11-01T15:10:25+00:00\",\"description\":\"La SaastalCard, la carte d'h\u00f4te \u00e0 valeur ajout\u00e9e de la R\u00e9publique libre des vacances Saas-Fee avec de nombreux avantages.\",\"breadcrumb\":{\"@id\":\"https:\\\/\\\/hotel-olympia.ch\\\/fr\\\/saastalcard\\\/#breadcrumb\"},\"inLanguage\":\"fr-FR\",\"potentialAction\":[{\"@type\":\"ReadAction\",\"target\":[\"https:\\\/\\\/hotel-olympia.ch\\\/fr\\\/saastalcard\\\/\"]}]},{\"@type\":\"BreadcrumbList\",\"@id\":\"https:\\\/\\\/hotel-olympia.ch\\\/fr\\\/saastalcard\\\/#breadcrumb\",\"itemListElement\":[{\"@type\":\"ListItem\",\"position\":1,\"name\":\"Startseite\",\"item\":\"https:\\\/\\\/hotel-olympia.ch\\\/fr\\\/home\\\/\"},{\"@type\":\"ListItem\",\"position\":2,\"name\":\"SaastalCard\"}]},{\"@type\":\"WebSite\",\"@id\":\"https:\\\/\\\/hotel-olympia.ch\\\/fr\\\/#website\",\"url\":\"https:\\\/\\\/hotel-olympia.ch\\\/fr\\\/\",\"name\":\"Hotel Olympia Saas-Almagell, Switzerland\",\"description\":\"\",\"potentialAction\":[{\"@type\":\"SearchAction\",\"target\":{\"@type\":\"EntryPoint\",\"urlTemplate\":\"https:\\\/\\\/hotel-olympia.ch\\\/fr\\\/?s={search_term_string}\"},\"query-input\":{\"@type\":\"PropertyValueSpecification\",\"valueRequired\":true,\"valueName\":\"search_term_string\"}}],\"inLanguage\":\"fr-FR\"}]}<\/script>\n<!-- \/ Yoast SEO plugin. -->","yoast_head_json":{"title":"SaastalCard, carte d'h\u00f4te \u00e0 valeur ajout\u00e9e pour Saas-Fee","description":"La SaastalCard, la carte d'h\u00f4te \u00e0 valeur ajout\u00e9e de la R\u00e9publique libre des vacances Saas-Fee avec de nombreux avantages.","robots":{"index":"index","follow":"follow","max-snippet":"max-snippet:-1","max-image-preview":"max-image-preview:large","max-video-preview":"max-video-preview:-1"},"canonical":"https:\/\/hotel-olympia.ch\/fr\/saastalcard\/","og_locale":"fr_FR","og_type":"article","og_title":"SaastalCard, carte d'h\u00f4te \u00e0 valeur ajout\u00e9e pour Saas-Fee","og_description":"La SaastalCard, la carte d'h\u00f4te \u00e0 valeur ajout\u00e9e de la R\u00e9publique libre des vacances Saas-Fee avec de nombreux avantages.","og_url":"https:\/\/hotel-olympia.ch\/fr\/saastalcard\/","og_site_name":"Hotel Olympia Saas-Almagell, Switzerland","article_modified_time":"2022-11-01T15:10:25+00:00","twitter_card":"summary_large_image","twitter_misc":{"Dur\u00e9e de lecture estim\u00e9e":"4 minutes"},"schema":{"@context":"https:\/\/schema.org","@graph":[{"@type":"WebPage","@id":"https:\/\/hotel-olympia.ch\/fr\/saastalcard\/","url":"https:\/\/hotel-olympia.ch\/fr\/saastalcard\/","name":"SaastalCard, carte d'h\u00f4te \u00e0 valeur ajout\u00e9e pour Saas-Fee","isPartOf":{"@id":"https:\/\/hotel-olympia.ch\/fr\/#website"},"datePublished":"2021-12-22T14:37:27+00:00","dateModified":"2022-11-01T15:10:25+00:00","description":"La SaastalCard, la carte d'h\u00f4te \u00e0 valeur ajout\u00e9e de la R\u00e9publique libre des vacances Saas-Fee avec de nombreux avantages.","breadcrumb":{"@id":"https:\/\/hotel-olympia.ch\/fr\/saastalcard\/#breadcrumb"},"inLanguage":"fr-FR","potentialAction":[{"@type":"ReadAction","target":["https:\/\/hotel-olympia.ch\/fr\/saastalcard\/"]}]},{"@type":"BreadcrumbList","@id":"https:\/\/hotel-olympia.ch\/fr\/saastalcard\/#breadcrumb","itemListElement":[{"@type":"ListItem","position":1,"name":"Startseite","item":"https:\/\/hotel-olympia.ch\/fr\/home\/"},{"@type":"ListItem","position":2,"name":"SaastalCard"}]},{"@type":"WebSite","@id":"https:\/\/hotel-olympia.ch\/fr\/#website","url":"https:\/\/hotel-olympia.ch\/fr\/","name":"Hotel Olympia Saas-Almagell, Switzerland","description":"","potentialAction":[{"@type":"SearchAction","target":{"@type":"EntryPoint","urlTemplate":"https:\/\/hotel-olympia.ch\/fr\/?s={search_term_string}"},"query-input":{"@type":"PropertyValueSpecification","valueRequired":true,"valueName":"search_term_string"}}],"inLanguage":"fr-FR"}]}},"_links":{"self":[{"href":"https:\/\/hotel-olympia.ch\/fr\/wp-json\/wp\/v2\/pages\/1452","targetHints":{"allow":["GET"]}}],"collection":[{"href":"https:\/\/hotel-olympia.ch\/fr\/wp-json\/wp\/v2\/pages"}],"about":[{"href":"https:\/\/hotel-olympia.ch\/fr\/wp-json\/wp\/v2\/types\/page"}],"author":[{"embeddable":true,"href":"https:\/\/hotel-olympia.ch\/fr\/wp-json\/wp\/v2\/users\/3"}],"replies":[{"embeddable":true,"href":"https:\/\/hotel-olympia.ch\/fr\/wp-json\/wp\/v2\/comments?post=1452"}],"version-history":[{"count":7,"href":"https:\/\/hotel-olympia.ch\/fr\/wp-json\/wp\/v2\/pages\/1452\/revisions"}],"predecessor-version":[{"id":2668,"href":"https:\/\/hotel-olympia.ch\/fr\/wp-json\/wp\/v2\/pages\/1452\/revisions\/2668"}],"wp:attachment":[{"href":"https:\/\/hotel-olympia.ch\/fr\/wp-json\/wp\/v2\/media?parent=1452"}],"curies":[{"name":"wp","href":"https:\/\/api.w.org\/{rel}","templated":true}]}}