{"id":1427,"date":"2021-12-22T14:28:10","date_gmt":"2021-12-22T13:28:10","guid":{"rendered":"https:\/\/neu.hotel-olympia.ch\/cadeau\/"},"modified":"2022-11-01T12:35:38","modified_gmt":"2022-11-01T11:35:38","slug":"cadeau","status":"publish","type":"page","link":"https:\/\/hotel-olympia.ch\/fr\/cadeau\/","title":{"rendered":"Cadeau"},"content":{"rendered":"\n<style type=\"text\/css\" data-created_by=\"avia_inline_auto\" id=\"style-css-av-iqgzs-e3c3987ba246f49c0b2965932d400e7f\">\n.avia-section.av-iqgzs-e3c3987ba246f49c0b2965932d400e7f .av-parallax .av-parallax-inner{\nbackground-repeat:no-repeat;\nbackground-image:url(https:\/\/hotel-olympia.ch\/wp-content\/uploads\/2021\/12\/Gutschein-1024x186.png);\nbackground-position:50% 50%;\nbackground-attachment:scroll;\n}\n.avia-section.av-iqgzs-e3c3987ba246f49c0b2965932d400e7f .av-section-color-overlay{\nopacity:0.6;\nbackground-color:#000000;\n}\n<\/style>\n<div id='av_section_1'  class='avia-section av-iqgzs-e3c3987ba246f49c0b2965932d400e7f main_color avia-section-default avia-shadow  avia-builder-el-0  el_before_av_section  avia-builder-el-first  banner avia-full-stretch av-parallax-section avia-bg-style-parallax av-section-color-overlay-active av-minimum-height av-minimum-height-25 av-height-25  container_wrap fullsize'  data-section-bg-repeat='stretch' data-av_minimum_height_pc='25' data-av_min_height_opt='25'><div class='av-parallax' data-avia-parallax-ratio='0.3' ><div class='av-parallax-inner main_color avia-full-stretch'><\/div><\/div><div class=\"av-section-color-overlay-wrap\"><div class=\"av-section-color-overlay\"><\/div><div class='container av-section-cont-open' ><main  role=\"main\" itemprop=\"mainContentOfPage\"  class='template-page content  av-content-full alpha units'><div class='post-entry post-entry-type-page post-entry-1427'><div class='entry-content-wrapper clearfix'>\n<\/div><\/div><\/main><!-- close content main element --><\/div><\/div><\/div><div id='av_section_2'  class='avia-section av-gaoi0-ca84cc48cb1029f2e67731146d7dce32 main_color avia-section-no-padding avia-no-border-styling  avia-builder-el-1  el_after_av_section  el_before_av_section  breadcrumbs-wrapper av-small-hide av-mini-hide avia-bg-style-scroll container_wrap fullsize'  ><div class='container av-section-cont-open' ><div class='template-page content  av-content-full alpha units'><div class='post-entry post-entry-type-page post-entry-1427'><div class='entry-content-wrapper clearfix'>\n<section  class='av_textblock_section av-97vns-3a8f6444f66afe15b1d60e6a1386e811 '   itemscope=\"itemscope\" itemtype=\"https:\/\/schema.org\/CreativeWork\" ><div class='avia_textblock'  itemprop=\"text\" ><p style=\"text-align: center;\"><div class=\"breadcrumb breadcrumbs avia-breadcrumbs\"><div class=\"breadcrumb-trail\" ><span class=\"trail-before\"><span class=\"breadcrumb-title\">Vous \u00eates ici :<\/span><\/span> <span  itemscope=\"itemscope\" itemtype=\"https:\/\/schema.org\/BreadcrumbList\" ><span  itemscope=\"itemscope\" itemtype=\"https:\/\/schema.org\/ListItem\" itemprop=\"itemListElement\" ><a itemprop=\"url\" href=\"https:\/\/hotel-olympia.ch\/fr\/\" title=\"Hotel Olympia Saas-Almagell, Switzerland\" rel=\"home\" class=\"trail-begin\"><span itemprop=\"name\">Accueil<\/span><\/a><span itemprop=\"position\" class=\"hidden\">1<\/span><\/span><\/span><\/div><\/div><\/p>\n<\/div><\/section>\n\n<\/div><\/div><\/div><!-- close content main div --><\/div><\/div><div id='av_section_3'  class='avia-section av-kbufzd3s-1af862e6f49384e29553b5e7a64ea6dd main_color avia-section-huge avia-shadow  avia-builder-el-3  el_after_av_section  avia-builder-el-last  avia-bg-style-scroll container_wrap fullsize'  ><div class='container av-section-cont-open' ><div class='template-page content  av-content-full alpha units'><div class='post-entry post-entry-type-page post-entry-1427'><div class='entry-content-wrapper clearfix'>\n<div  class='flex_column av-l9e9jizw-e1a6c1c4f00e779d348d3c7e534b7f61 av_one_full  avia-builder-el-4  el_before_av_one_full  avia-builder-el-first  lead first flex_column_div  '     ><section  class='av_textblock_section av-l9e9eduf-d044be8e0bf1e8ef5aaec4b6bfbb35fa '   itemscope=\"itemscope\" itemtype=\"https:\/\/schema.org\/CreativeWork\" ><div class='avia_textblock'  itemprop=\"text\" ><h1 style=\"text-align: center;\">Commander un bon cadeau<\/h1>\n<\/div><\/section><br \/>\n\n<style type=\"text\/css\" data-created_by=\"avia_inline_auto\" id=\"style-css-av-l9e5vd42-03500e5873200fdf592607db30784ecc\">\n#top .hr.hr-invisible.av-l9e5vd42-03500e5873200fdf592607db30784ecc{\nheight:50px;\n}\n<\/style>\n<div  class='hr av-l9e5vd42-03500e5873200fdf592607db30784ecc hr-invisible  avia-builder-el-6  el_after_av_textblock  el_before_av_textblock '><span class='hr-inner '><span class=\"hr-inner-style\"><\/span><\/span><\/div><br \/>\n<section  class='av_textblock_section av-bbu88-f2f99543de9ac6278c46e6774da3614c '   itemscope=\"itemscope\" itemtype=\"https:\/\/schema.org\/CreativeWork\" ><div class='avia_textblock'  itemprop=\"text\" ><h2 style=\"text-align: center;\">Le vrai gain: passer du temps avec ses proches<\/h2>\n<p style=\"text-align: center;\">Besoin d\u2019un cadeau pour vos proches?<\/p>\n<p style=\"text-align: center;\">Une petite pause dans la vie quotidienne aide \u00e0 rallumer votre propre feu. Obtenez votre partenaire ou votre famille dans la nature et d\u00e9tendez-vous dans notre SPA. Ensuite, terminez la soir\u00e9e par un d\u00eener convivial. Contactez-nous et nous vous pr\u00e9parons une offre superbe. Avec un tel cadeau, vous faites certainement partie des gagnants.<\/p>\n<\/div><\/section><\/p><\/div><div  class='flex_column av-8to34-525daad6540f5c867431a0b203fc42a8 av_one_full  avia-builder-el-8  el_after_av_one_full  avia-builder-el-last  first flex_column_div  column-top-margin'     ><p>\n<style type=\"text\/css\" data-created_by=\"avia_inline_auto\" id=\"style-css-av-kxhc8mr3-256d72934fea4417f627256fe83c8780\">\n.avia-image-container.av-kxhc8mr3-256d72934fea4417f627256fe83c8780 img.avia_image{\nbox-shadow:none;\n}\n.avia-image-container.av-kxhc8mr3-256d72934fea4417f627256fe83c8780 .av-image-caption-overlay-center{\ncolor:#ffffff;\n}\n<\/style>\n<div  class='avia-image-container av-kxhc8mr3-256d72934fea4417f627256fe83c8780 av-styling- avia-align-center  avia-builder-el-9  el_before_av_buttonrow  avia-builder-el-first '   itemprop=\"image\" itemscope=\"itemscope\" itemtype=\"https:\/\/schema.org\/ImageObject\" ><div class=\"avia-image-container-inner\"><div class=\"avia-image-overlay-wrap\"><img decoding=\"async\" fetchpriority=\"high\" class='wp-image-1305 avia-img-lazy-loading-not-1305 avia_image ' src=\"https:\/\/hotel-olympia.ch\/wp-content\/uploads\/2021\/12\/gift-548x768.png\" alt='' title='gift'  height=\"768\" width=\"548\"  itemprop=\"thumbnailUrl\" srcset=\"https:\/\/hotel-olympia.ch\/wp-content\/uploads\/2021\/12\/gift-548x768.png 548w, https:\/\/hotel-olympia.ch\/wp-content\/uploads\/2021\/12\/gift-735x1030.png 735w, https:\/\/hotel-olympia.ch\/wp-content\/uploads\/2021\/12\/gift-768x1077.png 768w, https:\/\/hotel-olympia.ch\/wp-content\/uploads\/2021\/12\/gift-1095x1536.png 1095w, https:\/\/hotel-olympia.ch\/wp-content\/uploads\/2021\/12\/gift-1070x1500.png 1070w, https:\/\/hotel-olympia.ch\/wp-content\/uploads\/2021\/12\/gift-503x705.png 503w, https:\/\/hotel-olympia.ch\/wp-content\/uploads\/2021\/12\/gift.png 1141w\" sizes=\"(max-width: 548px) 100vw, 548px\" \/><\/div><\/div><\/div><br \/>\n<div  class='avia-buttonrow-wrap av-kxhcg05j-e61bca54f6094b2706cb5fb5de4b14d2 avia-buttonrow-center  avia-builder-el-10  el_after_av_image  avia-builder-el-last '>\n\n<style type=\"text\/css\" data-created_by=\"avia_inline_auto\" id=\"style-css-av-kxhccwgh-93770ee46c372893c485648acf6c2966\">\n#top #wrap_all .avia-button.av-kxhccwgh-93770ee46c372893c485648acf6c2966{\nmargin-bottom:5px;\nmargin-right:3px;\nmargin-left:3px;\n}\n<\/style>\n<a href='tel:+41 27 957 16 76'  class='avia-button av-kxhccwgh-93770ee46c372893c485648acf6c2966 avia-icon_select-no avia-size-small avia-color-theme-color'   aria-label=\"Appelez-nous\"><span class='avia_iconbox_title' >Appelez-nous<\/span><\/a>\n\n<style type=\"text\/css\" data-created_by=\"avia_inline_auto\" id=\"style-css-av-kxhcdioo-d18a7a82f14ce66f57f679de4fedd879\">\n#top #wrap_all .avia-button.av-kxhcdioo-d18a7a82f14ce66f57f679de4fedd879{\nmargin-bottom:5px;\nmargin-right:3px;\nmargin-left:3px;\n}\n<\/style>\n<a href='https:\/\/hotel-olympia.ch\/fr\/contact\/'  class='avia-button av-kxhcdioo-d18a7a82f14ce66f57f679de4fedd879 avia-icon_select-no avia-size-small avia-color-theme-color'   aria-label=\"\u00c9crivez-nous\"><span class='avia_iconbox_title' >\u00c9crivez-nous<\/span><\/a>\n<\/div><\/p><\/div>\n","protected":false},"excerpt":{"rendered":"","protected":false},"author":3,"featured_media":0,"parent":0,"menu_order":0,"comment_status":"closed","ping_status":"open","template":"","meta":{"footnotes":""},"class_list":["post-1427","page","type-page","status-publish","hentry"],"yoast_head":"<!-- This site is optimized with the Yoast SEO plugin v27.5 - https:\/\/yoast.com\/product\/yoast-seo-wordpress\/ -->\n<title>Commander un bon cadeau| Hotel Olympia<\/title>\n<meta name=\"description\" content=\"Offrez une exp\u00e9rience qui ne sera jamais oubli\u00e9e. Un bon cadeau de l&#039;H\u00f4tel Olympia est le cadeau id\u00e9al toute l&#039;ann\u00e9e.\" \/>\n<meta name=\"robots\" content=\"index, follow, max-snippet:-1, max-image-preview:large, max-video-preview:-1\" \/>\n<link rel=\"canonical\" href=\"https:\/\/hotel-olympia.ch\/fr\/cadeau\/\" \/>\n<meta property=\"og:locale\" content=\"fr_FR\" \/>\n<meta property=\"og:type\" content=\"article\" \/>\n<meta property=\"og:title\" content=\"Commander un bon cadeau| Hotel Olympia\" \/>\n<meta property=\"og:description\" content=\"Offrez une exp\u00e9rience qui ne sera jamais oubli\u00e9e. Un bon cadeau de l&#039;H\u00f4tel Olympia est le cadeau id\u00e9al toute l&#039;ann\u00e9e.\" \/>\n<meta property=\"og:url\" content=\"https:\/\/hotel-olympia.ch\/fr\/cadeau\/\" \/>\n<meta property=\"og:site_name\" content=\"Hotel Olympia Saas-Almagell, Switzerland\" \/>\n<meta property=\"article:modified_time\" content=\"2022-11-01T11:35:38+00:00\" \/>\n<meta name=\"twitter:card\" content=\"summary_large_image\" \/>\n<meta name=\"twitter:label1\" content=\"Dur\u00e9e de lecture estim\u00e9e\" \/>\n\t<meta name=\"twitter:data1\" content=\"4 minutes\" \/>\n<script type=\"application\/ld+json\" class=\"yoast-schema-graph\">{\"@context\":\"https:\\\/\\\/schema.org\",\"@graph\":[{\"@type\":\"WebPage\",\"@id\":\"https:\\\/\\\/hotel-olympia.ch\\\/fr\\\/cadeau\\\/\",\"url\":\"https:\\\/\\\/hotel-olympia.ch\\\/fr\\\/cadeau\\\/\",\"name\":\"Commander un bon cadeau| Hotel Olympia\",\"isPartOf\":{\"@id\":\"https:\\\/\\\/hotel-olympia.ch\\\/fr\\\/#website\"},\"datePublished\":\"2021-12-22T13:28:10+00:00\",\"dateModified\":\"2022-11-01T11:35:38+00:00\",\"description\":\"Offrez une exp\u00e9rience qui ne sera jamais oubli\u00e9e. Un bon cadeau de l'H\u00f4tel Olympia est le cadeau id\u00e9al toute l'ann\u00e9e.\",\"breadcrumb\":{\"@id\":\"https:\\\/\\\/hotel-olympia.ch\\\/fr\\\/cadeau\\\/#breadcrumb\"},\"inLanguage\":\"fr-FR\",\"potentialAction\":[{\"@type\":\"ReadAction\",\"target\":[\"https:\\\/\\\/hotel-olympia.ch\\\/fr\\\/cadeau\\\/\"]}]},{\"@type\":\"BreadcrumbList\",\"@id\":\"https:\\\/\\\/hotel-olympia.ch\\\/fr\\\/cadeau\\\/#breadcrumb\",\"itemListElement\":[{\"@type\":\"ListItem\",\"position\":1,\"name\":\"Startseite\",\"item\":\"https:\\\/\\\/hotel-olympia.ch\\\/fr\\\/home\\\/\"},{\"@type\":\"ListItem\",\"position\":2,\"name\":\"Cadeau\"}]},{\"@type\":\"WebSite\",\"@id\":\"https:\\\/\\\/hotel-olympia.ch\\\/fr\\\/#website\",\"url\":\"https:\\\/\\\/hotel-olympia.ch\\\/fr\\\/\",\"name\":\"Hotel Olympia Saas-Almagell, Switzerland\",\"description\":\"\",\"potentialAction\":[{\"@type\":\"SearchAction\",\"target\":{\"@type\":\"EntryPoint\",\"urlTemplate\":\"https:\\\/\\\/hotel-olympia.ch\\\/fr\\\/?s={search_term_string}\"},\"query-input\":{\"@type\":\"PropertyValueSpecification\",\"valueRequired\":true,\"valueName\":\"search_term_string\"}}],\"inLanguage\":\"fr-FR\"}]}<\/script>\n<!-- \/ Yoast SEO plugin. -->","yoast_head_json":{"title":"Commander un bon cadeau| Hotel Olympia","description":"Offrez une exp\u00e9rience qui ne sera jamais oubli\u00e9e. Un bon cadeau de l'H\u00f4tel Olympia est le cadeau id\u00e9al toute l'ann\u00e9e.","robots":{"index":"index","follow":"follow","max-snippet":"max-snippet:-1","max-image-preview":"max-image-preview:large","max-video-preview":"max-video-preview:-1"},"canonical":"https:\/\/hotel-olympia.ch\/fr\/cadeau\/","og_locale":"fr_FR","og_type":"article","og_title":"Commander un bon cadeau| Hotel Olympia","og_description":"Offrez une exp\u00e9rience qui ne sera jamais oubli\u00e9e. Un bon cadeau de l'H\u00f4tel Olympia est le cadeau id\u00e9al toute l'ann\u00e9e.","og_url":"https:\/\/hotel-olympia.ch\/fr\/cadeau\/","og_site_name":"Hotel Olympia Saas-Almagell, Switzerland","article_modified_time":"2022-11-01T11:35:38+00:00","twitter_card":"summary_large_image","twitter_misc":{"Dur\u00e9e de lecture estim\u00e9e":"4 minutes"},"schema":{"@context":"https:\/\/schema.org","@graph":[{"@type":"WebPage","@id":"https:\/\/hotel-olympia.ch\/fr\/cadeau\/","url":"https:\/\/hotel-olympia.ch\/fr\/cadeau\/","name":"Commander un bon cadeau| Hotel Olympia","isPartOf":{"@id":"https:\/\/hotel-olympia.ch\/fr\/#website"},"datePublished":"2021-12-22T13:28:10+00:00","dateModified":"2022-11-01T11:35:38+00:00","description":"Offrez une exp\u00e9rience qui ne sera jamais oubli\u00e9e. Un bon cadeau de l'H\u00f4tel Olympia est le cadeau id\u00e9al toute l'ann\u00e9e.","breadcrumb":{"@id":"https:\/\/hotel-olympia.ch\/fr\/cadeau\/#breadcrumb"},"inLanguage":"fr-FR","potentialAction":[{"@type":"ReadAction","target":["https:\/\/hotel-olympia.ch\/fr\/cadeau\/"]}]},{"@type":"BreadcrumbList","@id":"https:\/\/hotel-olympia.ch\/fr\/cadeau\/#breadcrumb","itemListElement":[{"@type":"ListItem","position":1,"name":"Startseite","item":"https:\/\/hotel-olympia.ch\/fr\/home\/"},{"@type":"ListItem","position":2,"name":"Cadeau"}]},{"@type":"WebSite","@id":"https:\/\/hotel-olympia.ch\/fr\/#website","url":"https:\/\/hotel-olympia.ch\/fr\/","name":"Hotel Olympia Saas-Almagell, Switzerland","description":"","potentialAction":[{"@type":"SearchAction","target":{"@type":"EntryPoint","urlTemplate":"https:\/\/hotel-olympia.ch\/fr\/?s={search_term_string}"},"query-input":{"@type":"PropertyValueSpecification","valueRequired":true,"valueName":"search_term_string"}}],"inLanguage":"fr-FR"}]}},"_links":{"self":[{"href":"https:\/\/hotel-olympia.ch\/fr\/wp-json\/wp\/v2\/pages\/1427","targetHints":{"allow":["GET"]}}],"collection":[{"href":"https:\/\/hotel-olympia.ch\/fr\/wp-json\/wp\/v2\/pages"}],"about":[{"href":"https:\/\/hotel-olympia.ch\/fr\/wp-json\/wp\/v2\/types\/page"}],"author":[{"embeddable":true,"href":"https:\/\/hotel-olympia.ch\/fr\/wp-json\/wp\/v2\/users\/3"}],"replies":[{"embeddable":true,"href":"https:\/\/hotel-olympia.ch\/fr\/wp-json\/wp\/v2\/comments?post=1427"}],"version-history":[{"count":19,"href":"https:\/\/hotel-olympia.ch\/fr\/wp-json\/wp\/v2\/pages\/1427\/revisions"}],"predecessor-version":[{"id":2632,"href":"https:\/\/hotel-olympia.ch\/fr\/wp-json\/wp\/v2\/pages\/1427\/revisions\/2632"}],"wp:attachment":[{"href":"https:\/\/hotel-olympia.ch\/fr\/wp-json\/wp\/v2\/media?parent=1427"}],"curies":[{"name":"wp","href":"https:\/\/api.w.org\/{rel}","templated":true}]}}