{"id":1410,"date":"2021-12-22T14:11:29","date_gmt":"2021-12-22T13:11:29","guid":{"rendered":"https:\/\/neu.hotel-olympia.ch\/manger\/"},"modified":"2022-11-01T12:23:30","modified_gmt":"2022-11-01T11:23:30","slug":"manger","status":"publish","type":"page","link":"https:\/\/hotel-olympia.ch\/fr\/manger\/","title":{"rendered":"Manger"},"content":{"rendered":"\n<style type=\"text\/css\" data-created_by=\"avia_inline_auto\" id=\"style-css-av-iqgzs-ac323ea2effc50dca73796580307592b\">\n.avia-section.av-iqgzs-ac323ea2effc50dca73796580307592b .av-parallax .av-parallax-inner{\nbackground-repeat:no-repeat;\nbackground-image:url(https:\/\/hotel-olympia.ch\/wp-content\/uploads\/2021\/12\/Essen.png);\nbackground-position:50% 50%;\nbackground-attachment:scroll;\n}\n.avia-section.av-iqgzs-ac323ea2effc50dca73796580307592b .av-section-color-overlay{\nopacity:0.6;\nbackground-color:#000000;\n}\n<\/style>\n<div id='av_section_1'  class='avia-section av-iqgzs-ac323ea2effc50dca73796580307592b main_color avia-section-default avia-shadow  avia-builder-el-0  el_before_av_section  avia-builder-el-first  banner avia-full-stretch av-parallax-section avia-bg-style-parallax av-section-color-overlay-active av-minimum-height av-minimum-height-25 av-height-25  container_wrap fullsize'  data-section-bg-repeat='stretch' data-av_minimum_height_pc='25' data-av_min_height_opt='25'><div class='av-parallax' data-avia-parallax-ratio='0.3' ><div class='av-parallax-inner main_color avia-full-stretch'><\/div><\/div><div class=\"av-section-color-overlay-wrap\"><div class=\"av-section-color-overlay\"><\/div><div class='container av-section-cont-open' ><main  role=\"main\" itemprop=\"mainContentOfPage\"  class='template-page content  av-content-full alpha units'><div class='post-entry post-entry-type-page post-entry-1410'><div class='entry-content-wrapper clearfix'>\n<\/div><\/div><\/main><!-- close content main element --><\/div><\/div><\/div><div id='av_section_2'  class='avia-section av-gaoi0-ca84cc48cb1029f2e67731146d7dce32 main_color avia-section-no-padding avia-no-border-styling  avia-builder-el-1  el_after_av_section  el_before_av_section  breadcrumbs-wrapper av-small-hide av-mini-hide avia-bg-style-scroll container_wrap fullsize'  ><div class='container av-section-cont-open' ><div class='template-page content  av-content-full alpha units'><div class='post-entry post-entry-type-page post-entry-1410'><div class='entry-content-wrapper clearfix'>\n<section  class='av_textblock_section av-97vns-3a8f6444f66afe15b1d60e6a1386e811 '   itemscope=\"itemscope\" itemtype=\"https:\/\/schema.org\/CreativeWork\" ><div class='avia_textblock'  itemprop=\"text\" ><p style=\"text-align: center;\"><div class=\"breadcrumb breadcrumbs avia-breadcrumbs\"><div class=\"breadcrumb-trail\" ><span class=\"trail-before\"><span class=\"breadcrumb-title\">Vous \u00eates ici :<\/span><\/span> <span  itemscope=\"itemscope\" itemtype=\"https:\/\/schema.org\/BreadcrumbList\" ><span  itemscope=\"itemscope\" itemtype=\"https:\/\/schema.org\/ListItem\" itemprop=\"itemListElement\" ><a itemprop=\"url\" href=\"https:\/\/hotel-olympia.ch\/fr\/\" title=\"Hotel Olympia Saas-Almagell, Switzerland\" rel=\"home\" class=\"trail-begin\"><span itemprop=\"name\">Accueil<\/span><\/a><span itemprop=\"position\" class=\"hidden\">1<\/span><\/span><\/span><\/div><\/div><\/p>\n<\/div><\/section>\n\n<\/div><\/div><\/div><!-- close content main div --><\/div><\/div><div id='av_section_3'  class='avia-section av-nqw5z-5989553b5596aba3680d309c908f3b6b main_color avia-section-huge avia-shadow  avia-builder-el-3  el_after_av_section  el_before_av_section  avia-bg-style-scroll container_wrap fullsize'  ><div class='container av-section-cont-open' ><div class='template-page content  av-content-full alpha units'><div class='post-entry post-entry-type-page post-entry-1410'><div class='entry-content-wrapper clearfix'>\n<div  class='flex_column av-huwzr-311dc6cebf01902bc56597cb5b5fc21f av_one_full  avia-builder-el-4  avia-builder-el-no-sibling  lead first flex_column_div  '     ><section  class='av_textblock_section av-bn0ao-509aebf3434fb065ad50bd0dc0ea6c1f '   itemscope=\"itemscope\" itemtype=\"https:\/\/schema.org\/CreativeWork\" ><div class='avia_textblock'  itemprop=\"text\" ><h1 style=\"text-align: center;\">Cuisine savoureuse et d\u00e9licieuse<\/h1>\n<\/div><\/section><br \/>\n\n<style type=\"text\/css\" data-created_by=\"avia_inline_auto\" id=\"style-css-av-l9e58dhm-f93ad9bbfeb00b1fb50626b81fb29334\">\n#top .hr.hr-invisible.av-l9e58dhm-f93ad9bbfeb00b1fb50626b81fb29334{\nheight:50px;\n}\n<\/style>\n<div  class='hr av-l9e58dhm-f93ad9bbfeb00b1fb50626b81fb29334 hr-invisible  avia-builder-el-6  el_after_av_textblock  el_before_av_textblock '><span class='hr-inner '><span class=\"hr-inner-style\"><\/span><\/span><\/div><br \/>\n<section  class='av_textblock_section av-85w6f-5e84603fa6ba315be62e576493746535 '   itemscope=\"itemscope\" itemtype=\"https:\/\/schema.org\/CreativeWork\" ><div class='avia_textblock'  itemprop=\"text\" ><h2 style=\"text-align: center;\">Petit d\u00e9jeuner<\/h2>\n<p style=\"text-align: center;\">Nous proposons un savoureux petit-d\u00e9jeuner pour une journ\u00e9e pleine de vitalit\u00e9. Des petits pains croustillants, des sp\u00e9cialit\u00e9s du Valais et des plats aux \u0153ufs fra\u00eechement pr\u00e9par\u00e9s sont parfaits pour la journ\u00e9e.<\/p>\n<\/div><\/section><\/p><\/div><\/div><\/div><\/div><!-- close content main div --><\/div><\/div>\n<style type=\"text\/css\" data-created_by=\"avia_inline_auto\" id=\"style-css-av-kxeu4mrb-50ae5d8db1e2d06b2c15685818e5dc2c\">\n.avia-section.av-kxeu4mrb-50ae5d8db1e2d06b2c15685818e5dc2c .av-parallax .av-parallax-inner{\nbackground-repeat:no-repeat;\nbackground-image:url(https:\/\/hotel-olympia.ch\/wp-content\/uploads\/2021\/12\/Gipfeli.jpg);\nbackground-position:50% 50%;\nbackground-attachment:scroll;\n}\n<\/style>\n<div id='av_section_4'  class='avia-section av-kxeu4mrb-50ae5d8db1e2d06b2c15685818e5dc2c main_color avia-section-default avia-no-shadow  avia-builder-el-8  el_after_av_section  el_before_av_section  avia-full-contain av-parallax-section avia-bg-style-parallax av-minimum-height av-minimum-height-50 av-height-50  container_wrap fullsize'  data-section-bg-repeat='contain' data-av_minimum_height_pc='50' data-av_min_height_opt='50'><div class='av-parallax' data-avia-parallax-ratio='0.3' ><div class='av-parallax-inner main_color avia-full-contain'><\/div><\/div><div class='container av-section-cont-open' ><div class='template-page content  av-content-full alpha units'><div class='post-entry post-entry-type-page post-entry-1410'><div class='entry-content-wrapper clearfix'><\/p>\n<\/div><\/div><\/div><!-- close content main div --><\/div><\/div><div id='av_section_5'  class='avia-section av-1map3-6da5e362d6d5b69988fb121acc56bf39 main_color avia-section-huge avia-no-border-styling  avia-builder-el-9  el_after_av_section  el_before_av_section  avia-bg-style-scroll container_wrap fullsize'  ><div class='container av-section-cont-open' ><div class='template-page content  av-content-full alpha units'><div class='post-entry post-entry-type-page post-entry-1410'><div class='entry-content-wrapper clearfix'>\n<div  class='flex_column av-78wof-145cbbe82fe4d2163b393950f6dbbe33 av_one_full  avia-builder-el-10  avia-builder-el-no-sibling  lead first flex_column_div  '     ><section  class='av_textblock_section av-kxetz5dp-1654d57028072f943343ef46d7cfb3e5 '   itemscope=\"itemscope\" itemtype=\"https:\/\/schema.org\/CreativeWork\" ><div class='avia_textblock'  itemprop=\"text\" ><h2 style=\"text-align: center;\">Restaurant Jock&rsquo;s<\/h2>\n<p>Dans le m\u00eame maison, vous trouverez le restaurant Jock\u2019s, o\u00f9 des sp\u00e9cialit\u00e9s \u00e9cossaises sont servies. Wir wollen nicht zu viel verraten ausser, dass Sie sich auf die schottische Ku\u0308che freuen k\u00f6nnen. Si vous avez envie d\u2019un g\u00e2teau ou d\u2019un bon caf\u00e9, Jock\u2019s est l\u2019endroit \u00e0 ne pas manquer car il propose une s\u00e9lection de g\u00e2teaux et plus de 40 vari\u00e9t\u00e9s de whisky. Terminez une journ\u00e9e active dans le salon Jock. D\u00e9tendez-vous et prenez soin de vous sur la grande terrasse. Im Sommer k\u00f6nnen Sie sich auf der grossen Gartenterrasse entspannen und verw\u00f6hnen lassen. M\u00eame le soir, quand une brise l\u00e9g\u00e8re et fra\u00eeche souffle dans les montagnes, vous pouvez passer d\u2019agr\u00e9ables moments de d\u00e9tente sur la terrasse chauff\u00e9e.<br \/>\nEn savoir plus visitez <a href=\"https:\/\/www.facebook.com\/jocks.robundlucy\/\" target=\"_blank\" rel=\"noopener\">la page Facebook du restaurant.<\/a><\/p>\n<\/div><\/section><br \/>\n\n<style type=\"text\/css\" data-created_by=\"avia_inline_auto\" id=\"style-css-av-kxeuwh6z-79833d86bad498e4228124bb971df1f4\">\n#top .hr.hr-invisible.av-kxeuwh6z-79833d86bad498e4228124bb971df1f4{\nheight:40px;\n}\n<\/style>\n<div  class='hr av-kxeuwh6z-79833d86bad498e4228124bb971df1f4 hr-invisible  avia-builder-el-12  el_after_av_textblock  el_before_av_gallery '><span class='hr-inner '><span class=\"hr-inner-style\"><\/span><\/span><\/div><br \/>\n\n<style type=\"text\/css\" data-created_by=\"avia_inline_auto\" id=\"style-css-av-kxeuu3v7-b6da54c60ada02be68cc35d420fc1dc7\">\n#top .avia-gallery.av-kxeuu3v7-b6da54c60ada02be68cc35d420fc1dc7 .avia-gallery-thumb a{\nwidth:33.3333%;\n}\n<\/style>\n<div  class='avia-gallery av-kxeuu3v7-b6da54c60ada02be68cc35d420fc1dc7 avia_animate_when_visible  avia-builder-el-13  el_after_av_hr  avia-builder-el-last  animations_off avia-gallery-1'  itemprop=\"image\" itemscope=\"itemscope\" itemtype=\"https:\/\/schema.org\/ImageObject\" ><meta itemprop=\"contentURL\" content=\"https:\/\/hotel-olympia.ch\/fr\/manger\/\"><div class='avia-gallery-thumb'><a href=\"https:\/\/hotel-olympia.ch\/wp-content\/uploads\/2021\/12\/HYRJA-RESTORANT-1030x773.png\" data-srcset=\"https:\/\/hotel-olympia.ch\/wp-content\/uploads\/2021\/12\/HYRJA-RESTORANT-1030x773.png 1030w, https:\/\/hotel-olympia.ch\/wp-content\/uploads\/2021\/12\/HYRJA-RESTORANT-1024x768.png 1024w, https:\/\/hotel-olympia.ch\/wp-content\/uploads\/2021\/12\/HYRJA-RESTORANT-768x576.png 768w, https:\/\/hotel-olympia.ch\/wp-content\/uploads\/2021\/12\/HYRJA-RESTORANT-705x529.png 705w, https:\/\/hotel-olympia.ch\/wp-content\/uploads\/2021\/12\/HYRJA-RESTORANT.png 1440w\" data-sizes=\"(max-width: 1030px) 100vw, 1030px\" data-rel='gallery-1' data-prev-img='https:\/\/hotel-olympia.ch\/wp-content\/uploads\/2021\/12\/HYRJA-RESTORANT-495x400.png' class='first_thumb lightbox ' data-onclick='1' title='HYRJA-RESTORANT'  itemprop=\"thumbnailUrl\"  ><img decoding=\"async\" fetchpriority=\"high\" class=\"wp-image-928 avia-img-lazy-loading-not-928\"   src=\"https:\/\/hotel-olympia.ch\/wp-content\/uploads\/2021\/12\/HYRJA-RESTORANT-495x400.png\" width=\"495\" height=\"400\"  title='HYRJA-RESTORANT' alt='' srcset=\"https:\/\/hotel-olympia.ch\/wp-content\/uploads\/2021\/12\/HYRJA-RESTORANT-495x400.png 495w, https:\/\/hotel-olympia.ch\/wp-content\/uploads\/2021\/12\/HYRJA-RESTORANT-845x684.png 845w\" sizes=\"(max-width: 495px) 100vw, 495px\" \/><div class='big-prev-fake'><img decoding=\"async\" loading=\"lazy\" class=\"wp-image-928 avia-img-lazy-loading-928\"  width=\"495\" height=\"400\" src=\"https:\/\/hotel-olympia.ch\/wp-content\/uploads\/2021\/12\/HYRJA-RESTORANT-495x400.png\" title='HYRJA-RESTORANT' alt='' srcset=\"https:\/\/hotel-olympia.ch\/wp-content\/uploads\/2021\/12\/HYRJA-RESTORANT-495x400.png 495w, https:\/\/hotel-olympia.ch\/wp-content\/uploads\/2021\/12\/HYRJA-RESTORANT-845x684.png 845w\" sizes=\"auto, (max-width: 495px) 100vw, 495px\" \/><\/div><\/a><a href=\"https:\/\/hotel-olympia.ch\/wp-content\/uploads\/2021\/12\/RESTORANT-OLYMPIA-copy-1030x773.jpg\" data-srcset=\"https:\/\/hotel-olympia.ch\/wp-content\/uploads\/2021\/12\/RESTORANT-OLYMPIA-copy-1030x773.jpg 1030w, https:\/\/hotel-olympia.ch\/wp-content\/uploads\/2021\/12\/RESTORANT-OLYMPIA-copy-1024x768.jpg 1024w, https:\/\/hotel-olympia.ch\/wp-content\/uploads\/2021\/12\/RESTORANT-OLYMPIA-copy-768x576.jpg 768w, https:\/\/hotel-olympia.ch\/wp-content\/uploads\/2021\/12\/RESTORANT-OLYMPIA-copy-705x529.jpg 705w, https:\/\/hotel-olympia.ch\/wp-content\/uploads\/2021\/12\/RESTORANT-OLYMPIA-copy.jpg 1440w\" data-sizes=\"(max-width: 1030px) 100vw, 1030px\" data-rel='gallery-1' data-prev-img='https:\/\/hotel-olympia.ch\/wp-content\/uploads\/2021\/12\/RESTORANT-OLYMPIA-copy-495x400.jpg' class='lightbox ' data-onclick='2' title='RESTORANT-OLYMPIA-copy'  itemprop=\"thumbnailUrl\"  ><img decoding=\"async\" fetchpriority=\"high\" class=\"wp-image-934 avia-img-lazy-loading-not-934\"   src=\"https:\/\/hotel-olympia.ch\/wp-content\/uploads\/2021\/12\/RESTORANT-OLYMPIA-copy-495x400.jpg\" width=\"495\" height=\"400\"  title='RESTORANT-OLYMPIA-copy' alt='' srcset=\"https:\/\/hotel-olympia.ch\/wp-content\/uploads\/2021\/12\/RESTORANT-OLYMPIA-copy-495x400.jpg 495w, https:\/\/hotel-olympia.ch\/wp-content\/uploads\/2021\/12\/RESTORANT-OLYMPIA-copy-845x684.jpg 845w\" sizes=\"(max-width: 495px) 100vw, 495px\" \/><div class='big-prev-fake'><img decoding=\"async\" loading=\"lazy\" class=\"wp-image-934 avia-img-lazy-loading-934\"  width=\"495\" height=\"400\" src=\"https:\/\/hotel-olympia.ch\/wp-content\/uploads\/2021\/12\/RESTORANT-OLYMPIA-copy-495x400.jpg\" title='RESTORANT-OLYMPIA-copy' alt='' srcset=\"https:\/\/hotel-olympia.ch\/wp-content\/uploads\/2021\/12\/RESTORANT-OLYMPIA-copy-495x400.jpg 495w, https:\/\/hotel-olympia.ch\/wp-content\/uploads\/2021\/12\/RESTORANT-OLYMPIA-copy-845x684.jpg 845w\" sizes=\"auto, (max-width: 495px) 100vw, 495px\" \/><\/div><\/a><a href=\"https:\/\/hotel-olympia.ch\/wp-content\/uploads\/2021\/12\/RESTORANT-OLYMPIA-1-copy-1030x773.jpg\" data-srcset=\"https:\/\/hotel-olympia.ch\/wp-content\/uploads\/2021\/12\/RESTORANT-OLYMPIA-1-copy-1030x773.jpg 1030w, https:\/\/hotel-olympia.ch\/wp-content\/uploads\/2021\/12\/RESTORANT-OLYMPIA-1-copy-1024x768.jpg 1024w, https:\/\/hotel-olympia.ch\/wp-content\/uploads\/2021\/12\/RESTORANT-OLYMPIA-1-copy-768x576.jpg 768w, https:\/\/hotel-olympia.ch\/wp-content\/uploads\/2021\/12\/RESTORANT-OLYMPIA-1-copy-705x529.jpg 705w, https:\/\/hotel-olympia.ch\/wp-content\/uploads\/2021\/12\/RESTORANT-OLYMPIA-1-copy.jpg 1440w\" data-sizes=\"(max-width: 1030px) 100vw, 1030px\" data-rel='gallery-1' data-prev-img='https:\/\/hotel-olympia.ch\/wp-content\/uploads\/2021\/12\/RESTORANT-OLYMPIA-1-copy-495x400.jpg' class='lightbox ' data-onclick='3' title='RESTORANT-OLYMPIA-1-copy'  itemprop=\"thumbnailUrl\"  ><img decoding=\"async\" fetchpriority=\"high\" class=\"wp-image-931 avia-img-lazy-loading-not-931\"   src=\"https:\/\/hotel-olympia.ch\/wp-content\/uploads\/2021\/12\/RESTORANT-OLYMPIA-1-copy-495x400.jpg\" width=\"495\" height=\"400\"  title='RESTORANT-OLYMPIA-1-copy' alt='' srcset=\"https:\/\/hotel-olympia.ch\/wp-content\/uploads\/2021\/12\/RESTORANT-OLYMPIA-1-copy-495x400.jpg 495w, https:\/\/hotel-olympia.ch\/wp-content\/uploads\/2021\/12\/RESTORANT-OLYMPIA-1-copy-845x684.jpg 845w\" sizes=\"(max-width: 495px) 100vw, 495px\" \/><div class='big-prev-fake'><img decoding=\"async\" loading=\"lazy\" class=\"wp-image-931 avia-img-lazy-loading-931\"  width=\"495\" height=\"400\" src=\"https:\/\/hotel-olympia.ch\/wp-content\/uploads\/2021\/12\/RESTORANT-OLYMPIA-1-copy-495x400.jpg\" title='RESTORANT-OLYMPIA-1-copy' alt='' srcset=\"https:\/\/hotel-olympia.ch\/wp-content\/uploads\/2021\/12\/RESTORANT-OLYMPIA-1-copy-495x400.jpg 495w, https:\/\/hotel-olympia.ch\/wp-content\/uploads\/2021\/12\/RESTORANT-OLYMPIA-1-copy-845x684.jpg 845w\" sizes=\"auto, (max-width: 495px) 100vw, 495px\" \/><\/div><\/a><\/div><\/div><\/p><\/div><\/div><\/div><\/div><!-- close content main div --><\/div><\/div>\n<style type=\"text\/css\" data-created_by=\"avia_inline_auto\" id=\"style-css-av-kxeupp6n-99707fc0f6a570c4e74e12c1c721447b\">\n.avia-section.av-kxeupp6n-99707fc0f6a570c4e74e12c1c721447b .av-parallax .av-parallax-inner{\nbackground-repeat:no-repeat;\nbackground-image:url(https:\/\/hotel-olympia.ch\/wp-content\/uploads\/2021\/12\/TERASA-1024x576.jpg);\nbackground-position:50% 50%;\nbackground-attachment:scroll;\n}\n<\/style>\n<div id='av_section_6'  class='avia-section av-kxeupp6n-99707fc0f6a570c4e74e12c1c721447b main_color avia-section-default avia-shadow  avia-builder-el-14  el_after_av_section  avia-builder-el-last  banner avia-full-stretch av-parallax-section avia-bg-style-parallax av-minimum-height av-minimum-height-50 av-height-50  container_wrap fullsize'  data-section-bg-repeat='stretch' data-av_minimum_height_pc='50' data-av_min_height_opt='50'><div class='av-parallax' data-avia-parallax-ratio='0.3' ><div class='av-parallax-inner main_color avia-full-stretch'><\/div><\/div><div class='container av-section-cont-open' ><div class='template-page content  av-content-full alpha units'><div class='post-entry post-entry-type-page post-entry-1410'><div class='entry-content-wrapper clearfix'><\/p>\n","protected":false},"excerpt":{"rendered":"","protected":false},"author":3,"featured_media":0,"parent":0,"menu_order":0,"comment_status":"closed","ping_status":"open","template":"","meta":{"footnotes":""},"class_list":["post-1410","page","type-page","status-publish","hentry"],"yoast_head":"<!-- This site is optimized with the Yoast SEO plugin v27.3 - https:\/\/yoast.com\/product\/yoast-seo-wordpress\/ -->\n<title>Cuisine savoureuse et d\u00e9licieuse \u00e0 Saas-Almagell | Hotel Olympia<\/title>\n<meta name=\"description\" content=\"Nous vous proposons un petit d\u00e9jeuner \u00e9quilibr\u00e9. Dans le m\u00eame b\u00e2timent se trouve le restaurant, o\u00f9 des sp\u00e9cialit\u00e9s \u00e9cossaises sont servies.\" \/>\n<meta name=\"robots\" content=\"index, follow, max-snippet:-1, max-image-preview:large, max-video-preview:-1\" \/>\n<link rel=\"canonical\" href=\"https:\/\/hotel-olympia.ch\/fr\/manger\/\" \/>\n<meta property=\"og:locale\" content=\"fr_FR\" \/>\n<meta property=\"og:type\" content=\"article\" \/>\n<meta property=\"og:title\" content=\"Cuisine savoureuse et d\u00e9licieuse \u00e0 Saas-Almagell | Hotel Olympia\" \/>\n<meta property=\"og:description\" content=\"Nous vous proposons un petit d\u00e9jeuner \u00e9quilibr\u00e9. Dans le m\u00eame b\u00e2timent se trouve le restaurant, o\u00f9 des sp\u00e9cialit\u00e9s \u00e9cossaises sont servies.\" \/>\n<meta property=\"og:url\" content=\"https:\/\/hotel-olympia.ch\/fr\/manger\/\" \/>\n<meta property=\"og:site_name\" content=\"Hotel Olympia Saas-Almagell, Switzerland\" \/>\n<meta property=\"article:modified_time\" content=\"2022-11-01T11:23:30+00:00\" \/>\n<meta name=\"twitter:card\" content=\"summary_large_image\" \/>\n<meta name=\"twitter:label1\" content=\"Dur\u00e9e de lecture estim\u00e9e\" \/>\n\t<meta name=\"twitter:data1\" content=\"5 minutes\" \/>\n<script type=\"application\/ld+json\" class=\"yoast-schema-graph\">{\"@context\":\"https:\\\/\\\/schema.org\",\"@graph\":[{\"@type\":\"WebPage\",\"@id\":\"https:\\\/\\\/hotel-olympia.ch\\\/fr\\\/manger\\\/\",\"url\":\"https:\\\/\\\/hotel-olympia.ch\\\/fr\\\/manger\\\/\",\"name\":\"Cuisine savoureuse et d\u00e9licieuse \u00e0 Saas-Almagell | Hotel Olympia\",\"isPartOf\":{\"@id\":\"https:\\\/\\\/hotel-olympia.ch\\\/fr\\\/#website\"},\"datePublished\":\"2021-12-22T13:11:29+00:00\",\"dateModified\":\"2022-11-01T11:23:30+00:00\",\"description\":\"Nous vous proposons un petit d\u00e9jeuner \u00e9quilibr\u00e9. Dans le m\u00eame b\u00e2timent se trouve le restaurant, o\u00f9 des sp\u00e9cialit\u00e9s \u00e9cossaises sont servies.\",\"breadcrumb\":{\"@id\":\"https:\\\/\\\/hotel-olympia.ch\\\/fr\\\/manger\\\/#breadcrumb\"},\"inLanguage\":\"fr-FR\",\"potentialAction\":[{\"@type\":\"ReadAction\",\"target\":[\"https:\\\/\\\/hotel-olympia.ch\\\/fr\\\/manger\\\/\"]}]},{\"@type\":\"BreadcrumbList\",\"@id\":\"https:\\\/\\\/hotel-olympia.ch\\\/fr\\\/manger\\\/#breadcrumb\",\"itemListElement\":[{\"@type\":\"ListItem\",\"position\":1,\"name\":\"Startseite\",\"item\":\"https:\\\/\\\/hotel-olympia.ch\\\/fr\\\/home\\\/\"},{\"@type\":\"ListItem\",\"position\":2,\"name\":\"Manger\"}]},{\"@type\":\"WebSite\",\"@id\":\"https:\\\/\\\/hotel-olympia.ch\\\/fr\\\/#website\",\"url\":\"https:\\\/\\\/hotel-olympia.ch\\\/fr\\\/\",\"name\":\"Hotel Olympia Saas-Almagell, Switzerland\",\"description\":\"\",\"potentialAction\":[{\"@type\":\"SearchAction\",\"target\":{\"@type\":\"EntryPoint\",\"urlTemplate\":\"https:\\\/\\\/hotel-olympia.ch\\\/fr\\\/?s={search_term_string}\"},\"query-input\":{\"@type\":\"PropertyValueSpecification\",\"valueRequired\":true,\"valueName\":\"search_term_string\"}}],\"inLanguage\":\"fr-FR\"}]}<\/script>\n<!-- \/ Yoast SEO plugin. -->","yoast_head_json":{"title":"Cuisine savoureuse et d\u00e9licieuse \u00e0 Saas-Almagell | Hotel Olympia","description":"Nous vous proposons un petit d\u00e9jeuner \u00e9quilibr\u00e9. Dans le m\u00eame b\u00e2timent se trouve le restaurant, o\u00f9 des sp\u00e9cialit\u00e9s \u00e9cossaises sont servies.","robots":{"index":"index","follow":"follow","max-snippet":"max-snippet:-1","max-image-preview":"max-image-preview:large","max-video-preview":"max-video-preview:-1"},"canonical":"https:\/\/hotel-olympia.ch\/fr\/manger\/","og_locale":"fr_FR","og_type":"article","og_title":"Cuisine savoureuse et d\u00e9licieuse \u00e0 Saas-Almagell | Hotel Olympia","og_description":"Nous vous proposons un petit d\u00e9jeuner \u00e9quilibr\u00e9. Dans le m\u00eame b\u00e2timent se trouve le restaurant, o\u00f9 des sp\u00e9cialit\u00e9s \u00e9cossaises sont servies.","og_url":"https:\/\/hotel-olympia.ch\/fr\/manger\/","og_site_name":"Hotel Olympia Saas-Almagell, Switzerland","article_modified_time":"2022-11-01T11:23:30+00:00","twitter_card":"summary_large_image","twitter_misc":{"Dur\u00e9e de lecture estim\u00e9e":"5 minutes"},"schema":{"@context":"https:\/\/schema.org","@graph":[{"@type":"WebPage","@id":"https:\/\/hotel-olympia.ch\/fr\/manger\/","url":"https:\/\/hotel-olympia.ch\/fr\/manger\/","name":"Cuisine savoureuse et d\u00e9licieuse \u00e0 Saas-Almagell | Hotel Olympia","isPartOf":{"@id":"https:\/\/hotel-olympia.ch\/fr\/#website"},"datePublished":"2021-12-22T13:11:29+00:00","dateModified":"2022-11-01T11:23:30+00:00","description":"Nous vous proposons un petit d\u00e9jeuner \u00e9quilibr\u00e9. Dans le m\u00eame b\u00e2timent se trouve le restaurant, o\u00f9 des sp\u00e9cialit\u00e9s \u00e9cossaises sont servies.","breadcrumb":{"@id":"https:\/\/hotel-olympia.ch\/fr\/manger\/#breadcrumb"},"inLanguage":"fr-FR","potentialAction":[{"@type":"ReadAction","target":["https:\/\/hotel-olympia.ch\/fr\/manger\/"]}]},{"@type":"BreadcrumbList","@id":"https:\/\/hotel-olympia.ch\/fr\/manger\/#breadcrumb","itemListElement":[{"@type":"ListItem","position":1,"name":"Startseite","item":"https:\/\/hotel-olympia.ch\/fr\/home\/"},{"@type":"ListItem","position":2,"name":"Manger"}]},{"@type":"WebSite","@id":"https:\/\/hotel-olympia.ch\/fr\/#website","url":"https:\/\/hotel-olympia.ch\/fr\/","name":"Hotel Olympia Saas-Almagell, Switzerland","description":"","potentialAction":[{"@type":"SearchAction","target":{"@type":"EntryPoint","urlTemplate":"https:\/\/hotel-olympia.ch\/fr\/?s={search_term_string}"},"query-input":{"@type":"PropertyValueSpecification","valueRequired":true,"valueName":"search_term_string"}}],"inLanguage":"fr-FR"}]}},"_links":{"self":[{"href":"https:\/\/hotel-olympia.ch\/fr\/wp-json\/wp\/v2\/pages\/1410","targetHints":{"allow":["GET"]}}],"collection":[{"href":"https:\/\/hotel-olympia.ch\/fr\/wp-json\/wp\/v2\/pages"}],"about":[{"href":"https:\/\/hotel-olympia.ch\/fr\/wp-json\/wp\/v2\/types\/page"}],"author":[{"embeddable":true,"href":"https:\/\/hotel-olympia.ch\/fr\/wp-json\/wp\/v2\/users\/3"}],"replies":[{"embeddable":true,"href":"https:\/\/hotel-olympia.ch\/fr\/wp-json\/wp\/v2\/comments?post=1410"}],"version-history":[{"count":6,"href":"https:\/\/hotel-olympia.ch\/fr\/wp-json\/wp\/v2\/pages\/1410\/revisions"}],"predecessor-version":[{"id":2619,"href":"https:\/\/hotel-olympia.ch\/fr\/wp-json\/wp\/v2\/pages\/1410\/revisions\/2619"}],"wp:attachment":[{"href":"https:\/\/hotel-olympia.ch\/fr\/wp-json\/wp\/v2\/media?parent=1410"}],"curies":[{"name":"wp","href":"https:\/\/api.w.org\/{rel}","templated":true}]}}