{"id":1405,"date":"2021-12-22T13:52:22","date_gmt":"2021-12-22T12:52:22","guid":{"rendered":"https:\/\/neu.hotel-olympia.ch\/booking\/"},"modified":"2025-11-05T09:44:36","modified_gmt":"2025-11-05T08:44:36","slug":"booking","status":"publish","type":"page","link":"https:\/\/hotel-olympia.ch\/fr\/booking\/","title":{"rendered":"R\u00e9servation"},"content":{"rendered":"<\/p>\n\n<style type=\"text\/css\" data-created_by=\"avia_inline_auto\" id=\"style-css-av-iqgzs-f7042e33d7ada28c24dea2bc686cd705\">\n.avia-section.av-iqgzs-f7042e33d7ada28c24dea2bc686cd705 .av-parallax .av-parallax-inner{\nbackground-repeat:no-repeat;\nbackground-image:url(https:\/\/hotel-olympia.ch\/wp-content\/uploads\/2021\/11\/foto-per-SLEEP-copy.png);\nbackground-position:50% 50%;\nbackground-attachment:scroll;\n}\n.avia-section.av-iqgzs-f7042e33d7ada28c24dea2bc686cd705 .av-section-color-overlay{\nopacity:0.6;\nbackground-color:#000000;\n}\n<\/style>\n<div id='av_section_1'  class='avia-section av-iqgzs-f7042e33d7ada28c24dea2bc686cd705 main_color avia-section-default avia-shadow  avia-builder-el-0  el_before_av_section  avia-builder-el-first  banner avia-full-stretch av-parallax-section avia-bg-style-parallax av-section-color-overlay-active av-minimum-height av-minimum-height-25 av-height-25  container_wrap fullsize'  data-section-bg-repeat='stretch' data-av_minimum_height_pc='25' data-av_min_height_opt='25'><div class='av-parallax' data-avia-parallax-ratio='0.3' ><div class='av-parallax-inner main_color avia-full-stretch'><\/div><\/div><div class=\"av-section-color-overlay-wrap\"><div class=\"av-section-color-overlay\"><\/div><div class='container av-section-cont-open' ><main  role=\"main\" itemprop=\"mainContentOfPage\"  class='template-page content  av-content-full alpha units'><div class='post-entry post-entry-type-page post-entry-1405'><div class='entry-content-wrapper clearfix'>\n<\/div><\/div><\/main><!-- close content main element --><\/div><\/div><\/div><div id='av_section_2'  class='avia-section av-gaoi0-ca84cc48cb1029f2e67731146d7dce32 main_color avia-section-no-padding avia-no-border-styling  avia-builder-el-1  el_after_av_section  el_before_av_section  breadcrumbs-wrapper av-small-hide av-mini-hide avia-bg-style-scroll container_wrap fullsize'  ><div class='container av-section-cont-open' ><div class='template-page content  av-content-full alpha units'><div class='post-entry post-entry-type-page post-entry-1405'><div class='entry-content-wrapper clearfix'>\n<section  class='av_textblock_section av-97vns-3a8f6444f66afe15b1d60e6a1386e811 '   itemscope=\"itemscope\" itemtype=\"https:\/\/schema.org\/CreativeWork\" ><div class='avia_textblock'  itemprop=\"text\" ><p style=\"text-align: center;\"><div class=\"breadcrumb breadcrumbs avia-breadcrumbs\"><div class=\"breadcrumb-trail\" ><span class=\"trail-before\"><span class=\"breadcrumb-title\">Vous \u00eates ici :<\/span><\/span> <span  itemscope=\"itemscope\" itemtype=\"https:\/\/schema.org\/BreadcrumbList\" ><span  itemscope=\"itemscope\" itemtype=\"https:\/\/schema.org\/ListItem\" itemprop=\"itemListElement\" ><a itemprop=\"url\" href=\"https:\/\/hotel-olympia.ch\/fr\/\" title=\"Hotel Olympia Saas-Almagell, Switzerland\" rel=\"home\" class=\"trail-begin\"><span itemprop=\"name\">Accueil<\/span><\/a><span itemprop=\"position\" class=\"hidden\">1<\/span><\/span><\/span><\/div><\/div><\/p>\n<\/div><\/section>\n\n<\/div><\/div><\/div><!-- close content main div --><\/div><\/div><div id='av_section_3'  class='avia-section av-kvpigmz5-b0a65caba71057d05d9e1d33a278acba main_color avia-section-huge avia-shadow  avia-builder-el-3  el_after_av_section  avia-builder-el-last  avia-bg-style-scroll container_wrap fullsize'  ><div class='container av-section-cont-open' ><div class='template-page content  av-content-full alpha units'><div class='post-entry post-entry-type-page post-entry-1405'><div class='entry-content-wrapper clearfix'>\n<div  class='flex_column av-hu8kq-08741dbf821ffdaeb84a1ae8c9817c71 av_one_full  avia-builder-el-4  avia-builder-el-no-sibling  lead first flex_column_div  '     ><section  class='av_textblock_section av-kvpi9rvs-68b489f24b437b9ee40363a12c845381 '   itemscope=\"itemscope\" itemtype=\"https:\/\/schema.org\/CreativeWork\" ><div class='avia_textblock'  itemprop=\"text\" ><h1 style=\"text-align: center;\">Chercher &#038; r\u00e9server<\/h1>\n<\/div><\/section><br \/>\n\n<style type=\"text\/css\" data-created_by=\"avia_inline_auto\" id=\"style-css-av-kvpigbgw-d2415710e59028a9babd70f1ed2b7c8d\">\n#top .hr.hr-invisible.av-kvpigbgw-d2415710e59028a9babd70f1ed2b7c8d{\nheight:50px;\n}\n<\/style>\n<div  class='hr av-kvpigbgw-d2415710e59028a9babd70f1ed2b7c8d hr-invisible  avia-builder-el-6  el_after_av_textblock  el_before_av_sidebar '><span class='hr-inner '><span class=\"hr-inner-style\"><\/span><\/span><\/div><br \/>\n<div  class='avia-builder-widget-area clearfix  avia-builder-el-7  el_after_av_hr  avia-builder-el-last '><div id=\"codewidget-2\" class=\"widget clearfix widget_codewidget\"><div class=\"code-widget\"> <div id=\"ebFrontEndFrame\"><\/div>\r\n <script src=\"\/\/www.easy-booking.at\/bookingengine2\/js\/jquery.easybooking.frontend.js\"><\/script>\r\n <script>\r\n \tfunction ebFrontendLoadedCheck() {\r\n \t\tif (typeof jQuery != \"undefined\") {\r\n \t\t\tif (jQuery.fn.ebFrontEnd) {\r\n \t\t\t\tjQuery(\"#ebFrontEndFrame\").ebFrontEnd({\r\n \t\t\t\t\tcustomerId: 5058,\r\n \t\t\t\t\tserialNo: \"5870-4900-6891\",\r\n \t\t\t\t\tlocaleId: 5,\r\n \t\t\t\t\tframeId: \"ebFrontEndPlugin\",\r\n \t\t\t\t\tscrollOffset: 1,\r\n \t\t\t\t\tadultOnly: false,\r\n \t\t\t\t\tgtmDL: \"dataLayer\",\r\n \t\t\t\t\thideFilters: \"on\",\r\n \t\t\t\t\tdisableScroll: true,\r\n \t\t\t\t\tsource: \"\",\r\n \t\t\t\t\tcollapsedExtras: false\r\n \t\t\t\t});\r\n \t\t\t} else {\r\n \t\t\t\tsetTimeout(ebFrontendLoadedCheck, 200);\r\n \t\t\t}\r\n \t\t} else {\r\n \t\t\tsetTimeout(ebFrontendLoadedCheck, 200);\r\n \t\t}\r\n \t}\r\n \tebFrontendLoadedCheck();\r\n <\/script> <\/div><\/div><\/div><\/p><\/div>\n","protected":false},"excerpt":{"rendered":"","protected":false},"author":3,"featured_media":0,"parent":0,"menu_order":0,"comment_status":"closed","ping_status":"open","template":"","meta":{"footnotes":""},"class_list":["post-1405","page","type-page","status-publish","hentry"],"yoast_head":"<!-- This site is optimized with the Yoast SEO plugin v27.3 - https:\/\/yoast.com\/product\/yoast-seo-wordpress\/ -->\n<title>R\u00e9server une chambre d&#039;h\u00f4tel \u00e0 Saas Almagell | Hotel Olympia<\/title>\n<meta name=\"description\" content=\"Comme il s&#039;agit d&#039;un h\u00f4tel familial, vous d\u00e9couvrirez une touche particuli\u00e8rement personnelle. Nous garantissons le meilleur prix.\" \/>\n<meta name=\"robots\" content=\"index, follow, max-snippet:-1, max-image-preview:large, max-video-preview:-1\" \/>\n<link rel=\"canonical\" href=\"https:\/\/hotel-olympia.ch\/fr\/booking\/\" \/>\n<meta property=\"og:locale\" content=\"fr_FR\" \/>\n<meta property=\"og:type\" content=\"article\" \/>\n<meta property=\"og:title\" content=\"R\u00e9server une chambre d&#039;h\u00f4tel \u00e0 Saas Almagell | Hotel Olympia\" \/>\n<meta property=\"og:description\" content=\"Comme il s&#039;agit d&#039;un h\u00f4tel familial, vous d\u00e9couvrirez une touche particuli\u00e8rement personnelle. Nous garantissons le meilleur prix.\" \/>\n<meta property=\"og:url\" content=\"https:\/\/hotel-olympia.ch\/fr\/booking\/\" \/>\n<meta property=\"og:site_name\" content=\"Hotel Olympia Saas-Almagell, Switzerland\" \/>\n<meta property=\"article:modified_time\" content=\"2025-11-05T08:44:36+00:00\" \/>\n<meta name=\"twitter:card\" content=\"summary_large_image\" \/>\n<meta name=\"twitter:label1\" content=\"Dur\u00e9e de lecture estim\u00e9e\" \/>\n\t<meta name=\"twitter:data1\" content=\"1 minute\" \/>\n<script type=\"application\/ld+json\" class=\"yoast-schema-graph\">{\"@context\":\"https:\\\/\\\/schema.org\",\"@graph\":[{\"@type\":\"WebPage\",\"@id\":\"https:\\\/\\\/hotel-olympia.ch\\\/fr\\\/booking\\\/\",\"url\":\"https:\\\/\\\/hotel-olympia.ch\\\/fr\\\/booking\\\/\",\"name\":\"R\u00e9server une chambre d'h\u00f4tel \u00e0 Saas Almagell | Hotel Olympia\",\"isPartOf\":{\"@id\":\"https:\\\/\\\/hotel-olympia.ch\\\/fr\\\/#website\"},\"datePublished\":\"2021-12-22T12:52:22+00:00\",\"dateModified\":\"2025-11-05T08:44:36+00:00\",\"description\":\"Comme il s'agit d'un h\u00f4tel familial, vous d\u00e9couvrirez une touche particuli\u00e8rement personnelle. Nous garantissons le meilleur prix.\",\"breadcrumb\":{\"@id\":\"https:\\\/\\\/hotel-olympia.ch\\\/fr\\\/booking\\\/#breadcrumb\"},\"inLanguage\":\"fr-FR\",\"potentialAction\":[{\"@type\":\"ReadAction\",\"target\":[\"https:\\\/\\\/hotel-olympia.ch\\\/fr\\\/booking\\\/\"]}]},{\"@type\":\"BreadcrumbList\",\"@id\":\"https:\\\/\\\/hotel-olympia.ch\\\/fr\\\/booking\\\/#breadcrumb\",\"itemListElement\":[{\"@type\":\"ListItem\",\"position\":1,\"name\":\"Startseite\",\"item\":\"https:\\\/\\\/hotel-olympia.ch\\\/fr\\\/home\\\/\"},{\"@type\":\"ListItem\",\"position\":2,\"name\":\"R\u00e9servation\"}]},{\"@type\":\"WebSite\",\"@id\":\"https:\\\/\\\/hotel-olympia.ch\\\/fr\\\/#website\",\"url\":\"https:\\\/\\\/hotel-olympia.ch\\\/fr\\\/\",\"name\":\"Hotel Olympia Saas-Almagell, Switzerland\",\"description\":\"\",\"potentialAction\":[{\"@type\":\"SearchAction\",\"target\":{\"@type\":\"EntryPoint\",\"urlTemplate\":\"https:\\\/\\\/hotel-olympia.ch\\\/fr\\\/?s={search_term_string}\"},\"query-input\":{\"@type\":\"PropertyValueSpecification\",\"valueRequired\":true,\"valueName\":\"search_term_string\"}}],\"inLanguage\":\"fr-FR\"}]}<\/script>\n<!-- \/ Yoast SEO plugin. -->","yoast_head_json":{"title":"R\u00e9server une chambre d'h\u00f4tel \u00e0 Saas Almagell | Hotel Olympia","description":"Comme il s'agit d'un h\u00f4tel familial, vous d\u00e9couvrirez une touche particuli\u00e8rement personnelle. Nous garantissons le meilleur prix.","robots":{"index":"index","follow":"follow","max-snippet":"max-snippet:-1","max-image-preview":"max-image-preview:large","max-video-preview":"max-video-preview:-1"},"canonical":"https:\/\/hotel-olympia.ch\/fr\/booking\/","og_locale":"fr_FR","og_type":"article","og_title":"R\u00e9server une chambre d'h\u00f4tel \u00e0 Saas Almagell | Hotel Olympia","og_description":"Comme il s'agit d'un h\u00f4tel familial, vous d\u00e9couvrirez une touche particuli\u00e8rement personnelle. Nous garantissons le meilleur prix.","og_url":"https:\/\/hotel-olympia.ch\/fr\/booking\/","og_site_name":"Hotel Olympia Saas-Almagell, Switzerland","article_modified_time":"2025-11-05T08:44:36+00:00","twitter_card":"summary_large_image","twitter_misc":{"Dur\u00e9e de lecture estim\u00e9e":"1 minute"},"schema":{"@context":"https:\/\/schema.org","@graph":[{"@type":"WebPage","@id":"https:\/\/hotel-olympia.ch\/fr\/booking\/","url":"https:\/\/hotel-olympia.ch\/fr\/booking\/","name":"R\u00e9server une chambre d'h\u00f4tel \u00e0 Saas Almagell | Hotel Olympia","isPartOf":{"@id":"https:\/\/hotel-olympia.ch\/fr\/#website"},"datePublished":"2021-12-22T12:52:22+00:00","dateModified":"2025-11-05T08:44:36+00:00","description":"Comme il s'agit d'un h\u00f4tel familial, vous d\u00e9couvrirez une touche particuli\u00e8rement personnelle. Nous garantissons le meilleur prix.","breadcrumb":{"@id":"https:\/\/hotel-olympia.ch\/fr\/booking\/#breadcrumb"},"inLanguage":"fr-FR","potentialAction":[{"@type":"ReadAction","target":["https:\/\/hotel-olympia.ch\/fr\/booking\/"]}]},{"@type":"BreadcrumbList","@id":"https:\/\/hotel-olympia.ch\/fr\/booking\/#breadcrumb","itemListElement":[{"@type":"ListItem","position":1,"name":"Startseite","item":"https:\/\/hotel-olympia.ch\/fr\/home\/"},{"@type":"ListItem","position":2,"name":"R\u00e9servation"}]},{"@type":"WebSite","@id":"https:\/\/hotel-olympia.ch\/fr\/#website","url":"https:\/\/hotel-olympia.ch\/fr\/","name":"Hotel Olympia Saas-Almagell, Switzerland","description":"","potentialAction":[{"@type":"SearchAction","target":{"@type":"EntryPoint","urlTemplate":"https:\/\/hotel-olympia.ch\/fr\/?s={search_term_string}"},"query-input":{"@type":"PropertyValueSpecification","valueRequired":true,"valueName":"search_term_string"}}],"inLanguage":"fr-FR"}]}},"_links":{"self":[{"href":"https:\/\/hotel-olympia.ch\/fr\/wp-json\/wp\/v2\/pages\/1405","targetHints":{"allow":["GET"]}}],"collection":[{"href":"https:\/\/hotel-olympia.ch\/fr\/wp-json\/wp\/v2\/pages"}],"about":[{"href":"https:\/\/hotel-olympia.ch\/fr\/wp-json\/wp\/v2\/types\/page"}],"author":[{"embeddable":true,"href":"https:\/\/hotel-olympia.ch\/fr\/wp-json\/wp\/v2\/users\/3"}],"replies":[{"embeddable":true,"href":"https:\/\/hotel-olympia.ch\/fr\/wp-json\/wp\/v2\/comments?post=1405"}],"version-history":[{"count":10,"href":"https:\/\/hotel-olympia.ch\/fr\/wp-json\/wp\/v2\/pages\/1405\/revisions"}],"predecessor-version":[{"id":2889,"href":"https:\/\/hotel-olympia.ch\/fr\/wp-json\/wp\/v2\/pages\/1405\/revisions\/2889"}],"wp:attachment":[{"href":"https:\/\/hotel-olympia.ch\/fr\/wp-json\/wp\/v2\/media?parent=1405"}],"curies":[{"name":"wp","href":"https:\/\/api.w.org\/{rel}","templated":true}]}}